{"id":58,"date":"2012-11-21T18:39:27","date_gmt":"2012-11-21T18:39:27","guid":{"rendered":"http:\/\/cai-autocaravanismo.pt\/?page_id=58"},"modified":"2022-09-27T15:01:57","modified_gmt":"2022-09-27T15:01:57","slug":"projeto-cai-solidario","status":"publish","type":"page","link":"https:\/\/cai-autocaravanismo.pt\/?page_id=58","title":{"rendered":"Projeto CAI Solid\u00e1rio"},"content":{"rendered":"<hr>\n<p><a href=\"http:\/\/cai-autocaravanismo.pt\/wp-content\/uploads\/2012\/11\/cai-solidario.jpg\"><img loading=\"lazy\" decoding=\"async\" class=\"wp-image-240 aligncenter\" title=\"cai-solidario\" alt=\"\" src=\"http:\/\/cai-autocaravanismo.pt\/wp-content\/uploads\/2012\/11\/cai-solidario.jpg\" width=\"299\" height=\"258\"><\/a><\/p>\n<div><span style=\"text-decoration:underline;\"><strong>Qual o objectivo do CAI Solid\u00e1rio?<\/strong><\/span><br \/>\nIdentificar uma entidade de benefic\u00eancia, indicada pela C\u00e2mara Municipal dos locais onde se realiza os eventos, que esteja com mais necessidade de ajuda de bens alimentares, roupas, brinquedos, artigos de beb\u00e9, entre outros.<br \/>\n<span style=\"font-size:0.95em; line-height:1.6em;\">Qualquer informa\u00e7\u00e3o adicional sobre este projecto pode ser pedida para o endere\u00e7o de e-mail:<\/span><span style=\"font-size:0.95em; line-height:1.6em;\"> <\/span><a style=\"font-size: 0.95em; line-height: 1.6em;\" href=\"mailto:cai.solidario@cai-autocaravanismo.pt\">cai.solidario@cai-autocaravanismo.pt<\/a><span style=\"font-size:0.95em; line-height:1.6em;\">.<\/span><\/p>\n<\/div>\n<hr>\n<p><strong>CAI Solid\u00e1rio em Vila de Rei<\/strong><br \/>\n[25 de Setembro de 2022]<\/p>\n<p>O CAI Solid\u00e1rio em Vila de Rei foi a favor da Funda\u00e7\u00e3o Garcia- apoio a pessoas com defici\u00eancia &#8211; que tem como val\u00eancias, o Centro de Actividades Ocupacionais e um Lar residencial em Vila de Rei. O mais necessitado era bens de mercearia, e assim o fizemos.<\/p>\n<p>Entre Leite, enlatados, bolachas, papas, etc, juntamos os bens.<\/p>\n<p>Tivemos ainda o privil\u00e9gio de receber alguns utentes que nos ofereceram uma mascote.<\/p>\n<p>Obrigada a todos que ajudaram a ajudar.<\/p>\n<p><img loading=\"lazy\" decoding=\"async\" class=\"alignnone size-full wp-image-1555\" src=\"http:\/\/cai-autocaravanismo.pt\/wp-content\/uploads\/2022\/09\/IMG_20220925_123445_715-scaled.jpg\" width=\"2560\" height=\"2560\" data-temp-aztec-id=\"91efe72e-82dc-4e01-90df-2c84544479c3\" srcset=\"https:\/\/cai-autocaravanismo.pt\/wp-content\/uploads\/2022\/09\/IMG_20220925_123445_715-scaled.jpg 2560w, https:\/\/cai-autocaravanismo.pt\/wp-content\/uploads\/2022\/09\/IMG_20220925_123445_715-300x300.jpg 300w, https:\/\/cai-autocaravanismo.pt\/wp-content\/uploads\/2022\/09\/IMG_20220925_123445_715-1024x1024.jpg 1024w, https:\/\/cai-autocaravanismo.pt\/wp-content\/uploads\/2022\/09\/IMG_20220925_123445_715-150x150.jpg 150w, https:\/\/cai-autocaravanismo.pt\/wp-content\/uploads\/2022\/09\/IMG_20220925_123445_715-768x768.jpg 768w, https:\/\/cai-autocaravanismo.pt\/wp-content\/uploads\/2022\/09\/IMG_20220925_123445_715-1536x1536.jpg 1536w, https:\/\/cai-autocaravanismo.pt\/wp-content\/uploads\/2022\/09\/IMG_20220925_123445_715-2048x2048.jpg 2048w\" sizes=\"auto, (max-width: 2560px) 100vw, 2560px\" \/><\/p>\n<p style=\"text-align:center;\"><img loading=\"lazy\" decoding=\"async\" class=\"alignnone size-full wp-image-1556\" src=\"http:\/\/cai-autocaravanismo.pt\/wp-content\/uploads\/2022\/09\/GridArt_20220927_155654853-scaled.jpg\" width=\"2560\" height=\"2560\" data-temp-aztec-id=\"6b875f89-5637-40ac-aad6-5da0fda005ae\" srcset=\"https:\/\/cai-autocaravanismo.pt\/wp-content\/uploads\/2022\/09\/GridArt_20220927_155654853-scaled.jpg 2560w, https:\/\/cai-autocaravanismo.pt\/wp-content\/uploads\/2022\/09\/GridArt_20220927_155654853-300x300.jpg 300w, https:\/\/cai-autocaravanismo.pt\/wp-content\/uploads\/2022\/09\/GridArt_20220927_155654853-1024x1024.jpg 1024w, https:\/\/cai-autocaravanismo.pt\/wp-content\/uploads\/2022\/09\/GridArt_20220927_155654853-150x150.jpg 150w, https:\/\/cai-autocaravanismo.pt\/wp-content\/uploads\/2022\/09\/GridArt_20220927_155654853-768x768.jpg 768w, https:\/\/cai-autocaravanismo.pt\/wp-content\/uploads\/2022\/09\/GridArt_20220927_155654853-1536x1536.jpg 1536w, https:\/\/cai-autocaravanismo.pt\/wp-content\/uploads\/2022\/09\/GridArt_20220927_155654853-2048x2048.jpg 2048w\" sizes=\"auto, (max-width: 2560px) 100vw, 2560px\" \/><\/p>\n<hr>\n<hr>\n<hr>\n<hr>\n<p>(Em breve actualizamos a p\u00e1gina com os outros CAI Solid\u00e1rios efectuados)<br \/>\n<span style=\"color:#ff6600;\"><strong>CAI Solid\u00e1rio em Penela<\/strong><\/span><\/p>\n<p>[ 26 de Abril de 2014 ]<\/p>\n<p style=\"text-align:center;\"><a href=\"http:\/\/cai-autocaravanismo.pt\/wp-content\/uploads\/2012\/11\/cai-solidario-face.png\"><img loading=\"lazy\" decoding=\"async\" class=\"aligncenter size-full wp-image-808\" alt=\"cai solidario face\" src=\"http:\/\/cai-autocaravanismo.pt\/wp-content\/uploads\/2012\/11\/cai-solidario-face.png\" width=\"480\" height=\"360\" srcset=\"https:\/\/cai-autocaravanismo.pt\/wp-content\/uploads\/2012\/11\/cai-solidario-face.png 480w, https:\/\/cai-autocaravanismo.pt\/wp-content\/uploads\/2012\/11\/cai-solidario-face-300x225.png 300w\" sizes=\"auto, (max-width: 480px) 100vw, 480px\" \/><\/a><\/p>\n<p style=\"text-align:center;\"><span style=\"color:#ff6600;\"><strong>CAI Solid\u00e1rio em Palmela<\/strong><\/span><\/p>\n<p style=\"text-align:center;\">[ 22 de Fevereiro de 2014 ]<\/p>\n<p style=\"text-align:center;\"><a href=\"http:\/\/cai-autocaravanismo.pt\/wp-content\/uploads\/2012\/11\/caisolidario.png\"><img loading=\"lazy\" decoding=\"async\" class=\"aligncenter size-full wp-image-685\" alt=\"caisolidario\" src=\"http:\/\/cai-autocaravanismo.pt\/wp-content\/uploads\/2012\/11\/caisolidario.png\" width=\"480\" height=\"360\" srcset=\"https:\/\/cai-autocaravanismo.pt\/wp-content\/uploads\/2012\/11\/caisolidario.png 480w, https:\/\/cai-autocaravanismo.pt\/wp-content\/uploads\/2012\/11\/caisolidario-300x225.png 300w\" sizes=\"auto, (max-width: 480px) 100vw, 480px\" \/><\/a><\/p>\n<p style=\"text-align:center;\"><span style=\"color:#ff6600;\"><strong><strong>O CAI Solid\u00e1rio em Coruche<\/strong><\/strong><\/span><\/p>\n<p style=\"text-align:center;\">[ 23 de Novembro de 2013 ]<\/p>\n<p style=\"text-align:center;\"><a href=\"http:\/\/cai-autocaravanismo.pt\/wp-content\/uploads\/2012\/11\/caisolidariocoruche1.png\"><img loading=\"lazy\" decoding=\"async\" class=\"aligncenter size-full wp-image-313\" title=\"caisolidariocoruche\" alt=\"\" src=\"http:\/\/cai-autocaravanismo.pt\/wp-content\/uploads\/2012\/11\/caisolidariocoruche1.png\" width=\"480\" height=\"360\" srcset=\"https:\/\/cai-autocaravanismo.pt\/wp-content\/uploads\/2012\/11\/caisolidariocoruche1.png 480w, https:\/\/cai-autocaravanismo.pt\/wp-content\/uploads\/2012\/11\/caisolidariocoruche1-300x225.png 300w\" sizes=\"auto, (max-width: 480px) 100vw, 480px\" \/><\/a><\/p>\n<p style=\"text-align:center;\"><span style=\"color:#ff6600;\"><strong><strong>O CAI Solid\u00e1rio na Goleg\u00e3<\/strong><\/strong><\/span><\/p>\n<p style=\"text-align:center;\">[ 12 de Outubro de 2013 ]<\/p>\n<p style=\"text-align:center;\"><a href=\"http:\/\/cai-autocaravanismo.pt\/wp-content\/uploads\/2012\/11\/CAI-solidario-goleg\u00e32.jpg\"><img loading=\"lazy\" decoding=\"async\" class=\"aligncenter size-full wp-image-315\" title=\"CAI solidario goleg\u00e3\" alt=\"\" src=\"http:\/\/cai-autocaravanismo.pt\/wp-content\/uploads\/2012\/11\/CAI-solidario-goleg\u00e32.jpg\" width=\"960\" height=\"683\" srcset=\"https:\/\/cai-autocaravanismo.pt\/wp-content\/uploads\/2012\/11\/CAI-solidario-goleg\u00e32.jpg 960w, https:\/\/cai-autocaravanismo.pt\/wp-content\/uploads\/2012\/11\/CAI-solidario-goleg\u00e32-300x213.jpg 300w\" sizes=\"auto, (max-width: 960px) 100vw, 960px\" \/><\/a><\/p>\n<p style=\"text-align:center;\"><span style=\"color:#ff6600;\"><strong><strong>O CAI Solid\u00e1rio em Estremoz<\/strong><\/strong><\/span><\/p>\n<p style=\"text-align:center;\">[ 07 de Junho de 2013 ]<\/p>\n<p style=\"text-align:center;\"><a href=\"http:\/\/cai-autocaravanismo.pt\/wp-content\/uploads\/2012\/11\/caisolidarioestremozz2.png\"><img loading=\"lazy\" decoding=\"async\" class=\"aligncenter size-full wp-image-316\" title=\"caisolidarioestremozz\" alt=\"\" src=\"http:\/\/cai-autocaravanismo.pt\/wp-content\/uploads\/2012\/11\/caisolidarioestremozz2.png\" width=\"480\" height=\"360\" srcset=\"https:\/\/cai-autocaravanismo.pt\/wp-content\/uploads\/2012\/11\/caisolidarioestremozz2.png 480w, https:\/\/cai-autocaravanismo.pt\/wp-content\/uploads\/2012\/11\/caisolidarioestremozz2-300x225.png 300w\" sizes=\"auto, (max-width: 480px) 100vw, 480px\" \/><\/a><\/p>\n<div>\n<p style=\"text-align:center;\"><span style=\"color:#993300;\"><strong>O CAI Solid\u00e1rio em Santiago do Cac\u00e9m<\/strong><\/span><\/p>\n<p style=\"text-align:center;\">[ 25 de fevereiro de 2012 ]<\/p>\n<p>O Clube de Autocaravanismo Itinerante, no \u00e2mbito do seu projeto CAI Solid\u00e1rio, entregou na CERCI de Santiago do Cac\u00e9m alguns mantimentos, fruto da generosidade de todos os autocaravanistas que participaram no 2\u00ba anivers\u00e1rio do CAI.<\/p>\n<p>A C\u00e2mara Municipal de Santiago do Cac\u00e9m, regista com apre\u00e7o a generosidade desta iniciativa felicitando todos os partipantes e as institui\u00e7\u00f5es envolvidas.<br \/>\nArtigos entregues:<\/p>\n<p>140 &#8211; Embalagens de leite<br \/>\n62 &#8211; Cereais, flocos e farinhas<br \/>\n39 &#8211; Bolos e outros<br \/>\n9 &#8211; Massas<br \/>\n11- Azeites<\/p>\n<p><a href=\"http:\/\/cai-autocaravanismo.pt\/wp-content\/uploads\/2012\/11\/cai-solidario-santiagocacem-25fev.jpg\"><img loading=\"lazy\" decoding=\"async\" class=\"aligncenter size-medium wp-image-242\" title=\"cai-solidario-santiagocacem-25fev\" alt=\"\" src=\"http:\/\/cai-autocaravanismo.pt\/wp-content\/uploads\/2012\/11\/cai-solidario-santiagocacem-25fev-300x225.jpg\" width=\"300\" height=\"225\" srcset=\"https:\/\/cai-autocaravanismo.pt\/wp-content\/uploads\/2012\/11\/cai-solidario-santiagocacem-25fev-300x225.jpg 300w, https:\/\/cai-autocaravanismo.pt\/wp-content\/uploads\/2012\/11\/cai-solidario-santiagocacem-25fev-700x525.jpg 700w, https:\/\/cai-autocaravanismo.pt\/wp-content\/uploads\/2012\/11\/cai-solidario-santiagocacem-25fev.jpg 800w\" sizes=\"auto, (max-width: 300px) 100vw, 300px\" \/><\/a><\/p>\n<p style=\"text-align:center;\"><span style=\"color:#993300;\"><strong>Promessa cumprida em Santiago do Cac\u00e9m<\/strong><\/span><\/p>\n<p style=\"text-align:center;\"> [ 7 de abril de 2012 ]<\/p>\n<div>Conforme tinha ficado prometido em Santiago do Cac\u00e9m, o valor recebido pela venda do quadro que foi pintado e leiloado durante o evento, foi utilizado para a compra de in\u00fameros bens de primeira necessidade que foram oferecidos \u00e0 CERCISIAGO.<br \/>\nEsta tarefa foi cumprida pelos s\u00f3cios que adquiriram o referido quadro, Ana Pressler e Rui Santo.<\/p>\n<p><a href=\"http:\/\/cai-autocaravanismo.pt\/wp-content\/uploads\/2012\/11\/cercisiago-mar2012-4.jpg\"><img loading=\"lazy\" decoding=\"async\" class=\"aligncenter size-medium wp-image-247\" title=\"cercisiago-mar2012-4\" alt=\"\" src=\"http:\/\/cai-autocaravanismo.pt\/wp-content\/uploads\/2012\/11\/cercisiago-mar2012-4-300x225.jpg\" width=\"300\" height=\"225\" srcset=\"https:\/\/cai-autocaravanismo.pt\/wp-content\/uploads\/2012\/11\/cercisiago-mar2012-4-300x225.jpg 300w, https:\/\/cai-autocaravanismo.pt\/wp-content\/uploads\/2012\/11\/cercisiago-mar2012-4-700x525.jpg 700w, https:\/\/cai-autocaravanismo.pt\/wp-content\/uploads\/2012\/11\/cercisiago-mar2012-4.jpg 800w\" sizes=\"auto, (max-width: 300px) 100vw, 300px\" \/><\/a><\/p>\n<p><a href=\"http:\/\/cai-autocaravanismo.pt\/wp-content\/uploads\/2012\/11\/cercisiago-mar2012-3.jpg\"><img loading=\"lazy\" decoding=\"async\" class=\"aligncenter size-medium wp-image-246\" title=\"cercisiago-mar2012-3\" alt=\"\" src=\"http:\/\/cai-autocaravanismo.pt\/wp-content\/uploads\/2012\/11\/cercisiago-mar2012-3-300x225.jpg\" width=\"300\" height=\"225\" srcset=\"https:\/\/cai-autocaravanismo.pt\/wp-content\/uploads\/2012\/11\/cercisiago-mar2012-3-300x225.jpg 300w, https:\/\/cai-autocaravanismo.pt\/wp-content\/uploads\/2012\/11\/cercisiago-mar2012-3-700x525.jpg 700w, https:\/\/cai-autocaravanismo.pt\/wp-content\/uploads\/2012\/11\/cercisiago-mar2012-3.jpg 800w\" sizes=\"auto, (max-width: 300px) 100vw, 300px\" \/><\/a><\/p>\n<p><a href=\"http:\/\/cai-autocaravanismo.pt\/wp-content\/uploads\/2012\/11\/cercisiago-mar2012-1.jpg\"><img loading=\"lazy\" decoding=\"async\" class=\"aligncenter size-medium wp-image-245\" title=\"cercisiago-mar2012-1\" alt=\"\" src=\"http:\/\/cai-autocaravanismo.pt\/wp-content\/uploads\/2012\/11\/cercisiago-mar2012-1-300x225.jpg\" width=\"300\" height=\"225\" srcset=\"https:\/\/cai-autocaravanismo.pt\/wp-content\/uploads\/2012\/11\/cercisiago-mar2012-1-300x225.jpg 300w, https:\/\/cai-autocaravanismo.pt\/wp-content\/uploads\/2012\/11\/cercisiago-mar2012-1-700x525.jpg 700w, https:\/\/cai-autocaravanismo.pt\/wp-content\/uploads\/2012\/11\/cercisiago-mar2012-1.jpg 800w\" sizes=\"auto, (max-width: 300px) 100vw, 300px\" \/><\/a><\/p>\n<p><a href=\"http:\/\/cai-autocaravanismo.pt\/wp-content\/uploads\/2012\/11\/cercisiago-mar2012-2.jpg\"><img loading=\"lazy\" decoding=\"async\" class=\"aligncenter size-medium wp-image-244\" title=\"cercisiago-mar2012-2\" alt=\"\" src=\"http:\/\/cai-autocaravanismo.pt\/wp-content\/uploads\/2012\/11\/cercisiago-mar2012-2-300x225.jpg\" width=\"300\" height=\"225\" srcset=\"https:\/\/cai-autocaravanismo.pt\/wp-content\/uploads\/2012\/11\/cercisiago-mar2012-2-300x225.jpg 300w, https:\/\/cai-autocaravanismo.pt\/wp-content\/uploads\/2012\/11\/cercisiago-mar2012-2-700x525.jpg 700w, https:\/\/cai-autocaravanismo.pt\/wp-content\/uploads\/2012\/11\/cercisiago-mar2012-2.jpg 800w\" sizes=\"auto, (max-width: 300px) 100vw, 300px\" \/><\/a><\/p>\n<div>\n<p style=\"text-align:center;\"><span style=\"color:#993300;\"><strong>O CAI Solid\u00e1rio em Ferreira do Z\u00eazere<\/strong><\/span><\/p>\n<p style=\"text-align:center;\">[ Passagem de Ano de 2011\/2012 ]<\/p>\n<p>A primeira a\u00e7\u00e3o deste projeto ocorreu aquando da passagem de ano do CAI, em Ferreira do Z\u00eazere, e a entidade escolhida foi a Loja Solid\u00e1ria da mesma localidade.<\/p>\n<p>Pens\u00e1mos em artigos que at\u00e9 podemos retirar das nossas dispensas, e procur\u00e1mos encontrar uma oferta diversificada.<\/p>\n<p>Os cabazes ficaram todos dentro do mesmo valor, cerca de 4,00\u20ac, e foram os seguintes:<\/p>\n<p style=\"text-align:center;\"> <strong>Cabaz n\u00ba. 1:<\/strong><br \/>\nAzeite, atum, salsichas, arroz, esparguete\u2026<\/p>\n<p style=\"text-align:center;\"> <strong>Cabaz n\u00ba. 2:<\/strong><br \/>\nA\u00e7\u00facar, papa, gelatina\u2026<\/p>\n<p style=\"text-align:center;\"> <strong>Cabaz n\u00ba. 3:<\/strong><br \/>\nNestum, cereais, feij\u00e3o e gr\u00e3o cozido\u2026.<\/p>\n<p style=\"text-align:center;\"> <strong>Cabaz n.\u00ba4:<\/strong><br \/>\nMassas pequenas para sopa, bolachas e uma embalagem de leite\u2026<\/p>\n<p>Consideramos que para uma 1.\u00aa vez o resultado foi excelente e os produtos em quantidade e variados.<\/p>\n<p><a href=\"http:\/\/cai-autocaravanismo.pt\/wp-content\/uploads\/2012\/11\/cai-solidario1-01jan12.jpg\"><img loading=\"lazy\" decoding=\"async\" class=\"aligncenter size-medium wp-image-253\" title=\"cai-solidario1-01jan12\" alt=\"\" src=\"http:\/\/cai-autocaravanismo.pt\/wp-content\/uploads\/2012\/11\/cai-solidario1-01jan12-300x225.jpg\" width=\"300\" height=\"225\" srcset=\"https:\/\/cai-autocaravanismo.pt\/wp-content\/uploads\/2012\/11\/cai-solidario1-01jan12-300x225.jpg 300w, https:\/\/cai-autocaravanismo.pt\/wp-content\/uploads\/2012\/11\/cai-solidario1-01jan12.jpg 600w\" sizes=\"auto, (max-width: 300px) 100vw, 300px\" \/><\/a><\/p>\n<p style=\"text-align:center;\">Em Ferreira do Z\u00eazere, foram recolhidos algumas dezenas de sacos de alimentos&#8230;<\/p>\n<p style=\"text-align:center;\"><a href=\"http:\/\/cai-autocaravanismo.pt\/wp-content\/uploads\/2012\/11\/cai-solidario2-01jan12.jpg\"><img loading=\"lazy\" decoding=\"async\" class=\"aligncenter size-medium wp-image-254\" title=\"cai-solidario2-01jan12\" alt=\"\" src=\"http:\/\/cai-autocaravanismo.pt\/wp-content\/uploads\/2012\/11\/cai-solidario2-01jan12-300x225.jpg\" width=\"300\" height=\"225\" srcset=\"https:\/\/cai-autocaravanismo.pt\/wp-content\/uploads\/2012\/11\/cai-solidario2-01jan12-300x225.jpg 300w, https:\/\/cai-autocaravanismo.pt\/wp-content\/uploads\/2012\/11\/cai-solidario2-01jan12.jpg 600w\" sizes=\"auto, (max-width: 300px) 100vw, 300px\" \/><\/a><\/p>\n<p style=\"text-align:center;\">&#8230;que foram entregues no dia 1 de janeiro ao sr. vice-Presidente da C\u00e2mara Municipal.<\/p>\n<\/div>\n<\/div>\n<\/div>\n","protected":false},"excerpt":{"rendered":"<p>Qual o objectivo do CAI Solid\u00e1rio? Identificar uma entidade de benefic\u00eancia, indicada pela C\u00e2mara Municipal dos locais onde se realiza os eventos, que esteja com mais necessidade de ajuda de bens alimentares, roupas, brinquedos, artigos de beb\u00e9, entre outros. Qualquer informa\u00e7\u00e3o adicional sobre este projecto pode ser pedida para o endere\u00e7o de e-mail: cai.solidario@cai-autocaravanismo.pt. CAI &hellip; <a href=\"https:\/\/cai-autocaravanismo.pt\/?page_id=58\" class=\"more-link\">Continuar a ler <span class=\"screen-reader-text\">Projeto CAI Solid\u00e1rio<\/span><\/a><\/p>\n","protected":false},"author":1,"featured_media":0,"parent":10,"menu_order":2,"comment_status":"closed","ping_status":"closed","template":"","meta":{"footnotes":""},"class_list":["post-58","page","type-page","status-publish","hentry"],"_links":{"self":[{"href":"https:\/\/cai-autocaravanismo.pt\/index.php?rest_route=\/wp\/v2\/pages\/58","targetHints":{"allow":["GET"]}}],"collection":[{"href":"https:\/\/cai-autocaravanismo.pt\/index.php?rest_route=\/wp\/v2\/pages"}],"about":[{"href":"https:\/\/cai-autocaravanismo.pt\/index.php?rest_route=\/wp\/v2\/types\/page"}],"author":[{"embeddable":true,"href":"https:\/\/cai-autocaravanismo.pt\/index.php?rest_route=\/wp\/v2\/users\/1"}],"replies":[{"embeddable":true,"href":"https:\/\/cai-autocaravanismo.pt\/index.php?rest_route=%2Fwp%2Fv2%2Fcomments&post=58"}],"version-history":[{"count":24,"href":"https:\/\/cai-autocaravanismo.pt\/index.php?rest_route=\/wp\/v2\/pages\/58\/revisions"}],"predecessor-version":[{"id":1558,"href":"https:\/\/cai-autocaravanismo.pt\/index.php?rest_route=\/wp\/v2\/pages\/58\/revisions\/1558"}],"up":[{"embeddable":true,"href":"https:\/\/cai-autocaravanismo.pt\/index.php?rest_route=\/wp\/v2\/pages\/10"}],"wp:attachment":[{"href":"https:\/\/cai-autocaravanismo.pt\/index.php?rest_route=%2Fwp%2Fv2%2Fmedia&parent=58"}],"curies":[{"name":"wp","href":"https:\/\/api.w.org\/{rel}","templated":true}]}}