{"id":560,"date":"2014-02-14T11:18:39","date_gmt":"2014-02-14T11:18:39","guid":{"rendered":"http:\/\/cai-autocaravanismo.pt\/?page_id=560"},"modified":"2022-08-20T13:57:40","modified_gmt":"2022-08-20T13:57:40","slug":"restauracao","status":"publish","type":"page","link":"https:\/\/cai-autocaravanismo.pt\/?page_id=560","title":{"rendered":"Restaura\u00e7\u00e3o"},"content":{"rendered":"<p><a href=\"http:\/\/cai-autocaravanismo.pt\/wp-content\/uploads\/2014\/02\/Farnel.jpg\"><img loading=\"lazy\" decoding=\"async\" class=\"alignleft size-thumbnail wp-image-562\" title=\"Farnel\" src=\"http:\/\/cai-autocaravanismo.pt\/wp-content\/uploads\/2014\/02\/Farnel-150x150.jpg\" alt=\"\" width=\"150\" height=\"150\" srcset=\"https:\/\/cai-autocaravanismo.pt\/wp-content\/uploads\/2014\/02\/Farnel-150x150.jpg 150w, https:\/\/cai-autocaravanismo.pt\/wp-content\/uploads\/2014\/02\/Farnel-75x75.jpg 75w\" sizes=\"auto, (max-width: 150px) 100vw, 150px\" \/><\/a><\/p>\n<p><strong>Resturante O Farnel de Jo\u00e3o dos Santos Peseiro e Herd. &#8211; Rua Vasconcelos Porto &#8211; Coruche<\/strong><\/p>\n<p>No Restaurante O Farnel encontra a Gastronomia Ribatejana.&nbsp;Mediante a apresenta\u00e7\u00e3o do cart\u00e3o de s\u00f3cio&nbsp;Desconto de<strong>&nbsp;10%<\/strong>&nbsp;no total da conta. Visite-nos!<\/p>\n<p>Email: restaurantefarnel@sapo.pt<\/p>\n<p>Facebook:&nbsp;<a href=\"https:\/\/www.facebook.com\/restaurante.o.farnel.coruche?fref=ts\">https:\/\/www.facebook.com\/restaurante.o.farnel.coruche?fref=ts<\/a><\/p>\n<p>Site:<a href=\"http:\/\/quintadomontedabarca.com\/\">http:\/\/quintadomontedabarca.com\/<\/a><\/p>\n<p>Telefone: 243675436 &nbsp; &nbsp;Telem\u00f3vel: 933534945<\/p>\n","protected":false},"excerpt":{"rendered":"<p>Resturante O Farnel de Jo\u00e3o dos Santos Peseiro e Herd. &#8211; Rua Vasconcelos Porto &#8211; Coruche No Restaurante O Farnel encontra a Gastronomia Ribatejana.&nbsp;Mediante a apresenta\u00e7\u00e3o do cart\u00e3o de s\u00f3cio&nbsp;Desconto de&nbsp;10%&nbsp;no total da conta. Visite-nos! Email: restaurantefarnel@sapo.pt Facebook:&nbsp;https:\/\/www.facebook.com\/restaurante.o.farnel.coruche?fref=ts Site:http:\/\/quintadomontedabarca.com\/ Telefone: 243675436 &nbsp; &nbsp;Telem\u00f3vel: 933534945<\/p>\n","protected":false},"author":1,"featured_media":0,"parent":40,"menu_order":4,"comment_status":"closed","ping_status":"open","template":"template-fullwidth.php","meta":{"footnotes":""},"class_list":["post-560","page","type-page","status-publish","hentry"],"_links":{"self":[{"href":"https:\/\/cai-autocaravanismo.pt\/index.php?rest_route=\/wp\/v2\/pages\/560","targetHints":{"allow":["GET"]}}],"collection":[{"href":"https:\/\/cai-autocaravanismo.pt\/index.php?rest_route=\/wp\/v2\/pages"}],"about":[{"href":"https:\/\/cai-autocaravanismo.pt\/index.php?rest_route=\/wp\/v2\/types\/page"}],"author":[{"embeddable":true,"href":"https:\/\/cai-autocaravanismo.pt\/index.php?rest_route=\/wp\/v2\/users\/1"}],"replies":[{"embeddable":true,"href":"https:\/\/cai-autocaravanismo.pt\/index.php?rest_route=%2Fwp%2Fv2%2Fcomments&post=560"}],"version-history":[{"count":6,"href":"https:\/\/cai-autocaravanismo.pt\/index.php?rest_route=\/wp\/v2\/pages\/560\/revisions"}],"predecessor-version":[{"id":1548,"href":"https:\/\/cai-autocaravanismo.pt\/index.php?rest_route=\/wp\/v2\/pages\/560\/revisions\/1548"}],"up":[{"embeddable":true,"href":"https:\/\/cai-autocaravanismo.pt\/index.php?rest_route=\/wp\/v2\/pages\/40"}],"wp:attachment":[{"href":"https:\/\/cai-autocaravanismo.pt\/index.php?rest_route=%2Fwp%2Fv2%2Fmedia&parent=560"}],"curies":[{"name":"wp","href":"https:\/\/api.w.org\/{rel}","templated":true}]}}