{"id":56,"date":"2012-11-21T18:39:10","date_gmt":"2012-11-21T18:39:10","guid":{"rendered":"http:\/\/cai-autocaravanismo.pt\/?page_id=56"},"modified":"2014-05-07T09:58:29","modified_gmt":"2014-05-07T09:58:29","slug":"cai-escolinhas","status":"publish","type":"page","link":"https:\/\/cai-autocaravanismo.pt\/?page_id=56","title":{"rendered":"Projeto CAI Escolinhas"},"content":{"rendered":"<p style=\"text-align: center;\"><a href=\"http:\/\/cai-autocaravanismo.pt\/wp-content\/uploads\/2012\/11\/cai-escolinhas.jpg\"><img loading=\"lazy\" decoding=\"async\" class=\"size-medium wp-image-162 aligncenter\" title=\"CAI Escolinhas\" alt=\"CAI Escolinhas\" src=\"http:\/\/cai-autocaravanismo.pt\/wp-content\/uploads\/2012\/11\/cai-escolinhas-211x300.jpg\" width=\"211\" height=\"300\" srcset=\"https:\/\/cai-autocaravanismo.pt\/wp-content\/uploads\/2012\/11\/cai-escolinhas-211x300.jpg 211w, https:\/\/cai-autocaravanismo.pt\/wp-content\/uploads\/2012\/11\/cai-escolinhas.jpg 299w\" sizes=\"auto, (max-width: 211px) 100vw, 211px\" \/><\/a><\/p>\n<p><span style=\"color: #ff6600;\"><strong><span style=\"text-decoration: underline;\">Qual o objectivo do CAI Escolinhas?<\/span> <\/strong><\/span><br \/>\nEsclarecer as crian\u00e7as de hoje para que possam ensinar os pais e av\u00f3s e ainda para que, amanh\u00e3, possam vir a ser autocaravanistas conscientes!<\/p>\n<p><span style=\"font-size: 0.95em; line-height: 1.6em;\">Se conhece uma escola que queira receber esta iniciativa do CAI por favor contate-nos para o endere\u00e7o <\/span><a style=\"font-size: 0.95em; line-height: 1.6em;\" href=\"mailto:cai.escolinhas@cai-autocaravanismo.pt\">cai.escolinhas@cai-autocaravanismo.pt<\/a><span style=\"font-size: 0.95em; line-height: 1.6em;\">.<\/span><\/p>\n<p>&nbsp;<\/p>\n<p><strong>No dia 21 de Abril de 2014 fomos at\u00e9 ao CEBI, em Alverca.<\/strong><\/p>\n<p>Mais um evento do CAI Escolinhas desta vez no CEBI de Alverca no passado dia 21 de Abril, este contacto foi feito pela nossa s\u00f3cia Isabel Oliveira.<\/p>\n<p><a href=\"http:\/\/cai-autocaravanismo.pt\/wp-content\/uploads\/2012\/11\/IMG_1823.jpg\"><img loading=\"lazy\" decoding=\"async\" class=\"aligncenter size-full wp-image-817\" alt=\"IMG_1823\" src=\"http:\/\/cai-autocaravanismo.pt\/wp-content\/uploads\/2012\/11\/IMG_1823.jpg\" width=\"4752\" height=\"3168\" srcset=\"https:\/\/cai-autocaravanismo.pt\/wp-content\/uploads\/2012\/11\/IMG_1823.jpg 4752w, https:\/\/cai-autocaravanismo.pt\/wp-content\/uploads\/2012\/11\/IMG_1823-300x200.jpg 300w, https:\/\/cai-autocaravanismo.pt\/wp-content\/uploads\/2012\/11\/IMG_1823-1024x682.jpg 1024w\" sizes=\"auto, (max-width: 4752px) 100vw, 4752px\" \/><\/a><\/p>\n<p>Foi deveras gratificante verificar que 400 jovens de v\u00e1rias idades terem tantas perguntas para nos fazer, e tanto interesse demonstrado de ver como funciona uma autocaravana por dentro.<\/p>\n<p><a href=\"http:\/\/cai-autocaravanismo.pt\/wp-content\/uploads\/2012\/11\/IMG_1812.jpg\"><img loading=\"lazy\" decoding=\"async\" class=\"aligncenter size-full wp-image-818\" alt=\"IMG_1812\" src=\"http:\/\/cai-autocaravanismo.pt\/wp-content\/uploads\/2012\/11\/IMG_1812.jpg\" width=\"4752\" height=\"3168\" srcset=\"https:\/\/cai-autocaravanismo.pt\/wp-content\/uploads\/2012\/11\/IMG_1812.jpg 4752w, https:\/\/cai-autocaravanismo.pt\/wp-content\/uploads\/2012\/11\/IMG_1812-300x200.jpg 300w, https:\/\/cai-autocaravanismo.pt\/wp-content\/uploads\/2012\/11\/IMG_1812-1024x682.jpg 1024w\" sizes=\"auto, (max-width: 4752px) 100vw, 4752px\" \/><\/a><\/p>\n<p>Foi com muito orgulho que mais uma vez o CAI esclareceu estes jovens que de certo amanha ser\u00e3o homens e mulheres com uma consci\u00eancia aberta para poderem preservar a natureza.<\/p>\n<p><a href=\"http:\/\/cai-autocaravanismo.pt\/wp-content\/uploads\/2012\/11\/IMG_1820.jpg\"><img loading=\"lazy\" decoding=\"async\" class=\"aligncenter size-full wp-image-819\" alt=\"IMG_1820\" src=\"http:\/\/cai-autocaravanismo.pt\/wp-content\/uploads\/2012\/11\/IMG_1820.jpg\" width=\"4752\" height=\"3168\" srcset=\"https:\/\/cai-autocaravanismo.pt\/wp-content\/uploads\/2012\/11\/IMG_1820.jpg 4752w, https:\/\/cai-autocaravanismo.pt\/wp-content\/uploads\/2012\/11\/IMG_1820-300x200.jpg 300w, https:\/\/cai-autocaravanismo.pt\/wp-content\/uploads\/2012\/11\/IMG_1820-1024x682.jpg 1024w\" sizes=\"auto, (max-width: 4752px) 100vw, 4752px\" \/><\/a><\/p>\n<p>Aos s\u00f3cios Daniel Beja, Liliana Marques, Jo\u00e3o e Milu Gon\u00e7alves, e Maria Oliveira nosso muito obrigado, pela ajuda.<\/p>\n<p>Mais fotos <a href=\"https:\/\/www.facebook.com\/cai.clubeautocaravanistaitinerante\/media_set?set=a.626924844048245.1073741840.100001922068496&amp;type=3\">aqui<\/a>.<\/p>\n<p>&nbsp;<\/p>\n<p><strong>No dia 17 de Fevereiro de 2014 fomos at\u00e9 \u00e0 Escola secund\u00e1ria de Carcavelos.<\/strong><\/p>\n<p>L\u00e1 fomos n\u00f3s, representados pela Lurdes Gon\u00e7alves, Jo\u00e3o Gon\u00e7alves e Daniel Beja, at\u00e9 Carcavelos apresentar mais uma vez o projecto CAI Escolinhas, um especial obrigado a eles pelo trabalho efectuado.<\/p>\n<p><a href=\"http:\/\/cai-autocaravanismo.pt\/wp-content\/uploads\/2012\/11\/DSCF0799.jpg\"><img loading=\"lazy\" decoding=\"async\" class=\"size-thumbnail wp-image-565 alignleft\" title=\"DSCF0799\" alt=\"\" src=\"http:\/\/cai-autocaravanismo.pt\/wp-content\/uploads\/2012\/11\/DSCF0799-150x150.jpg\" width=\"150\" height=\"150\" srcset=\"https:\/\/cai-autocaravanismo.pt\/wp-content\/uploads\/2012\/11\/DSCF0799-150x150.jpg 150w, https:\/\/cai-autocaravanismo.pt\/wp-content\/uploads\/2012\/11\/DSCF0799-225x225.jpg 225w, https:\/\/cai-autocaravanismo.pt\/wp-content\/uploads\/2012\/11\/DSCF0799-75x75.jpg 75w\" sizes=\"auto, (max-width: 150px) 100vw, 150px\" \/><\/a><\/p>\n<p>Estivemos nesta escola, pois a companheira Salom\u00e9 Dias contactou-nos para que fossemos apresentar o nosso projecto. Um obrigado a ela, \u00e0 professora Marta Loureiro, \u00e0 escola secund\u00e1ria de Carcavelos, e aos alunos que estiveram presentes.<\/p>\n<p>Foi muito gratificante receber estes jovens que tinham entre 10 e 11 anos, e ver o interesse deles em toda a explica\u00e7\u00e3o, desta forma sentimos que esclarecemos os jovens de hoje que podem ser os autocaravanistas respons\u00e1veis de amanh\u00e3. O projecto foi apresentado a uma turma, mas toda a escola se mostrou interessada em saber o que estava a acontecer.<\/p>\n<p><a href=\"http:\/\/cai-autocaravanismo.pt\/wp-content\/uploads\/2012\/11\/DSCF08021.jpg\"><img loading=\"lazy\" decoding=\"async\" class=\"alignright size-medium wp-image-568\" title=\"DSCF0802\" alt=\"\" src=\"http:\/\/cai-autocaravanismo.pt\/wp-content\/uploads\/2012\/11\/DSCF08021-300x225.jpg\" width=\"300\" height=\"225\" srcset=\"https:\/\/cai-autocaravanismo.pt\/wp-content\/uploads\/2012\/11\/DSCF08021-300x225.jpg 300w, https:\/\/cai-autocaravanismo.pt\/wp-content\/uploads\/2012\/11\/DSCF08021-1024x768.jpg 1024w, https:\/\/cai-autocaravanismo.pt\/wp-content\/uploads\/2012\/11\/DSCF08021.jpg 2048w\" sizes=\"auto, (max-width: 300px) 100vw, 300px\" \/><\/a><\/p>\n<p>Retirando das palavras da Professora Marta Loureiro, &#8220;os elementos do CAI dinamizaram a nossa aula, que foi diferente e muito entusiasmante, at\u00e9 para os restantes alunos da escola&#8221;.<\/p>\n<p>Foram entregues panfletos, \u00e0 professora sobre o\u00a0CAI Escolinhas que cont\u00eam o que \u00e9 o Autocaravanismo, o que \u00e9 projecto, e as regras fundamentais do Autocaravanismo, esses panfletos t\u00eam como objectivo chegar aos pais. Ficaram panfletos n\u00e3o s\u00f3 para os alunos que participaram mas tamb\u00e9m para serem entregues a outras turmas.<a href=\"http:\/\/cai-autocaravanismo.pt\/wp-content\/uploads\/2012\/11\/DSCF0801.jpg\"><img loading=\"lazy\" decoding=\"async\" class=\"aligncenter size-large wp-image-567\" title=\"DSCF0801\" alt=\"\" src=\"http:\/\/cai-autocaravanismo.pt\/wp-content\/uploads\/2012\/11\/DSCF0801-1024x768.jpg\" width=\"1024\" height=\"768\" srcset=\"https:\/\/cai-autocaravanismo.pt\/wp-content\/uploads\/2012\/11\/DSCF0801-1024x768.jpg 1024w, https:\/\/cai-autocaravanismo.pt\/wp-content\/uploads\/2012\/11\/DSCF0801-300x225.jpg 300w, https:\/\/cai-autocaravanismo.pt\/wp-content\/uploads\/2012\/11\/DSCF0801.jpg 2048w\" sizes=\"auto, (max-width: 1024px) 100vw, 1024px\" \/><\/a><\/p>\n<p>Continuamos o nosso projecto para a divulga\u00e7\u00e3o do Autocaravanismo.<br \/>\nEsta \u00e9 uma actividade que queremos manter viva.<\/p>\n<p>&nbsp;<\/p>\n<p>&nbsp;<\/p>\n<p>&nbsp;<\/p>\n<p>&nbsp;<\/p>\n<p align=\"center\"><strong>Retom\u00e1mos o projecto CAI Escolinhas, no dia 4\u00a0<\/strong><strong style=\"font-size: 0.95em; line-height: 1.6em;\">de Dezembro de 2013.<\/strong><\/p>\n<p>O projecto CAI Escolinhas tem como objectivo esclarecer as crian\u00e7as hoje para que possam ensinar os pais e os av\u00f3s e ainda para que, amanh\u00e3, possam vir a ser autocaravanistas conscientes!<br \/>\nUm especial obrigado ao Sr. Lu\u00eds Sousa que contactou o CAI para que hoje pud\u00e9ssemos ir apresentar o nosso projecto, ao Jardim de Inf\u00e2ncia T\u00e3o Balal\u00e3o, e suas educadoras por terem estado presentes na demonstra\u00e7\u00e3o.<\/p>\n<p><img loading=\"lazy\" decoding=\"async\" class=\"alignright size-medium wp-image-298\" title=\"IMG_8017\" alt=\"\" src=\"http:\/\/cai-autocaravanismo.pt\/wp-content\/uploads\/2012\/11\/IMG_8017-300x200.jpg\" width=\"300\" height=\"200\" srcset=\"https:\/\/cai-autocaravanismo.pt\/wp-content\/uploads\/2012\/11\/IMG_8017-300x200.jpg 300w, https:\/\/cai-autocaravanismo.pt\/wp-content\/uploads\/2012\/11\/IMG_8017.jpg 604w\" sizes=\"auto, (max-width: 300px) 100vw, 300px\" \/><\/p>\n<p>&nbsp;<\/p>\n<p>E aos participantes que fizeram a demonstra\u00e7\u00e3o, Lurdes Gon\u00e7alves, Maria Isabel Oliveira, Daniel Beja, Victor Silva e Fernanda Silva, n\u00e3o esquecendo os amiguinhos de quatro patas o Bingo (c\u00e3ozinho da fam\u00edlia Silva) e Cam\u00f5es (coelhinha da fam\u00edlia Beja).<\/p>\n<p><img loading=\"lazy\" decoding=\"async\" class=\"alignleft size-medium wp-image-297\" title=\"DSCF0049\" alt=\"\" src=\"http:\/\/cai-autocaravanismo.pt\/wp-content\/uploads\/2012\/11\/DSCF0049-300x224.jpg\" width=\"300\" height=\"224\" srcset=\"https:\/\/cai-autocaravanismo.pt\/wp-content\/uploads\/2012\/11\/DSCF0049-300x224.jpg 300w, https:\/\/cai-autocaravanismo.pt\/wp-content\/uploads\/2012\/11\/DSCF0049.jpg 595w\" sizes=\"auto, (max-width: 300px) 100vw, 300px\" \/><\/p>\n<p>&nbsp;<\/p>\n<p>&nbsp;<\/p>\n<p><span style=\"font-size: 0.95em; line-height: 1.6em;\">Come\u00e7aram a chegar grupos de 14 crian\u00e7as, acompanhados das suas educadoras (que no total foram 5 grupos), devido \u00e0 idade que tinham entre 2 e 4 anos, foi iniciada a visita\u00a0\u00a0\u201c \u00e0 casa com rodas\u201d, onde se explicou para que servia uma autocaravana, o que continha, e como funcionava.<\/span><\/p>\n<p><span style=\"font-size: 0.95em; line-height: 1.6em;\">\u00a0Foi entregue \u00e0s educadoras o panfleto sobre o\u00a0CAI Escolinhas que cont\u00eam o que \u00e9 o Autocaravanismo, o que \u00e9 projecto, e as regras fundamentais do Autocaravanismo, esses panfletos t\u00eam como objectivo chegar aos pais.\u00a0<\/span><\/p>\n<p><img loading=\"lazy\" decoding=\"async\" class=\"wp-image-301 alignleft\" title=\"IMG_3805\" alt=\"\" src=\"http:\/\/cai-autocaravanismo.pt\/wp-content\/uploads\/2012\/11\/IMG_38051-300x199.jpg\" width=\"300\" height=\"199\" srcset=\"https:\/\/cai-autocaravanismo.pt\/wp-content\/uploads\/2012\/11\/IMG_38051-300x199.jpg 300w, https:\/\/cai-autocaravanismo.pt\/wp-content\/uploads\/2012\/11\/IMG_38051.jpg 605w\" sizes=\"auto, (max-width: 300px) 100vw, 300px\" \/><\/p>\n<p>&nbsp;<\/p>\n<p>&nbsp;<\/p>\n<p>Foi ainda no final, e digamos que foi uma das partes que mais gostaram, feita a distribui\u00e7\u00e3o de uma guloseima a cada crian\u00e7a.<\/p>\n<div>\n<div><a href=\"http:\/\/cai-autocaravanismo.pt\/wp-content\/uploads\/2012\/11\/DSCF00571.jpg\"><img loading=\"lazy\" decoding=\"async\" class=\"size-medium wp-image-302 alignright\" title=\"DSCF0057\" alt=\"\" src=\"http:\/\/cai-autocaravanismo.pt\/wp-content\/uploads\/2012\/11\/DSCF00571-300x225.jpg\" width=\"300\" height=\"225\" srcset=\"https:\/\/cai-autocaravanismo.pt\/wp-content\/uploads\/2012\/11\/DSCF00571-300x225.jpg 300w, https:\/\/cai-autocaravanismo.pt\/wp-content\/uploads\/2012\/11\/DSCF00571.jpg 537w\" sizes=\"auto, (max-width: 300px) 100vw, 300px\" \/><\/a><\/div>\n<div>\n<p><span style=\"font-size: 0.95em; line-height: 1.6em;\">\u00a0<\/span><\/p>\n<p>&nbsp;<\/p>\n<p>&nbsp;<\/p>\n<p>&nbsp;<\/p>\n<p>&nbsp;<\/p>\n<p>&nbsp;<\/p>\n<p>Esta \u00e9 uma actividade que queremos manter viva.<\/p>\n<p>&nbsp;<\/p>\n<p>Mais fotografias <a href=\"https:\/\/www.facebook.com\/photo.php?fbid=557822397625157&amp;set=a.557822387625158.1073741831.100001922068496&amp;type=3&amp;theater\">aqui<\/a>!<\/p>\n<p style=\"text-align: center;\"><strong style=\"font-size: 0.95em; line-height: 1.6em;\">Feira do Livro de Reguengos<\/strong><\/p>\n<p style=\"text-align: center;\">[ 19 de mar\u00e7o de 2012 ]<\/p>\n<p>Foi conversado sobre o assunto na ultima AG. Assim do nada surgiu a oportunidade perfeita: a Feira do Livro em Reguengos de Monsaraz. Um recado enviado ao Presidente da Camara e n\u00e3o \u00e9 que ele lan\u00e7a a noticia logo na pagina do Facebook? S\u00f3 nos deu tempo de acabar a inaugura\u00e7\u00e3o em Castelo de Vide, reabastecer as autocaravanas e voar baixinho at\u00e9 Reguengos, pois tinhamos um compromisso com crian\u00e7as pelas 10h da manh\u00e3. Assim fizemos!<\/p>\n<p>10 da manh\u00e3 e as nossas autocaravanas estacionadas em plena Pra\u00e7a da Republica (com a permiss\u00e3o da GNR, claro) no meio do jardim. Imagem linda de se ver! Fazia parar os mais curiosos.<\/p>\n<p>Come\u00e7aram ent\u00e3o as crian\u00e7as a surgir de todos os cantos, em grupos muito alinhadinhos e muito curiosos. Primeiro uma pequena explica\u00e7\u00e3o do que \u00e9 uma autocaravana, para que serve, o que tem dentro, como funciona a nivel de dep\u00f3sitos, de energia, etc. De seguida, a visita \u00e0s autocaravanas, com observa\u00e7\u00f5es de admira\u00e7\u00e3o, espanto e pura alegria. Tarefa simples, muito divertida e bem mais f\u00e1cil do que pens\u00e1vamos.<\/p>\n<p>Os participantes foram: Vitor Silva, Fernanda Silva, Jo\u00e3o S\u00e1, Vidalia, Rodrigo, Rui Santo e Ana Pressler. Ah, j\u00e1 me \u00eda esquecendo dos nossos amiguinhos de 4 patas que tamb\u00e9m foram a alegria de muita da pequenada: Bingo, Puppy e Milady!<\/p>\n<p>Venha a pr\u00f3xima, assim haja sa\u00fade e tempo.<\/p>\n<p>Aqui fica o \u00e1lbum fotogr\u00e1fico: <a href=\"https:\/\/picasaweb.google.com\/117406277981047022939\/CaiEscolinhas?authkey=Gv1sRgCK3lkt7G1vKt4gE\">https:\/\/picasaweb.google.com\/117406277981047022939\/CaiEscolinhas?authkey=Gv1sRgCK3lkt7G1vKt4gE<\/a>#<\/p>\n<p>&nbsp;<\/p>\n<p style=\"text-align: center;\"><strong>Col\u00e9gio dos Salesianos em \u00c9vora<\/strong><\/p>\n<p style=\"text-align: center;\">[ 21 de mar\u00e7o de 2012 ]<\/p>\n<p>O <strong>CAI Escolinhas<\/strong>, iniciativa do Clube Autocaravanista Itinerante, chegou \u00e0 semana da comunidade no Col\u00e9gio dos Salesianos em \u00c9vora.<\/p>\n<p><img loading=\"lazy\" decoding=\"async\" class=\"aligncenter size-medium wp-image-198\" title=\"cai-escolinhas-evora-21mar2012-1\" alt=\"\" src=\"http:\/\/cai-autocaravanismo.pt\/wp-content\/uploads\/2012\/11\/cai-escolinhas-evora-21mar2012-1-300x168.jpg\" width=\"300\" height=\"168\" srcset=\"https:\/\/cai-autocaravanismo.pt\/wp-content\/uploads\/2012\/11\/cai-escolinhas-evora-21mar2012-1-300x168.jpg 300w, https:\/\/cai-autocaravanismo.pt\/wp-content\/uploads\/2012\/11\/cai-escolinhas-evora-21mar2012-1.jpg 320w\" sizes=\"auto, (max-width: 300px) 100vw, 300px\" \/>As turmas dos mais pequenos tiveram oportunidade de conhecer por dentro este tipo de ve\u00edculo para turismo itinerante e tudo quiseram saber, desde como funciona o chuveiro, como se tem electricidade para ver os desenhos animados na televis\u00e3o, enfim, um sem n\u00famero de pormenores que fizeram passar a manh\u00e3 a correr e a despedida ser sempre um momento frustrante por haver tanto a dizer e a fazer, com t\u00e3o curioso audit\u00f3rio.<\/p>\n<p style=\"text-align: center;\"><a href=\"http:\/\/cai-autocaravanismo.pt\/wp-content\/uploads\/2012\/11\/cai-escolinhas-evora-21mar2012-22.jpg\"><img loading=\"lazy\" decoding=\"async\" class=\"aligncenter size-medium wp-image-202\" title=\"cai-escolinhas-evora-21mar2012-2\" alt=\"\" src=\"http:\/\/cai-autocaravanismo.pt\/wp-content\/uploads\/2012\/11\/cai-escolinhas-evora-21mar2012-22-300x168.jpg\" width=\"300\" height=\"168\" srcset=\"https:\/\/cai-autocaravanismo.pt\/wp-content\/uploads\/2012\/11\/cai-escolinhas-evora-21mar2012-22-300x168.jpg 300w, https:\/\/cai-autocaravanismo.pt\/wp-content\/uploads\/2012\/11\/cai-escolinhas-evora-21mar2012-22.jpg 320w\" sizes=\"auto, (max-width: 300px) 100vw, 300px\" \/><\/a><\/p>\n<p>Mais uma manh\u00e3 bem passada com as clases da pr\u00e9-prim\u00e1ria aqui em \u00c9vora numa semana dedicada ao Pai e \u00e1 comunidade e onde fomos convidados a participar.<\/p>\n<p>&nbsp;<\/p>\n<p style=\"text-align: center;\"><strong>Funda\u00e7\u00e3o CEBI de Alverca do Ribatejo<\/strong><\/p>\n<p style=\"text-align: center;\">[ 27 de mar\u00e7o de 2012 ]<\/p>\n<p>Decorreu esta manh\u00e3 na Funda\u00e7\u00e3o CEBI em Alverca do Ribatejo a 3\u00aa ac\u00e7\u00e3o do CAIEscolinhas dirigido \u00e0s crian\u00e7as da 1.\u00aa e da 2.\u00aa classe.<\/p>\n<p>A sala do auditorio ficou cheia com a pequenada que se sentou muito quietinha para ver os videos da Mariana a explicar o que \u00e9 uma autocaravana, para que serve, como se faz para despejar as \u00e1guas cinzentas, lavar as cassettes ou de onde vem a electricidade.<\/p>\n<p>Os videos&#8230; foram intercalados de perguntas e explica\u00e7\u00f5es!<\/p>\n<p>Quando chegou ao video feito pelo Luis Almeida, foi excelente escut\u00e1-los a cantar acompanhando a m\u00fasica: &#8220;para-para-paradise&#8230;&#8221; ohohoh&#8230;<\/p>\n<p>Desta vez na sala havia meninos que j\u00e1 viajaram em autocaravana: porque os pais t\u00eam uma ou porque primos e tios t\u00eam uma! Inclusiv\u00e9 ouvimos uma defini\u00e7\u00e3o do autocaravanismo excelente, dita por algu\u00e9m com 7 anos, repetindo sabiamente o que a m\u00e3e lhe ensinou: \u00ab<strong>uma autocaravana \u00e9 um ambiente familiar sobre rodas<\/strong>\u00bb Genial sim senhor.<\/p>\n<p>Fotografias dispon\u00edveis em <a href=\"http:\/\/www.facebook.com\/#!\/photo.php?fbid=374796155884588&amp;set=a.374795929217944.85804.100000626207959&amp;type=1&amp;theater\">http:\/\/www.facebook.com\/#!\/photo.php?fbid=374796155884588&amp;set=a.374795929217944.85804.100000626207959&amp;type=1&amp;theater<\/a><\/p>\n<\/div>\n<\/div>\n","protected":false},"excerpt":{"rendered":"<p>Qual o objectivo do CAI Escolinhas? Esclarecer as crian\u00e7as de hoje para que possam ensinar os pais e av\u00f3s e ainda para que, amanh\u00e3, possam vir a ser autocaravanistas conscientes! Se conhece uma escola que queira receber esta iniciativa do CAI por favor contate-nos para o endere\u00e7o cai.escolinhas@cai-autocaravanismo.pt. &nbsp; No dia 21 de Abril de &hellip; <a href=\"https:\/\/cai-autocaravanismo.pt\/?page_id=56\" class=\"more-link\">Continuar a ler <span class=\"screen-reader-text\">Projeto CAI Escolinhas<\/span><\/a><\/p>\n","protected":false},"author":1,"featured_media":0,"parent":10,"menu_order":1,"comment_status":"closed","ping_status":"closed","template":"","meta":{"footnotes":""},"class_list":["post-56","page","type-page","status-publish","hentry"],"_links":{"self":[{"href":"https:\/\/cai-autocaravanismo.pt\/index.php?rest_route=\/wp\/v2\/pages\/56","targetHints":{"allow":["GET"]}}],"collection":[{"href":"https:\/\/cai-autocaravanismo.pt\/index.php?rest_route=\/wp\/v2\/pages"}],"about":[{"href":"https:\/\/cai-autocaravanismo.pt\/index.php?rest_route=\/wp\/v2\/types\/page"}],"author":[{"embeddable":true,"href":"https:\/\/cai-autocaravanismo.pt\/index.php?rest_route=\/wp\/v2\/users\/1"}],"replies":[{"embeddable":true,"href":"https:\/\/cai-autocaravanismo.pt\/index.php?rest_route=%2Fwp%2Fv2%2Fcomments&post=56"}],"version-history":[{"count":26,"href":"https:\/\/cai-autocaravanismo.pt\/index.php?rest_route=\/wp\/v2\/pages\/56\/revisions"}],"predecessor-version":[{"id":822,"href":"https:\/\/cai-autocaravanismo.pt\/index.php?rest_route=\/wp\/v2\/pages\/56\/revisions\/822"}],"up":[{"embeddable":true,"href":"https:\/\/cai-autocaravanismo.pt\/index.php?rest_route=\/wp\/v2\/pages\/10"}],"wp:attachment":[{"href":"https:\/\/cai-autocaravanismo.pt\/index.php?rest_route=%2Fwp%2Fv2%2Fmedia&parent=56"}],"curies":[{"name":"wp","href":"https:\/\/api.w.org\/{rel}","templated":true}]}}