{"id":40,"date":"2012-11-21T18:28:36","date_gmt":"2012-11-21T18:28:36","guid":{"rendered":"http:\/\/cai-autocaravanismo.pt\/?page_id=40"},"modified":"2022-08-20T13:58:26","modified_gmt":"2022-08-20T13:58:26","slug":"protocolos-assinados","status":"publish","type":"page","link":"https:\/\/cai-autocaravanismo.pt\/?page_id=40","title":{"rendered":"Protocolos"},"content":{"rendered":"\n<p>De forma a proporcionar vantagens\/descontos aos nosso s\u00f3cios, o CAI concretizou parcerias com diversas empresas de:<\/p>\n\n\n\n<ul class=\"wp-block-list\"><li><a title=\"Presta\u00e7\u00f5es de Servi\u00e7os\" href=\"http:\/\/cai-autocaravanismo.pt\/?page_id=371\">Presta\u00e7\u00f5es de Servi\u00e7os<\/a>;<\/li><li><a title=\"Com\u00e9rcio\" href=\"http:\/\/cai-autocaravanismo.pt\/?page_id=377\">Com\u00e9rcio<\/a>;<\/li><li><a href=\"http:\/\/cai-autocaravanismo.pt\/?page_id=560\" data-type=\"page\" data-id=\"560\">Restaura\u00e7\u00e3o<\/a>.<\/li><\/ul>\n","protected":false},"excerpt":{"rendered":"<p>De forma a proporcionar vantagens\/descontos aos nosso s\u00f3cios, o CAI concretizou parcerias com diversas empresas de: Presta\u00e7\u00f5es de Servi\u00e7os; Com\u00e9rcio; Restaura\u00e7\u00e3o.<\/p>\n","protected":false},"author":1,"featured_media":0,"parent":0,"menu_order":5,"comment_status":"closed","ping_status":"closed","template":"","meta":{"footnotes":""},"class_list":["post-40","page","type-page","status-publish","hentry"],"_links":{"self":[{"href":"https:\/\/cai-autocaravanismo.pt\/index.php?rest_route=\/wp\/v2\/pages\/40","targetHints":{"allow":["GET"]}}],"collection":[{"href":"https:\/\/cai-autocaravanismo.pt\/index.php?rest_route=\/wp\/v2\/pages"}],"about":[{"href":"https:\/\/cai-autocaravanismo.pt\/index.php?rest_route=\/wp\/v2\/types\/page"}],"author":[{"embeddable":true,"href":"https:\/\/cai-autocaravanismo.pt\/index.php?rest_route=\/wp\/v2\/users\/1"}],"replies":[{"embeddable":true,"href":"https:\/\/cai-autocaravanismo.pt\/index.php?rest_route=%2Fwp%2Fv2%2Fcomments&post=40"}],"version-history":[{"count":14,"href":"https:\/\/cai-autocaravanismo.pt\/index.php?rest_route=\/wp\/v2\/pages\/40\/revisions"}],"predecessor-version":[{"id":1549,"href":"https:\/\/cai-autocaravanismo.pt\/index.php?rest_route=\/wp\/v2\/pages\/40\/revisions\/1549"}],"wp:attachment":[{"href":"https:\/\/cai-autocaravanismo.pt\/index.php?rest_route=%2Fwp%2Fv2%2Fmedia&parent=40"}],"curies":[{"name":"wp","href":"https:\/\/api.w.org\/{rel}","templated":true}]}}