{"id":4,"date":"2012-11-21T18:07:03","date_gmt":"2012-11-21T18:07:03","guid":{"rendered":"http:\/\/cai-autocaravanismo.pt\/?page_id=4"},"modified":"2014-02-09T15:48:23","modified_gmt":"2014-02-09T15:48:23","slug":"sobre-o-clube","status":"publish","type":"page","link":"https:\/\/cai-autocaravanismo.pt\/?page_id=4","title":{"rendered":"O CAI"},"content":{"rendered":"<p><a href=\"http:\/\/cai-autocaravanismo.pt\/wp-content\/uploads\/2012\/11\/logo-cai-def.jpg\"><img loading=\"lazy\" decoding=\"async\" class=\"aligncenter size-medium wp-image-427\" title=\"logo-cai def\" src=\"http:\/\/cai-autocaravanismo.pt\/wp-content\/uploads\/2012\/11\/logo-cai-def-300x225.jpg\" alt=\"\" width=\"300\" height=\"225\" srcset=\"https:\/\/cai-autocaravanismo.pt\/wp-content\/uploads\/2012\/11\/logo-cai-def-300x225.jpg 300w, https:\/\/cai-autocaravanismo.pt\/wp-content\/uploads\/2012\/11\/logo-cai-def.jpg 640w\" sizes=\"auto, (max-width: 300px) 100vw, 300px\" \/><\/a><\/p>\n<p>&nbsp;<\/p>\n<p>O CAI-Clube Autocaravanista Itinerante, nasceu a 06 de Fevereiro de 2010, tem como fim as actividades tur\u00edsticas, culturais e de lazer, na vertente do autocaravanismo itinerante, e<span style=\"font-size: 0.95em; line-height: 1.6em;\">\u00a0a Associa\u00e7\u00e3o a uma Federa\u00e7\u00e3o de autocaravanismo portuguesa, bem como a associa\u00e7\u00e3o a Federa\u00e7\u00f5es estrangeiras de autocaravanismo.<\/span><\/p>\n<p>\u00c9 uma associa\u00e7\u00e3o, sem fins lucrativos,tem sede na Rua Dr. Virg\u00edlio de Campos Pais do Amaral, Parque do Mercado e Feiras, 2100-202 Coruche.<\/p>\n","protected":false},"excerpt":{"rendered":"<p>&nbsp; O CAI-Clube Autocaravanista Itinerante, nasceu a 06 de Fevereiro de 2010, tem como fim as actividades tur\u00edsticas, culturais e de lazer, na vertente do autocaravanismo itinerante, e\u00a0a Associa\u00e7\u00e3o a uma Federa\u00e7\u00e3o de autocaravanismo portuguesa, bem como a associa\u00e7\u00e3o a Federa\u00e7\u00f5es estrangeiras de autocaravanismo. \u00c9 uma associa\u00e7\u00e3o, sem fins lucrativos,tem sede na Rua Dr. Virg\u00edlio &hellip; <a href=\"https:\/\/cai-autocaravanismo.pt\/?page_id=4\" class=\"more-link\">Continuar a ler <span class=\"screen-reader-text\">O CAI<\/span><\/a><\/p>\n","protected":false},"author":1,"featured_media":0,"parent":0,"menu_order":1,"comment_status":"closed","ping_status":"closed","template":"","meta":{"footnotes":""},"class_list":["post-4","page","type-page","status-publish","hentry"],"_links":{"self":[{"href":"https:\/\/cai-autocaravanismo.pt\/index.php?rest_route=\/wp\/v2\/pages\/4","targetHints":{"allow":["GET"]}}],"collection":[{"href":"https:\/\/cai-autocaravanismo.pt\/index.php?rest_route=\/wp\/v2\/pages"}],"about":[{"href":"https:\/\/cai-autocaravanismo.pt\/index.php?rest_route=\/wp\/v2\/types\/page"}],"author":[{"embeddable":true,"href":"https:\/\/cai-autocaravanismo.pt\/index.php?rest_route=\/wp\/v2\/users\/1"}],"replies":[{"embeddable":true,"href":"https:\/\/cai-autocaravanismo.pt\/index.php?rest_route=%2Fwp%2Fv2%2Fcomments&post=4"}],"version-history":[{"count":18,"href":"https:\/\/cai-autocaravanismo.pt\/index.php?rest_route=\/wp\/v2\/pages\/4\/revisions"}],"predecessor-version":[{"id":428,"href":"https:\/\/cai-autocaravanismo.pt\/index.php?rest_route=\/wp\/v2\/pages\/4\/revisions\/428"}],"wp:attachment":[{"href":"https:\/\/cai-autocaravanismo.pt\/index.php?rest_route=%2Fwp%2Fv2%2Fmedia&parent=4"}],"curies":[{"name":"wp","href":"https:\/\/api.w.org\/{rel}","templated":true}]}}