{"id":38,"date":"2012-11-21T18:28:15","date_gmt":"2012-11-21T18:28:15","guid":{"rendered":"http:\/\/cai-autocaravanismo.pt\/?page_id=38"},"modified":"2025-03-03T21:40:50","modified_gmt":"2025-03-03T21:40:50","slug":"como-ser-socio","status":"publish","type":"page","link":"https:\/\/cai-autocaravanismo.pt\/?page_id=38","title":{"rendered":"Como Ser S\u00f3cio"},"content":{"rendered":"\n<p><\/p>\n\n\n\n<p>A candidatura a s\u00f3cio dever\u00e1 ser efetuada atrav\u00e9s do preenchimento da ficha abaixo:<\/p>\n\n\n\n<div class=\"wp-block-buttons is-layout-flex wp-block-buttons-is-layout-flex\">\n<div class=\"wp-block-button\"><a class=\"wp-block-button__link wp-element-button\" href=\"https:\/\/cai-autocaravanismo.pt\/?page_id=1541\">Ficha de s\u00f3cio &#8211; clique aqui<\/a><\/div>\n<\/div>\n\n\n\n<p><\/p>\n\n\n\n<p>Ap\u00f3s preenchimento da ficha de s\u00f3cio dever\u00e1 efectuar o pagamento da joia no valor de 10\u20ac e a quota no valor de 18\u20ac.<\/p>\n\n\n\n<p><\/p>\n\n\n\n<p><br>O pagamento dever\u00e1 ser efetuado por transfer\u00eancia banc\u00e1ria para&nbsp;<span style=\"font-size: 0.95em; line-height: 1.6em;\">:<\/span><\/p>\n\n\n\n<p><strong><span style=\"text-decoration: underline;\">IBAN. PT50 0018 0008 027212140203 6<\/span><\/strong><\/p>\n\n\n\n<p>BANCO SANTANDER TOTTA<\/p>\n\n\n\n<p><span style=\"font-size: 0.95em; line-height: 1.6em;\">Devendo ser envia<\/span>do o respetivo comprovativo para o endere\u00e7o geral@cai-autocaravanismo.pt.<\/p>\n\n\n\n<p><span style=\"color: #ff6600;\">&nbsp;<strong>Esperamos a sua inscri\u00e7\u00e3o!!!<\/strong><\/span><\/p>\n","protected":false},"excerpt":{"rendered":"<p>A candidatura a s\u00f3cio dever\u00e1 ser efetuada atrav\u00e9s do preenchimento da ficha abaixo: Ap\u00f3s preenchimento da ficha de s\u00f3cio dever\u00e1 efectuar o pagamento da joia no valor de 10\u20ac e a quota no valor de 18\u20ac. O pagamento dever\u00e1 ser efetuado por transfer\u00eancia banc\u00e1ria para&nbsp;: IBAN. PT50 0018 0008 027212140203 6 BANCO SANTANDER TOTTA Devendo &hellip; <a href=\"https:\/\/cai-autocaravanismo.pt\/?page_id=38\" class=\"more-link\">Continuar a ler <span class=\"screen-reader-text\">Como Ser S\u00f3cio<\/span><\/a><\/p>\n","protected":false},"author":1,"featured_media":0,"parent":4,"menu_order":5,"comment_status":"closed","ping_status":"closed","template":"","meta":{"footnotes":""},"class_list":["post-38","page","type-page","status-publish","hentry"],"_links":{"self":[{"href":"https:\/\/cai-autocaravanismo.pt\/index.php?rest_route=\/wp\/v2\/pages\/38","targetHints":{"allow":["GET"]}}],"collection":[{"href":"https:\/\/cai-autocaravanismo.pt\/index.php?rest_route=\/wp\/v2\/pages"}],"about":[{"href":"https:\/\/cai-autocaravanismo.pt\/index.php?rest_route=\/wp\/v2\/types\/page"}],"author":[{"embeddable":true,"href":"https:\/\/cai-autocaravanismo.pt\/index.php?rest_route=\/wp\/v2\/users\/1"}],"replies":[{"embeddable":true,"href":"https:\/\/cai-autocaravanismo.pt\/index.php?rest_route=%2Fwp%2Fv2%2Fcomments&post=38"}],"version-history":[{"count":25,"href":"https:\/\/cai-autocaravanismo.pt\/index.php?rest_route=\/wp\/v2\/pages\/38\/revisions"}],"predecessor-version":[{"id":1787,"href":"https:\/\/cai-autocaravanismo.pt\/index.php?rest_route=\/wp\/v2\/pages\/38\/revisions\/1787"}],"up":[{"embeddable":true,"href":"https:\/\/cai-autocaravanismo.pt\/index.php?rest_route=\/wp\/v2\/pages\/4"}],"wp:attachment":[{"href":"https:\/\/cai-autocaravanismo.pt\/index.php?rest_route=%2Fwp%2Fv2%2Fmedia&parent=38"}],"curies":[{"name":"wp","href":"https:\/\/api.w.org\/{rel}","templated":true}]}}