{"id":344,"date":"2014-02-08T16:22:31","date_gmt":"2014-02-08T16:22:31","guid":{"rendered":"http:\/\/cai-autocaravanismo.pt\/?page_id=344"},"modified":"2026-04-06T21:35:58","modified_gmt":"2026-04-06T21:35:58","slug":"encontros","status":"publish","type":"page","link":"https:\/\/cai-autocaravanismo.pt\/?page_id=344","title":{"rendered":"Eventos"},"content":{"rendered":"\n<p>Todos os eventos do CAI \u2013 Clube Autocaravanista Itinerante:<\/p>\n\n\n\n<p><\/p>\n\n\n\n<p><\/p>\n\n\n\n<ul class=\"wp-block-list\">\n<li><a href=\"https:\/\/cai-autocaravanismo.pt\/?p=1898\">O CAI vai a Guimar\u00e3es<\/a><\/li>\n\n\n\n<li><a href=\"https:\/\/cai-autocaravanismo.pt\/?p=1886\" data-type=\"post\" data-id=\"1886\">16\u00ba Anivers\u00e1rio do CAI<\/a><\/li>\n\n\n\n<li><a href=\"https:\/\/cai-autocaravanismo.pt\/?p=1872\">Festa de Natal do CAI 2025<\/a><\/li>\n\n\n\n<li><a href=\"https:\/\/cai-autocaravanismo.pt\/?p=1872\">O CAI vai a Coruche<\/a><\/li>\n\n\n\n<li><a href=\"https:\/\/cai-autocaravanismo.pt\/?p=1860\">O CAI vai a Torres Vedras<\/a><\/li>\n\n\n\n<li><a href=\"https:\/\/cai-autocaravanismo.pt\/?p=1843\">O CAI vai a Santarem<\/a><\/li>\n\n\n\n<li><a href=\"https:\/\/cai-autocaravanismo.pt\/?p=1827\">Minas do Lousal<\/a><\/li>\n\n\n\n<li><a href=\"https:\/\/cai-autocaravanismo.pt\/?p=1797\">O Cai vai a Runa<\/a><\/li>\n\n\n\n<li><a href=\"https:\/\/cai-autocaravanismo.pt\/?page_id=1741\" data-type=\"page\" data-id=\"1741\">15\u00ba Anivers\u00e1rio do CAI &#8211; Coruche<\/a><\/li>\n\n\n\n<li><a href=\"http:\/\/cai-autocaravanismo.pt\/?page_id=1660\" data-type=\"page\" data-id=\"1660\">14\u00ba Anivers\u00e1rio do CAI no Biscainho\/Coruche<\/a><\/li>\n\n\n\n<li><a href=\"http:\/\/cai-autocaravanismo.pt\/?page_id=1646\" data-type=\"page\" data-id=\"1646\">O CAI VAI A SALVATERRA DE MAGOS..<\/a><\/li>\n\n\n\n<li><a href=\"http:\/\/cai-autocaravanismo.pt\/?page_id=1635\" data-type=\"URL\" data-id=\"http:\/\/cai-autocaravanismo.pt\/?page_id=1635\">O Cai vai a Elvas<\/a><\/li>\n\n\n\n<li><a href=\"http:\/\/cai-autocaravanismo.pt\/?page_id=1622\" data-type=\"page\" data-id=\"1622\">Inaugura\u00e7\u00e3o da \u00c1rea de Servi\u00e7o da UF Carvoeira Carm\u00f5es<\/a><\/li>\n\n\n\n<li><a href=\"http:\/\/cai-autocaravanismo.pt\/?page_id=1593\" data-type=\"URL\" data-id=\"http:\/\/cai-autocaravanismo.pt\/?page_id=1593\">13\u00ba Anivers\u00e1rio CAI em Coruche<\/a><\/li>\n\n\n\n<li><a href=\"http:\/\/cai-autocaravanismo.pt\/?page_id=1567\" data-type=\"page\" data-id=\"1567\">O CAI vai a Porto de M\u00f3s<\/a><\/li>\n\n\n\n<li><a href=\"http:\/\/cai-autocaravanismo.pt\/?page_id=1456\" data-type=\"page\" data-id=\"1456\">O CAI em Vila de Rei<\/a><\/li>\n\n\n\n<li><a href=\"http:\/\/cai-autocaravanismo.pt\/?page_id=1223\" data-type=\"page\" data-id=\"1223\">De Mora a Coruche\u2026<\/a><\/li>\n\n\n\n<li><a href=\"http:\/\/cai-autocaravanismo.pt\/?page_id=1211\" data-type=\"page\" data-id=\"1211\">12\u00baAnivers\u00e1rio do CAI em Coruche<\/a><\/li>\n\n\n\n<li><a href=\"http:\/\/cai-autocaravanismo.pt\/?page_id=1191\" data-type=\"page\" data-id=\"1191\">Jantar de Natal e Elei\u00e7\u00f5es em Coruche<\/a><\/li>\n\n\n\n<li><a href=\"http:\/\/cai-autocaravanismo.pt\/?page_id=1146\" data-type=\"page\" data-id=\"1146\">10\u00ba Anivers\u00e1rio em Coruche<\/a><\/li>\n\n\n\n<li><a href=\"http:\/\/cai-autocaravanismo.pt\/?page_id=1118\" data-type=\"page\" data-id=\"1118\">Cartaxo\/Pont\u00e9vel\u2026<\/a><\/li>\n\n\n\n<li><a href=\"http:\/\/cai-autocaravanismo.pt\/?page_id=1105\">9\u00ba Anivers\u00e1rio do CAI em Coruche<\/a><\/li>\n\n\n\n<li><a href=\"http:\/\/cai-autocaravanismo.pt\/?page_id=1091\" data-type=\"page\" data-id=\"1091\">Lagoa \u2013 Algarve, fim do ver\u00e3o<\/a><\/li>\n\n\n\n<li><a href=\"http:\/\/cai-autocaravanismo.pt\/?page_id=1083\" data-type=\"page\" data-id=\"1083\">De Lorv\u00e3o a Penacova\u2026<\/a><\/li>\n\n\n\n<li><a href=\"http:\/\/cai-autocaravanismo.pt\/?page_id=1079\" data-type=\"page\" data-id=\"1079\">8\u00ba Anivers\u00e1rio do CAI em Coruche<\/a><\/li>\n\n\n\n<li><a href=\"http:\/\/cai-autocaravanismo.pt\/?page_id=1069\" data-type=\"page\" data-id=\"1069\">Passagem de ano do CAI<\/a><\/li>\n\n\n\n<li><a href=\"http:\/\/cai-autocaravanismo.pt\/?page_id=1062\" data-type=\"page\" data-id=\"1062\">Carapinheira e Montemor-o-velho\u2026<\/a><\/li>\n\n\n\n<li><a href=\"http:\/\/cai-autocaravanismo.pt\/?page_id=1057\" data-type=\"page\" data-id=\"1057\">Moita de Ferreiros, Bombarral e Lourinh\u00e3\u2026<\/a><\/li>\n\n\n\n<li><a href=\"http:\/\/cai-autocaravanismo.pt\/?page_id=1052\" data-type=\"page\" data-id=\"1052\">Da Comporta a Alc\u00e1cer do Sal\u2026<\/a><\/li>\n\n\n\n<li><a href=\"http:\/\/cai-autocaravanismo.pt\/?page_id=1045\" data-type=\"page\" data-id=\"1045\">Quinta da Padrela \u2013 Tabua\u00e7o \u2013 Douro\u2026<\/a><\/li>\n\n\n\n<li><a href=\"http:\/\/cai-autocaravanismo.pt\/?page_id=1040\" data-type=\"page\" data-id=\"1040\">7\u00ba Anivers\u00e1rio do CAI em Coruche<\/a><\/li>\n\n\n\n<li><a href=\"http:\/\/cai-autocaravanismo.pt\/?page_id=1015\" data-type=\"page\" data-id=\"1015\">Descobrir Montemor-o-Novo\u2026<\/a><\/li>\n\n\n\n<li><a href=\"http:\/\/cai-autocaravanismo.pt\/?page_id=1008\" data-type=\"page\" data-id=\"1008\">Caldas da Rainha\u2026<\/a><\/li>\n\n\n\n<li><a href=\"http:\/\/cai-autocaravanismo.pt\/?page_id=991\" data-type=\"page\" data-id=\"991\">De Alvor a Portim\u00e3o..<\/a><\/li>\n\n\n\n<li><a href=\"http:\/\/cai-autocaravanismo.pt\/?page_id=1023\" data-type=\"page\" data-id=\"1023\">Passagem de ano 2016\/2017 Coruche<\/a><\/li>\n\n\n\n<li><a href=\"http:\/\/cai-autocaravanismo.pt\/?page_id=975\" data-type=\"page\" data-id=\"975\">6\u00ba Anivers\u00e1rio do CAI na Arruda dos Vinhos<\/a><\/li>\n\n\n\n<li><a href=\"http:\/\/cai-autocaravanismo.pt\/?page_id=1001\" data-type=\"page\" data-id=\"1001\">Barril de Alva<\/a><\/li>\n\n\n\n<li><a href=\"http:\/\/cai-autocaravanismo.pt\/?page_id=961\" data-type=\"page\" data-id=\"961\">Passagem de ano 2015\/2016<\/a><\/li>\n\n\n\n<li><a href=\"http:\/\/cai-autocaravanismo.pt\/?page_id=956\" data-type=\"page\" data-id=\"956\">Portel\u2026 Onde o Montado abra\u00e7a o Alqueva..<\/a><\/li>\n\n\n\n<li><a href=\"http:\/\/cai-autocaravanismo.pt\/?page_id=949\" data-type=\"page\" data-id=\"949\">Descobrir o Seixal..<\/a><\/li>\n\n\n\n<li><a href=\"http:\/\/cai-autocaravanismo.pt\/?page_id=906\" data-type=\"page\" data-id=\"906\">Da Flor da Rosa a Alter..<\/a><\/li>\n\n\n\n<li><a href=\"http:\/\/cai-autocaravanismo.pt\/?page_id=910\" data-type=\"page\" data-id=\"910\">Inaugura\u00e7\u00e3o da ASA de Pataias<\/a><\/li>\n\n\n\n<li><a href=\"http:\/\/cai-autocaravanismo.pt\/?page_id=897\" data-type=\"page\" data-id=\"897\">Vila Nova da Barquinha<\/a><\/li>\n\n\n\n<li><a href=\"http:\/\/cai-autocaravanismo.pt\/?page_id=874\" data-type=\"page\" data-id=\"874\">5\u00ba Anivers\u00e1rio do CAI em Coruche<\/a><\/li>\n\n\n\n<li><a href=\"http:\/\/cai-autocaravanismo.pt\/?page_id=844\" data-type=\"page\" data-id=\"844\">A caminho dos Templ\u00e1rios..<\/a><\/li>\n\n\n\n<li><a href=\"http:\/\/cai-autocaravanismo.pt\/?page_id=864\" data-type=\"page\" data-id=\"864\">\u00c0 Descoberta de Sintra..<\/a><\/li>\n\n\n\n<li><a href=\"http:\/\/cai-autocaravanismo.pt\/?page_id=856\" data-type=\"page\" data-id=\"856\">Dia Europeu do Enturismo em Coruche<\/a><\/li>\n\n\n\n<li><a href=\"http:\/\/cai-autocaravanismo.pt\/?page_id=801\" data-type=\"page\" data-id=\"801\">Portel..<\/a><\/li>\n\n\n\n<li><a href=\"http:\/\/cai-autocaravanismo.pt\/?page_id=785\" data-type=\"page\" data-id=\"785\">Do raba\u00e7al a Penela\u2026<\/a><\/li>\n\n\n\n<li><a href=\"http:\/\/cai-autocaravanismo.pt\/?page_id=346\" data-type=\"page\" data-id=\"346\">4\u00ba Anivers\u00e1rio em Palmela<\/a><\/li>\n\n\n\n<li><a href=\"http:\/\/cai-autocaravanismo.pt\/?page_id=397\" data-type=\"page\" data-id=\"397\">Inaugura\u00e7\u00e3o da Sede em Coruche<\/a><\/li>\n\n\n\n<li><a href=\"http:\/\/cai-autocaravanismo.pt\/?page_id=470\" data-type=\"page\" data-id=\"470\">Fomos \u00e0 Capital do Cavalo, Goleg\u00e3<\/a><\/li>\n\n\n\n<li><a href=\"http:\/\/cai-autocaravanismo.pt\/?page_id=486\" data-type=\"page\" data-id=\"486\">Inaugura\u00e7\u00e3o da A.S. de \u00c9vora<\/a><\/li>\n\n\n\n<li><a href=\"http:\/\/cai-autocaravanismo.pt\/?page_id=696\" data-type=\"page\" data-id=\"696\">De Estremoz a Fronteira<\/a><\/li>\n\n\n\n<li><a href=\"http:\/\/cai-autocaravanismo.pt\/?page_id=751\" data-type=\"page\" data-id=\"751\">3.\u00ba Anivers\u00e1rio do CAI em Alcochete<\/a><\/li>\n\n\n\n<li><a href=\"http:\/\/cai-autocaravanismo.pt\/?page_id=706\" data-type=\"page\" data-id=\"706\">Passagem de Ano 2012\/2013<\/a><\/li>\n\n\n\n<li><a href=\"http:\/\/cai-autocaravanismo.pt\/?page_id=709\" data-type=\"page\" data-id=\"709\">13.\u00ba Passeio do CAI, Alenquer<\/a><\/li>\n\n\n\n<li><a href=\"http:\/\/cai-autocaravanismo.pt\/?page_id=712\" data-type=\"page\" data-id=\"712\">12.\u00ba Passeio do CAI, Elvas a Campo Maior<\/a><\/li>\n\n\n\n<li><a href=\"http:\/\/cai-autocaravanismo.pt\/?page_id=715\" data-type=\"page\" data-id=\"715\">11.\u00ba Passeio do CAI, Lourinh\u00e3<\/a><\/li>\n\n\n\n<li><a href=\"http:\/\/cai-autocaravanismo.pt\/?page_id=718\" data-type=\"page\" data-id=\"718\">Arraial Popular do CAI, Pataias<\/a><\/li>\n\n\n\n<li><a href=\"http:\/\/cai-autocaravanismo.pt\/?page_id=721\" data-type=\"page\" data-id=\"721\">Motor Vilage, Alfragide<\/a><\/li>\n\n\n\n<li><a href=\"http:\/\/cai-autocaravanismo.pt\/?page_id=687\" data-type=\"page\" data-id=\"687\">Passeio no conselho de Reguengos de Monsaraz<\/a><\/li>\n\n\n\n<li><a href=\"http:\/\/cai-autocaravanismo.pt\/?page_id=724\" data-type=\"page\" data-id=\"724\">Castelo de Vide, Inaugura\u00e7\u00e3o da AS<\/a><\/li>\n\n\n\n<li><a href=\"http:\/\/cai-autocaravanismo.pt\/?page_id=727\" data-type=\"page\" data-id=\"727\">2.\u00ba Anivers\u00e1rio do CAI, Santiago do cac\u00e9m<\/a><\/li>\n\n\n\n<li><a href=\"http:\/\/cai-autocaravanismo.pt\/?page_id=736\" data-type=\"page\" data-id=\"736\">Passagem de ano 2011\/2012<\/a><\/li>\n\n\n\n<li><a href=\"http:\/\/cai-autocaravanismo.pt\/?page_id=739\" data-type=\"page\" data-id=\"739\">5.\u00ba Passeio, \u00c9vora \u201ccores e aromas do Alentejo.\u201d<\/a><\/li>\n\n\n\n<li><a href=\"http:\/\/cai-autocaravanismo.pt\/?page_id=744\" data-type=\"page\" data-id=\"744\">4.\u00ba Encontro, Arruda, Cardosas<\/a><\/li>\n\n\n\n<li><a href=\"http:\/\/cai-autocaravanismo.pt\/?page_id=751\" data-type=\"page\" data-id=\"751\">3.\u00ba Encontro, Belmonte<\/a><\/li>\n\n\n\n<li><a href=\"http:\/\/cai-autocaravanismo.pt\/?page_id=765\" data-type=\"page\" data-id=\"765\">2.\u00ba Encontro do CAI, Beja<\/a><\/li>\n\n\n\n<li><a href=\"http:\/\/cai-autocaravanismo.pt\/?page_id=756\" data-type=\"page\" data-id=\"756\">1.\u00ba Anivers\u00e1rio do CAI<\/a><\/li>\n<\/ul>\n","protected":false},"excerpt":{"rendered":"<p>Todos os eventos do CAI \u2013 Clube Autocaravanista Itinerante:<\/p>\n","protected":false},"author":1,"featured_media":0,"parent":0,"menu_order":3,"comment_status":"closed","ping_status":"closed","template":"","meta":{"footnotes":""},"class_list":["post-344","page","type-page","status-publish","hentry"],"_links":{"self":[{"href":"https:\/\/cai-autocaravanismo.pt\/index.php?rest_route=\/wp\/v2\/pages\/344","targetHints":{"allow":["GET"]}}],"collection":[{"href":"https:\/\/cai-autocaravanismo.pt\/index.php?rest_route=\/wp\/v2\/pages"}],"about":[{"href":"https:\/\/cai-autocaravanismo.pt\/index.php?rest_route=\/wp\/v2\/types\/page"}],"author":[{"embeddable":true,"href":"https:\/\/cai-autocaravanismo.pt\/index.php?rest_route=\/wp\/v2\/users\/1"}],"replies":[{"embeddable":true,"href":"https:\/\/cai-autocaravanismo.pt\/index.php?rest_route=%2Fwp%2Fv2%2Fcomments&post=344"}],"version-history":[{"count":44,"href":"https:\/\/cai-autocaravanismo.pt\/index.php?rest_route=\/wp\/v2\/pages\/344\/revisions"}],"predecessor-version":[{"id":1908,"href":"https:\/\/cai-autocaravanismo.pt\/index.php?rest_route=\/wp\/v2\/pages\/344\/revisions\/1908"}],"wp:attachment":[{"href":"https:\/\/cai-autocaravanismo.pt\/index.php?rest_route=%2Fwp%2Fv2%2Fmedia&parent=344"}],"curies":[{"name":"wp","href":"https:\/\/api.w.org\/{rel}","templated":true}]}}