{"id":1741,"date":"2025-02-04T23:08:54","date_gmt":"2025-02-04T23:08:54","guid":{"rendered":"https:\/\/cai-autocaravanismo.pt\/?page_id=1741"},"modified":"2025-02-05T21:17:06","modified_gmt":"2025-02-05T21:17:06","slug":"15o-aniversario-do-cai-coruche","status":"publish","type":"page","link":"https:\/\/cai-autocaravanismo.pt\/?page_id=1741","title":{"rendered":"15\u00ba Anivers\u00e1rio do Cai &#8211; Coruche"},"content":{"rendered":"\n<figure class=\"wp-block-gallery has-nested-images columns-default is-cropped wp-block-gallery-1 is-layout-flex wp-block-gallery-is-layout-flex\">\n<figure class=\"wp-block-image size-large\"><a href=\"https:\/\/cai-autocaravanismo.pt\/wp-content\/uploads\/2025\/02\/aniversario-CAI-2025-1.jpg\"><img loading=\"lazy\" decoding=\"async\" width=\"960\" height=\"720\" data-id=\"1747\" src=\"https:\/\/cai-autocaravanismo.pt\/wp-content\/uploads\/2025\/02\/aniversario-CAI-2025-1.jpg\" alt=\"\" class=\"wp-image-1747\" srcset=\"https:\/\/cai-autocaravanismo.pt\/wp-content\/uploads\/2025\/02\/aniversario-CAI-2025-1.jpg 960w, https:\/\/cai-autocaravanismo.pt\/wp-content\/uploads\/2025\/02\/aniversario-CAI-2025-1-300x225.jpg 300w, https:\/\/cai-autocaravanismo.pt\/wp-content\/uploads\/2025\/02\/aniversario-CAI-2025-1-768x576.jpg 768w\" sizes=\"auto, (max-width: 960px) 100vw, 960px\" \/><\/a><\/figure>\n<\/figure>\n\n\n\n<p><a href=\"http:\/\/cai-autocaravanismo.pt\/?page_id=1492\"><em><mark><strong>Inscreva-se aqui<\/strong><\/mark><\/em><\/a><\/p>\n\n\n\n<p><strong><u>Dia 28 de Fevereiro de 2025<\/u><\/strong><\/p>\n\n\n\n<p><strong>18h00<\/strong>&nbsp;\u2013 Chegada dos participantes ao parque da \u00c1rea de servi\u00e7o de Coruche.<\/p>\n\n\n\n<p><strong>Coordenadas:<\/strong>&nbsp;&nbsp;<strong>N 38\u00ba57\u201941\u201d W 08\u00ba31\u201910\u201d&nbsp;<\/strong><\/p>\n\n\n\n<p><strong><u>Dia 1 de Mar\u00e7o de 2025<\/u><\/strong><strong><u><\/u><\/strong><\/p>\n\n\n\n<p><strong>9h30&nbsp;&#8211; V<\/strong>isita \/ caminhada livre pelas ruas e com\u00e9rcio de Coruche.<\/p>\n\n\n\n<p><strong>13h00&nbsp;<\/strong> \u2013 Almo\u00e7o no pavilh\u00e3o multiusos.<\/p>\n\n\n\n<p>\u2013 Sopa creme de legumes.<\/p>\n\n\n\n<p>\u2013 Carne \u00e0 Ribatejana.<\/p>\n\n\n\n<p>\u2013 Sobremesa ( arroz doce \/salada de fruta ).<\/p>\n\n\n\n<p>\u2013 \u00c1gua, Vinho, Sumos e caf\u00e9.<\/p>\n\n\n\n<p><strong><u>Todas as bebidas consumidas no bar que estar\u00e1 aberto na sala, ser\u00e3o pagas no acto da entrega por quem a solicitou.<\/u><\/strong><\/p>\n\n\n\n<p><strong>15h00 \u2013 \u00a0<\/strong>Inicio da Anima\u00e7\u00e3o Musical com o Grupo Rnii Duo.<\/p>\n\n\n\n<p>            <strong>\u2013<\/strong> Durante a tarde haver\u00e1 surpresas e muita anima\u00e7\u00e3o&#8230;<\/p>\n\n\n\n<p><strong>19h30 \u2013 \u00a0<\/strong>Ser\u00b4a servida sopa, bifana e bebida.<\/p>\n\n\n\n<p><strong><u>Dia 2 de Mar\u00e7o de 2025<\/u><\/strong><\/p>\n\n\n\n<p><strong>10h00 \u2013<\/strong> &nbsp;Assembleia Geral para apresenta\u00e7\u00e3o do Relat\u00f3rio e Contas.<\/p>\n\n\n\n<p><strong>13h00&nbsp;<\/strong> \u2013 Almo\u00e7o Livre<\/p>\n\n\n\n<p>Pre\u00e7o por adulto S\u00f3cio &#8211; 30,00\u20ac<br>Pre\u00e7o por adulto n\u00e3o S\u00f3cio \u201334,00\u20ac<br>Pre\u00e7o crian\u00e7as dos 5 aos 10 &nbsp;anos \u2013 15,00\u20ac<\/p>\n\n\n\n<p>(Programa sujeito a altera\u00e7\u00f5es\u2026)<\/p>\n\n\n\n<p><br><strong><u>PS: A todos os inscritos obrigatoriedade de cumprir as regras da pr\u00e1tica do autocaravanismo<\/u><\/strong><\/p>\n","protected":false},"excerpt":{"rendered":"<p>Inscreva-se aqui Dia 28 de Fevereiro de 2025 18h00&nbsp;\u2013 Chegada dos participantes ao parque da \u00c1rea de servi\u00e7o de Coruche. Coordenadas:&nbsp;&nbsp;N 38\u00ba57\u201941\u201d W 08\u00ba31\u201910\u201d&nbsp; Dia 1 de Mar\u00e7o de 2025 9h30&nbsp;&#8211; Visita \/ caminhada livre pelas ruas e com\u00e9rcio de Coruche. 13h00&nbsp; \u2013 Almo\u00e7o no pavilh\u00e3o multiusos. \u2013 Sopa creme de legumes. \u2013 Carne \u00e0 &hellip; <a href=\"https:\/\/cai-autocaravanismo.pt\/?page_id=1741\" class=\"more-link\">Continuar a ler <span class=\"screen-reader-text\">15\u00ba Anivers\u00e1rio do Cai &#8211; Coruche<\/span><\/a><\/p>\n","protected":false},"author":1,"featured_media":0,"parent":0,"menu_order":0,"comment_status":"closed","ping_status":"closed","template":"","meta":{"footnotes":""},"class_list":["post-1741","page","type-page","status-publish","hentry"],"_links":{"self":[{"href":"https:\/\/cai-autocaravanismo.pt\/index.php?rest_route=\/wp\/v2\/pages\/1741","targetHints":{"allow":["GET"]}}],"collection":[{"href":"https:\/\/cai-autocaravanismo.pt\/index.php?rest_route=\/wp\/v2\/pages"}],"about":[{"href":"https:\/\/cai-autocaravanismo.pt\/index.php?rest_route=\/wp\/v2\/types\/page"}],"author":[{"embeddable":true,"href":"https:\/\/cai-autocaravanismo.pt\/index.php?rest_route=\/wp\/v2\/users\/1"}],"replies":[{"embeddable":true,"href":"https:\/\/cai-autocaravanismo.pt\/index.php?rest_route=%2Fwp%2Fv2%2Fcomments&post=1741"}],"version-history":[{"count":4,"href":"https:\/\/cai-autocaravanismo.pt\/index.php?rest_route=\/wp\/v2\/pages\/1741\/revisions"}],"predecessor-version":[{"id":1750,"href":"https:\/\/cai-autocaravanismo.pt\/index.php?rest_route=\/wp\/v2\/pages\/1741\/revisions\/1750"}],"wp:attachment":[{"href":"https:\/\/cai-autocaravanismo.pt\/index.php?rest_route=%2Fwp%2Fv2%2Fmedia&parent=1741"}],"curies":[{"name":"wp","href":"https:\/\/api.w.org\/{rel}","templated":true}]}}