{"id":1668,"date":"2024-02-16T22:07:32","date_gmt":"2024-02-16T22:07:32","guid":{"rendered":"https:\/\/cai-autocaravanismo.pt\/?page_id=1668"},"modified":"2025-02-04T00:06:49","modified_gmt":"2025-02-04T00:06:49","slug":"plano-de-actividades-do-cai-2024","status":"publish","type":"page","link":"https:\/\/cai-autocaravanismo.pt\/?page_id=1668","title":{"rendered":"Plano de Actividades do CAI 2024"},"content":{"rendered":"\n<p><br>Imbu\u00eddos da Miss\u00e3o e dos Valores do CAI e orientados pelos seus objectivos<br>regulamentares, os \u00d3rg\u00e3os Sociais, no seu \u00faltimo ano de mandato, prop\u00f5em-se levar a cabo um conjunto de actividades que passamos a agrupar em 3 vectores<br>fundamentais:<br>  \uf0b7 O Eixo Associativo<br>  \uf0b7 O Eixo do Lazer<br>  \uf0b7 O Eixo das Parcerias e Rela\u00e7\u00f5es Externas.<br>O EIXO ASSOCIATIVO<br>Neste dom\u00ednio, voltado mais para a vida interna do Clube, os \u00d3rg\u00e3os Sociais ir\u00e3o<br>procurar:<br>  \uf0b7 Dinamizar a participa\u00e7\u00e3o dos s\u00f3cios nas actividades do Clube, apelando \u00e0 sua<br>presen\u00e7a e ao contributo de cada um na sua realiza\u00e7\u00e3o e no \u00eaxito de cada<br>evento.<br>  \uf0b7 Gerir os processos de admiss\u00e3o e eventual demiss\u00e3o dos s\u00f3cios efectivos,<br>procurando estabilizar a dimens\u00e3o do CAI num n\u00famero de s\u00f3cios que preserve<br>o seu car\u00e1cter familiar e evite o efeito nocivo da massifica\u00e7\u00e3o.<br>  \uf0b7 Sensibilizar os s\u00f3cios para a necessidade imperiosa da renova\u00e7\u00e3o dos \u00d3rg\u00e3os<br>Sociais no acto eleitoral do final do ano de 2024, apelando para o dever dos<br>s\u00f3cios efectivos consignado na al\u00ednea b) do art. 8 do Regulamento Interno do<br>Clube.<br>  \uf0b7 Incrementar a comunica\u00e7\u00e3o com os s\u00f3cios atrav\u00e9s dos canais institucionais (<br>site, Facebook) e atrav\u00e9s de meios mais directos e acess\u00edveis como o e-mail e o<br>correio, para que a comunica\u00e7\u00e3o chegue a todos.<br>O EIXO DO LAZER<br>Neste segundo dom\u00ednio, procuraremos com a colabora\u00e7\u00e3o de todos os s\u00f3cios, realizar<br>um conjunto de passeios\/ encontros, tendo em vista a explora\u00e7\u00e3o do nosso<br>patrim\u00f3nio cultural e o conv\u00edvio e estreitamento das rela\u00e7\u00f5es entre todos.<br>Assim, propomos o agendamento dos seguintes encontros:<br>  \uf0b7 Fevereiro, 23, 24 e 25, Anivers\u00e1rio em Coruche<br>  \uf0b7 Abril, 19, 20 e 21, Vila Vi\u00e7osa<br>  \uf0b7 Junho, 7, 8, 9 e 10, Local a Designar<br>  \uf0b7 Setembro, 27, 28 e 29, Torres Vedras<br>  \uf0b7 Novembro, 22, 23 e 24, Pont\u00e9vel<br>O EIXO DAS PARCERIAS E RELA\u00c7\u00d5ES EXTERNAS<br>Neste terceiro dom\u00ednio,\u2070 pretendemos manter as parcerias j\u00e1 estabelecidas e<br>incrementar as rela\u00e7\u00f5es com novas entidades, a saber:<br>  \uf0b7 Manter a parceria com a C\u00e2mara Municipal de Coruche, entidade que nos<br>acolhe e patrocina algumas actividades do CAI<br>  \uf0b7 Refor\u00e7ar a presen\u00e7a e participa\u00e7\u00e3o do CAI no seio da FPA com novos elementos<br>do Clube, por forma a que possam imprimir uma nova din\u00e2mica nesta entidade<br>com objectivos t\u00e3o importantes para o autocaravanismo.<br>  \uf0b7 Estabelecer os contactos necess\u00e1rios com os Munic\u00edpios e Autarquias, tendo<br>em vista a sua sensibiliza\u00e7\u00e3o para a melhoria do acolhimento aos<br>autocaravanistas.<br>  \uf0b7 Procurar sensibilizar os Munic\u00edpios que tutelam as \u00c1reas de Servi\u00e7o criadas no<br>\u00e2mbito do protocolo com o Turismo, para que tornem estes equipamentos<br>mais acess\u00edveis e \u00fateis ao autocaravanismo, \u00e0 semelhan\u00e7a do que foi j\u00e1 feito<br>por outros Autarcas..<br><\/p>\n\n\n\n<p>A Direc\u00e7\u00e3o<\/p>\n\n\n\n<p><\/p>\n\n\n\n<p><\/p>\n","protected":false},"excerpt":{"rendered":"<p>Imbu\u00eddos da Miss\u00e3o e dos Valores do CAI e orientados pelos seus objectivosregulamentares, os \u00d3rg\u00e3os Sociais, no seu \u00faltimo ano de mandato, prop\u00f5em-se levar a cabo um conjunto de actividades que passamos a agrupar em 3 vectoresfundamentais: \uf0b7 O Eixo Associativo \uf0b7 O Eixo do Lazer \uf0b7 O Eixo das Parcerias e Rela\u00e7\u00f5es Externas.O EIXO &hellip; <a href=\"https:\/\/cai-autocaravanismo.pt\/?page_id=1668\" class=\"more-link\">Continuar a ler <span class=\"screen-reader-text\">Plano de Actividades do CAI 2024<\/span><\/a><\/p>\n","protected":false},"author":1,"featured_media":0,"parent":0,"menu_order":0,"comment_status":"closed","ping_status":"closed","template":"","meta":{"footnotes":""},"class_list":["post-1668","page","type-page","status-publish","hentry"],"_links":{"self":[{"href":"https:\/\/cai-autocaravanismo.pt\/index.php?rest_route=\/wp\/v2\/pages\/1668","targetHints":{"allow":["GET"]}}],"collection":[{"href":"https:\/\/cai-autocaravanismo.pt\/index.php?rest_route=\/wp\/v2\/pages"}],"about":[{"href":"https:\/\/cai-autocaravanismo.pt\/index.php?rest_route=\/wp\/v2\/types\/page"}],"author":[{"embeddable":true,"href":"https:\/\/cai-autocaravanismo.pt\/index.php?rest_route=\/wp\/v2\/users\/1"}],"replies":[{"embeddable":true,"href":"https:\/\/cai-autocaravanismo.pt\/index.php?rest_route=%2Fwp%2Fv2%2Fcomments&post=1668"}],"version-history":[{"count":4,"href":"https:\/\/cai-autocaravanismo.pt\/index.php?rest_route=\/wp\/v2\/pages\/1668\/revisions"}],"predecessor-version":[{"id":1735,"href":"https:\/\/cai-autocaravanismo.pt\/index.php?rest_route=\/wp\/v2\/pages\/1668\/revisions\/1735"}],"wp:attachment":[{"href":"https:\/\/cai-autocaravanismo.pt\/index.php?rest_route=%2Fwp%2Fv2%2Fmedia&parent=1668"}],"curies":[{"name":"wp","href":"https:\/\/api.w.org\/{rel}","templated":true}]}}