{"id":1492,"date":"2022-08-19T19:23:03","date_gmt":"2022-08-19T19:23:03","guid":{"rendered":"http:\/\/cai-autocaravanismo.pt\/?page_id=1492"},"modified":"2022-08-19T21:35:15","modified_gmt":"2022-08-19T21:35:15","slug":"inscricoes","status":"publish","type":"page","link":"https:\/\/cai-autocaravanismo.pt\/?page_id=1492","title":{"rendered":"Inscri\u00e7\u00f5es &#8211; Eventos CAI"},"content":{"rendered":"<div class=\"wpforms-container wpforms-container-full wpforms-block\" id=\"wpforms-1479\"><form id=\"wpforms-form-1479\" class=\"wpforms-validate wpforms-form wpforms-ajax-form\" data-formid=\"1479\" method=\"post\" enctype=\"multipart\/form-data\" action=\"\/index.php?rest_route=%2Fwp%2Fv2%2Fpages%2F1492\" data-token=\"dd3b56d963f924cb9bbc0574eb49d1a8\" data-token-time=\"1777084343\"><noscript class=\"wpforms-error-noscript\">Please enable JavaScript in your browser to complete this form.<\/noscript><div class=\"wpforms-field-container\"><div id=\"wpforms-1479-field_19-container\" class=\"wpforms-field wpforms-field-checkbox wpforms-list-inline\" data-field-id=\"19\"><label class=\"wpforms-field-label\">S\u00f3cio? <span class=\"wpforms-required-label\">*<\/span><\/label><ul id=\"wpforms-1479-field_19\" class=\"wpforms-field-required\"><li class=\"choice-1 depth-1\"><input type=\"checkbox\" id=\"wpforms-1479-field_19_1\" name=\"wpforms[fields][19][]\" value=\"Sim\" required ><label class=\"wpforms-field-label-inline\" for=\"wpforms-1479-field_19_1\">Sim<\/label><\/li><li class=\"choice-2 depth-1\"><input type=\"checkbox\" id=\"wpforms-1479-field_19_2\" name=\"wpforms[fields][19][]\" value=\"N\u00e3o\" required ><label class=\"wpforms-field-label-inline\" for=\"wpforms-1479-field_19_2\">N\u00e3o<\/label><\/li><\/ul><div class=\"wpforms-field-description\">Se for **N\u00c3O S\u00d3CIO** o pagamento \u00e9 imediato para o Iban &#8211; PT50 0018 0008 027212140203 6.  <\/div><\/div><div id=\"wpforms-1479-field_13-container\" class=\"wpforms-field wpforms-field-number\" data-field-id=\"13\"><label class=\"wpforms-field-label\" for=\"wpforms-1479-field_13\">N\u00famero de s\u00f3cio<\/label><input type=\"number\" id=\"wpforms-1479-field_13\" class=\"wpforms-field-medium\" name=\"wpforms[fields][13]\" step=\"any\" ><\/div><div id=\"wpforms-1479-field_10-container\" class=\"wpforms-field wpforms-field-name\" data-field-id=\"10\"><label class=\"wpforms-field-label\" for=\"wpforms-1479-field_10\">Nome <span class=\"wpforms-required-label\">*<\/span><\/label><input type=\"text\" id=\"wpforms-1479-field_10\" class=\"wpforms-field-medium wpforms-field-required\" name=\"wpforms[fields][10]\" required><\/div><div id=\"wpforms-1479-field_11-container\" class=\"wpforms-field wpforms-field-email\" data-field-id=\"11\"><label class=\"wpforms-field-label\" for=\"wpforms-1479-field_11\">Email <span class=\"wpforms-required-label\">*<\/span><\/label><input type=\"email\" id=\"wpforms-1479-field_11\" class=\"wpforms-field-medium wpforms-field-required\" name=\"wpforms[fields][11]\" spellcheck=\"false\" required><\/div><div id=\"wpforms-1479-field_14-container\" class=\"wpforms-field wpforms-field-number\" data-field-id=\"14\"><label class=\"wpforms-field-label\" for=\"wpforms-1479-field_14\">Telem\u00f3vel <span class=\"wpforms-required-label\">*<\/span><\/label><input type=\"number\" id=\"wpforms-1479-field_14\" class=\"wpforms-field-medium wpforms-field-required\" name=\"wpforms[fields][14]\" step=\"any\" required><\/div><div id=\"wpforms-1479-field_17-container\" class=\"wpforms-field wpforms-field-text\" data-field-id=\"17\"><label class=\"wpforms-field-label\" for=\"wpforms-1479-field_17\">Matr\u00edcula<\/label><input type=\"text\" id=\"wpforms-1479-field_17\" class=\"wpforms-field-medium\" name=\"wpforms[fields][17]\" ><\/div><div id=\"wpforms-1479-field_15-container\" class=\"wpforms-field wpforms-field-select wpforms-field-select-style-classic\" data-field-id=\"15\"><label class=\"wpforms-field-label\" for=\"wpforms-1479-field_15\">N\u00famero de Participantes <span class=\"wpforms-required-label\">*<\/span><\/label><select id=\"wpforms-1479-field_15\" class=\"wpforms-field-medium wpforms-field-required\" name=\"wpforms[fields][15]\" required=\"required\"><option value=\"\" class=\"placeholder\" disabled  selected='selected'>Escolha um dos n\u00famero a baixo<\/option><option value=\"1\"  class=\"choice-8 depth-1\"  >1<\/option><option value=\"2\"  class=\"choice-2 depth-1\"  >2<\/option><option value=\"3\"  class=\"choice-3 depth-1\"  >3<\/option><option value=\"4\"  class=\"choice-4 depth-1\"  >4<\/option><option value=\"5\"  class=\"choice-5 depth-1\"  >5<\/option><option value=\"6\"  class=\"choice-6 depth-1\"  >6<\/option><\/select><\/div><div id=\"wpforms-1479-field_16-container\" class=\"wpforms-field wpforms-field-select wpforms-field-select-style-classic\" data-field-id=\"16\"><label class=\"wpforms-field-label\" for=\"wpforms-1479-field_16\">Se tiver crian\u00e7as<\/label><select id=\"wpforms-1479-field_16\" class=\"wpforms-field-medium\" name=\"wpforms[fields][16]\"><option value=\"\" class=\"placeholder\" disabled  selected='selected'>Escolha a idade da crian\u00e7a<\/option><option value=\"0-4 anos\"  class=\"choice-1 depth-1\"  >0-4 anos<\/option><option value=\"5-10 anos\"  class=\"choice-2 depth-1\"  >5-10 anos<\/option><\/select><\/div><div id=\"wpforms-1479-field_18-container\" class=\"wpforms-field wpforms-field-textarea\" data-field-id=\"18\"><label class=\"wpforms-field-label\" for=\"wpforms-1479-field_18\">Observa\u00e7\u00f5es<\/label><textarea id=\"wpforms-1479-field_18\" class=\"wpforms-field-medium\" name=\"wpforms[fields][18]\" ><\/textarea><\/div><\/div><!-- .wpforms-field-container --><div class=\"wpforms-submit-container\" ><input type=\"hidden\" name=\"wpforms[id]\" value=\"1479\"><input type=\"hidden\" name=\"page_title\" value=\"\"><input type=\"hidden\" name=\"page_url\" value=\"https:\/\/cai-autocaravanismo.pt\/index.php?rest_route=\/wp\/v2\/pages\/1492\"><input type=\"hidden\" name=\"url_referer\" value=\"\"><button type=\"submit\" name=\"wpforms[submit]\" id=\"wpforms-submit-1479\" class=\"wpforms-submit\" data-alt-text=\"A enviar...\" data-submit-text=\"Enviar a inscri\u00e7\u00e3o\" aria-live=\"assertive\" value=\"wpforms-submit\">Enviar a inscri\u00e7\u00e3o<\/button><img loading=\"lazy\" decoding=\"async\" src=\"https:\/\/cai-autocaravanismo.pt\/wp-content\/plugins\/wpforms-lite\/assets\/images\/submit-spin.svg\" class=\"wpforms-submit-spinner\" style=\"display: none;\" width=\"26\" height=\"26\" alt=\"Loading\"><\/div><\/form><\/div>  <!-- .wpforms-container -->","protected":false},"excerpt":{"rendered":"","protected":false},"author":1,"featured_media":0,"parent":0,"menu_order":0,"comment_status":"closed","ping_status":"closed","template":"","meta":{"footnotes":""},"class_list":["post-1492","page","type-page","status-publish","hentry"],"_links":{"self":[{"href":"https:\/\/cai-autocaravanismo.pt\/index.php?rest_route=\/wp\/v2\/pages\/1492","targetHints":{"allow":["GET"]}}],"collection":[{"href":"https:\/\/cai-autocaravanismo.pt\/index.php?rest_route=\/wp\/v2\/pages"}],"about":[{"href":"https:\/\/cai-autocaravanismo.pt\/index.php?rest_route=\/wp\/v2\/types\/page"}],"author":[{"embeddable":true,"href":"https:\/\/cai-autocaravanismo.pt\/index.php?rest_route=\/wp\/v2\/users\/1"}],"replies":[{"embeddable":true,"href":"https:\/\/cai-autocaravanismo.pt\/index.php?rest_route=%2Fwp%2Fv2%2Fcomments&post=1492"}],"version-history":[{"count":2,"href":"https:\/\/cai-autocaravanismo.pt\/index.php?rest_route=\/wp\/v2\/pages\/1492\/revisions"}],"predecessor-version":[{"id":1499,"href":"https:\/\/cai-autocaravanismo.pt\/index.php?rest_route=\/wp\/v2\/pages\/1492\/revisions\/1499"}],"wp:attachment":[{"href":"https:\/\/cai-autocaravanismo.pt\/index.php?rest_route=%2Fwp%2Fv2%2Fmedia&parent=1492"}],"curies":[{"name":"wp","href":"https:\/\/api.w.org\/{rel}","templated":true}]}}