{"id":137,"date":"2012-11-24T16:12:15","date_gmt":"2012-11-24T16:12:15","guid":{"rendered":"http:\/\/cai-autocaravanismo.pt\/?page_id=137"},"modified":"2025-03-08T23:34:04","modified_gmt":"2025-03-08T23:34:04","slug":"federacoes-e-clubes","status":"publish","type":"page","link":"https:\/\/cai-autocaravanismo.pt\/?page_id=137","title":{"rendered":"Federa\u00e7\u00f5es e Clubes"},"content":{"rendered":"<ul>\n<li><a title=\"Federa\u00e7\u00e3o Portuguesa de Autocaravanismo\" href=\"http:\/\/www.fpa-autocaravanismo.pt\/\" target=\"_blank\" rel=\"noopener\">Federa\u00e7\u00e3o Portuguesa de Autocaravanismo<\/a><\/li>\n<li><a href=\"https:\/\/caa-autocaravanismo.pt\/\">CAA &#8211; Clube Autocaravanista Algarvio<\/a><\/li>\n<li>ANA &#8211; Associa\u00e7\u00e3o Nacional Autocaravanismo<\/li>\n<li><a title=\" Clube Autocaravanista Saloio\" href=\"http:\/\/cas-autocaravanismo.com\/index.php\">Clube Autocaravanista Saloio<\/a><\/li>\n<li><a title=\"Clube de Campismo e Caravanismo de Barcelos\" href=\"http:\/\/www.cccbarcelos.com\/\">Clube de Campismo e Caravanismo de Barcelos<\/a><\/li>\n<li><a title=\"Clube Flaviense de Autocaravanismo\" href=\"http:\/\/cfachaves.com.sapo.pt\/\">Clube Flaviense de Autocaravanismo<\/a><\/li>\n<li><a title=\"Clube Gardingo de Autocaravanas\" href=\"http:\/\/www.clubegardingo-autocaravanas.pt\/\" target=\"_blank\" rel=\"noopener\">Clube Gardingo de Autocaravanas<\/a><\/li>\n<li><a title=\"Clube Portugu\u00eas de Autocaravanas\" href=\"http:\/\/www.cpa-autocaravanas.com\/\" target=\"_blank\" rel=\"noopener\">Clube Portugu\u00eas de Autocaravanas<\/a><\/li>\n<li><a href=\"https:\/\/www.facebook.com\/AapAssociacaoDeAutocaravanismoPortuguesa?fref=ts\">AAP-Associa\u00e7\u00e3o de Autocaravanismo Portuguesa<\/a><\/li>\n<li>\n<p class=\"text-align-center m-size-19 size-24\"><a href=\"https:\/\/www.movaci.pt\/\"><span class=\"m-font-size-19 font-size-24\">MOVACI &#8211; Movimento de Valoriza\u00e7\u00e3o do Autocaravanismo <\/span><span class=\"m-font-size-19 font-size-24\">Consciente e Itinerante<\/span><\/a><\/p>\n<\/li>\n<\/ul>\n\n\n<p><\/p>\n","protected":false},"excerpt":{"rendered":"<p>Federa\u00e7\u00e3o Portuguesa de Autocaravanismo CAA &#8211; Clube Autocaravanista Algarvio ANA &#8211; Associa\u00e7\u00e3o Nacional Autocaravanismo Clube Autocaravanista Saloio Clube de Campismo e Caravanismo de Barcelos Clube Flaviense de Autocaravanismo Clube Gardingo de Autocaravanas Clube Portugu\u00eas de Autocaravanas AAP-Associa\u00e7\u00e3o de Autocaravanismo Portuguesa MOVACI &#8211; Movimento de Valoriza\u00e7\u00e3o do Autocaravanismo Consciente e Itinerante<\/p>\n","protected":false},"author":1,"featured_media":0,"parent":8,"menu_order":4,"comment_status":"closed","ping_status":"closed","template":"","meta":{"footnotes":""},"class_list":["post-137","page","type-page","status-publish","hentry"],"_links":{"self":[{"href":"https:\/\/cai-autocaravanismo.pt\/index.php?rest_route=\/wp\/v2\/pages\/137","targetHints":{"allow":["GET"]}}],"collection":[{"href":"https:\/\/cai-autocaravanismo.pt\/index.php?rest_route=\/wp\/v2\/pages"}],"about":[{"href":"https:\/\/cai-autocaravanismo.pt\/index.php?rest_route=\/wp\/v2\/types\/page"}],"author":[{"embeddable":true,"href":"https:\/\/cai-autocaravanismo.pt\/index.php?rest_route=\/wp\/v2\/users\/1"}],"replies":[{"embeddable":true,"href":"https:\/\/cai-autocaravanismo.pt\/index.php?rest_route=%2Fwp%2Fv2%2Fcomments&post=137"}],"version-history":[{"count":7,"href":"https:\/\/cai-autocaravanismo.pt\/index.php?rest_route=\/wp\/v2\/pages\/137\/revisions"}],"predecessor-version":[{"id":1822,"href":"https:\/\/cai-autocaravanismo.pt\/index.php?rest_route=\/wp\/v2\/pages\/137\/revisions\/1822"}],"up":[{"embeddable":true,"href":"https:\/\/cai-autocaravanismo.pt\/index.php?rest_route=\/wp\/v2\/pages\/8"}],"wp:attachment":[{"href":"https:\/\/cai-autocaravanismo.pt\/index.php?rest_route=%2Fwp%2Fv2%2Fmedia&parent=137"}],"curies":[{"name":"wp","href":"https:\/\/api.w.org\/{rel}","templated":true}]}}