{"id":10,"date":"2012-11-21T18:07:50","date_gmt":"2012-11-21T18:07:50","guid":{"rendered":"http:\/\/cai-autocaravanismo.pt\/?page_id=10"},"modified":"2014-02-09T16:21:04","modified_gmt":"2014-02-09T16:21:04","slug":"projetos-cai","status":"publish","type":"page","link":"https:\/\/cai-autocaravanismo.pt\/?page_id=10","title":{"rendered":"Projetos CAI"},"content":{"rendered":"<p>Sentiu o CAI a necessidade da cria\u00e7\u00e3o de novos projectos, com o apoio de alguns s\u00f3cios, nasceram o <a title=\"Projeto CAI Escolinhas\" href=\"http:\/\/cai-autocaravanismo.pt\/?page_id=56\">CAI Escolinhas<\/a> e o <a title=\"Projeto CAI Solid\u00e1rio\" href=\"http:\/\/cai-autocaravanismo.pt\/?page_id=58\">CAI Solid\u00e1rio<\/a>.<\/p>\n","protected":false},"excerpt":{"rendered":"<p>Sentiu o CAI a necessidade da cria\u00e7\u00e3o de novos projectos, com o apoio de alguns s\u00f3cios, nasceram o CAI Escolinhas e o CAI Solid\u00e1rio.<\/p>\n","protected":false},"author":1,"featured_media":0,"parent":0,"menu_order":3,"comment_status":"closed","ping_status":"closed","template":"","meta":{"footnotes":""},"class_list":["post-10","page","type-page","status-publish","hentry"],"_links":{"self":[{"href":"https:\/\/cai-autocaravanismo.pt\/index.php?rest_route=\/wp\/v2\/pages\/10","targetHints":{"allow":["GET"]}}],"collection":[{"href":"https:\/\/cai-autocaravanismo.pt\/index.php?rest_route=\/wp\/v2\/pages"}],"about":[{"href":"https:\/\/cai-autocaravanismo.pt\/index.php?rest_route=\/wp\/v2\/types\/page"}],"author":[{"embeddable":true,"href":"https:\/\/cai-autocaravanismo.pt\/index.php?rest_route=\/wp\/v2\/users\/1"}],"replies":[{"embeddable":true,"href":"https:\/\/cai-autocaravanismo.pt\/index.php?rest_route=%2Fwp%2Fv2%2Fcomments&post=10"}],"version-history":[{"count":15,"href":"https:\/\/cai-autocaravanismo.pt\/index.php?rest_route=\/wp\/v2\/pages\/10\/revisions"}],"predecessor-version":[{"id":436,"href":"https:\/\/cai-autocaravanismo.pt\/index.php?rest_route=\/wp\/v2\/pages\/10\/revisions\/436"}],"wp:attachment":[{"href":"https:\/\/cai-autocaravanismo.pt\/index.php?rest_route=%2Fwp%2Fv2%2Fmedia&parent=10"}],"curies":[{"name":"wp","href":"https:\/\/api.w.org\/{rel}","templated":true}]}}