{"id":991,"date":"2016-03-01T11:37:36","date_gmt":"2016-03-01T11:37:36","guid":{"rendered":"http:\/\/cai-autocaravanismo.pt\/?page_id=991"},"modified":"2020-01-23T19:36:47","modified_gmt":"2020-01-23T19:36:47","slug":"991-2","status":"publish","type":"page","link":"http:\/\/cai-autocaravanismo.pt\/?page_id=991","title":{"rendered":"De Alvor a Portim\u00e3o.."},"content":{"rendered":"<p><a href=\"http:\/\/cai-autocaravanismo.pt\/wp-content\/uploads\/2012\/11\/cartaz.jpg\"><img loading=\"lazy\" decoding=\"async\" class=\"aligncenter size-full wp-image-987\" src=\"http:\/\/cai-autocaravanismo.pt\/wp-content\/uploads\/2012\/11\/cartaz.jpg\" alt=\"cartaz\" width=\"360\" height=\"480\" srcset=\"http:\/\/cai-autocaravanismo.pt\/wp-content\/uploads\/2012\/11\/cartaz.jpg 360w, http:\/\/cai-autocaravanismo.pt\/wp-content\/uploads\/2012\/11\/cartaz-225x300.jpg 225w\" sizes=\"auto, (max-width: 360px) 100vw, 360px\" \/><\/a><\/p>\n<p><strong>Dia 22 de Abril \u2013 Sexta \u2013Feira<\/strong><\/p>\n<p><strong>18:00 horas<\/strong> \u2013 Recep\u00e7\u00e3o dos participantes \u2013<\/p>\n<p>Coordenadas: N\u00a037.126207 , \u00a0W 8.594598<\/p>\n<p><strong>Dia 23 de Abril \u2013 S\u00e1bado<\/strong><\/p>\n<p><strong>8:00 horas \u2013 <\/strong>Alvorada com Padeiro<\/p>\n<p><strong>9:30 horas \u2013 <\/strong>Sa\u00edda em autocarro para visita ao Museu da Conserva em Portim\u00e3o\u00a0 (c\/guia)<\/p>\n<p><strong>11:00 horas<\/strong> \u2013 Visita ao Centro de Portim\u00e3o \u2013 Igreja Matriz e Igreja do Col\u00e9gio (c\/guia)<\/p>\n<p><strong>13:00 horas<\/strong> \u2013 Regresso em autocarro \u00e0s Autocaravanas &#8211; Almo\u00e7o Livre<\/p>\n<p><strong>16:00 horas <\/strong>&#8211; Visita a Alvor Isl\u00e2mico (c\/guia)<\/p>\n<p><strong>18:00 horas<\/strong> \u2013 Regresso \u00e0s autocaravanas<\/p>\n<p><strong>20:00 \u00e0s 24:00 horas<\/strong> \u2013 <strong>Jantar conv\u00edvio em Alvor \u2013 Restaurante Silmar<\/strong><\/p>\n<p><strong>Cocktail boas vindas: <\/strong>Past\u00e9is de Bacalhau, riss\u00f3is de Carne\/Camar\u00e3o<\/p>\n<p><strong>Ementa: <\/strong>Entradas: P\u00e3o, Manteiga e azeitonas.<\/p>\n<p><strong>Sopa:<\/strong> Creme de Legumes<\/p>\n<p><strong>Prato:<\/strong> Arroz de Tamboril com Gambas <strong>Ou <\/strong>Lombo \u00e0 Padeiro<\/p>\n<p><strong>Bebidas:<\/strong> \u00c1gua, Vinho da casa, refrigerantes e caf\u00e9<\/p>\n<p><strong>Sobremesa:<\/strong> Torta de claras.<\/p>\n<p>&nbsp;<\/p>\n<p><strong>Informar no email de inscri\u00e7\u00e3o o comer que pretende!<\/strong><\/p>\n<p>&nbsp;<\/p>\n<p><strong>Dia 24 de Abril \u2013 Domingo<\/strong><\/p>\n<p><strong>08:30 horas<\/strong> \u2013 Alvorada<\/p>\n<p><strong>09:30 horas<\/strong> \u2013 Passeio Pedestre pelo cal\u00e7ad\u00e3o Junto ao Rio e Praia (+-6km) (c\/guia)<\/p>\n<p><strong>11:30horas<\/strong> \u2013 Visita ao mercadinho dos Lavradores junto \u00e0 Ria<\/p>\n<p><strong>13:00 \u00e0s 15:00 horas<\/strong> \u2013 Almo\u00e7o livre<\/p>\n<p><strong>15:30 \u00e0s 20:00<\/strong> \u2013 (Ainda a designar.)<\/p>\n<p><strong>20:00 horas<\/strong> &#8211; Jantar Livre<\/p>\n<p>&nbsp;<\/p>\n<p><strong>Dia 25 de Abril \u2013 Segunda Feira<\/strong><\/p>\n<p><strong>8:30 horas<\/strong> \u2013 Alvorada com padeiro<\/p>\n<p><strong>10:00 horas<\/strong> \u2013 Jogos tradicionais<\/p>\n<p><strong>13:00 horas<\/strong> \u2013 Almo\u00e7o PIC-NIC CAI no Parque<\/p>\n<p><strong>15:00 horas<\/strong> \u2013 Regresso a Casa<\/p>\n<p><strong>\u00a0<\/strong><\/p>\n<p>Pre\u00e7o por adulto S\u00f3cio- 20.00\u20ac<br \/>\nPre\u00e7o por adulto n\u00e3o S\u00f3cio \u2013 24,00\u20ac<br \/>\nPre\u00e7o crian\u00e7as dos 3 aos 12 \u00a0anos &#8211; 10.00\u20ac<\/p>\n<p>(Programa sujeito a altera\u00e7\u00f5es\u2026)<\/p>\n","protected":false},"excerpt":{"rendered":"<p>Dia 22 de Abril \u2013 Sexta \u2013Feira 18:00 horas \u2013 Recep\u00e7\u00e3o dos participantes \u2013 Coordenadas: N\u00a037.126207 , \u00a0W 8.594598 Dia 23 de Abril \u2013 S\u00e1bado 8:00 horas \u2013 Alvorada com Padeiro 9:30 horas \u2013 Sa\u00edda em autocarro para visita ao Museu da Conserva em Portim\u00e3o\u00a0 (c\/guia) 11:00 horas \u2013 Visita ao Centro de Portim\u00e3o \u2013 &hellip; <a href=\"http:\/\/cai-autocaravanismo.pt\/?page_id=991\" class=\"more-link\">Continuar a ler <span class=\"screen-reader-text\">De Alvor a Portim\u00e3o..<\/span><\/a><\/p>\n","protected":false},"author":1,"featured_media":0,"parent":344,"menu_order":64,"comment_status":"open","ping_status":"closed","template":"","meta":{"footnotes":""},"class_list":["post-991","page","type-page","status-publish","hentry"],"_links":{"self":[{"href":"http:\/\/cai-autocaravanismo.pt\/index.php?rest_route=\/wp\/v2\/pages\/991","targetHints":{"allow":["GET"]}}],"collection":[{"href":"http:\/\/cai-autocaravanismo.pt\/index.php?rest_route=\/wp\/v2\/pages"}],"about":[{"href":"http:\/\/cai-autocaravanismo.pt\/index.php?rest_route=\/wp\/v2\/types\/page"}],"author":[{"embeddable":true,"href":"http:\/\/cai-autocaravanismo.pt\/index.php?rest_route=\/wp\/v2\/users\/1"}],"replies":[{"embeddable":true,"href":"http:\/\/cai-autocaravanismo.pt\/index.php?rest_route=%2Fwp%2Fv2%2Fcomments&post=991"}],"version-history":[{"count":3,"href":"http:\/\/cai-autocaravanismo.pt\/index.php?rest_route=\/wp\/v2\/pages\/991\/revisions"}],"predecessor-version":[{"id":995,"href":"http:\/\/cai-autocaravanismo.pt\/index.php?rest_route=\/wp\/v2\/pages\/991\/revisions\/995"}],"up":[{"embeddable":true,"href":"http:\/\/cai-autocaravanismo.pt\/index.php?rest_route=\/wp\/v2\/pages\/344"}],"wp:attachment":[{"href":"http:\/\/cai-autocaravanismo.pt\/index.php?rest_route=%2Fwp%2Fv2%2Fmedia&parent=991"}],"curies":[{"name":"wp","href":"https:\/\/api.w.org\/{rel}","templated":true}]}}