{"id":975,"date":"2016-01-22T17:59:01","date_gmt":"2016-01-22T17:59:01","guid":{"rendered":"http:\/\/cai-autocaravanismo.pt\/?page_id=975"},"modified":"2020-01-23T19:36:33","modified_gmt":"2020-01-23T19:36:33","slug":"6o-aniversario-do-cai-na-arruda-dos-vinhos","status":"publish","type":"page","link":"http:\/\/cai-autocaravanismo.pt\/?page_id=975","title":{"rendered":"6\u00ba Anivers\u00e1rio do CAI na Arruda dos Vinhos"},"content":{"rendered":"<p><a href=\"http:\/\/cai-autocaravanismo.pt\/wp-content\/uploads\/2012\/11\/cartaz.png\"><img loading=\"lazy\" decoding=\"async\" class=\"aligncenter size-full wp-image-973\" src=\"http:\/\/cai-autocaravanismo.pt\/wp-content\/uploads\/2012\/11\/cartaz.png\" alt=\"cartaz\" width=\"480\" height=\"360\" srcset=\"http:\/\/cai-autocaravanismo.pt\/wp-content\/uploads\/2012\/11\/cartaz.png 480w, http:\/\/cai-autocaravanismo.pt\/wp-content\/uploads\/2012\/11\/cartaz-300x225.png 300w\" sizes=\"auto, (max-width: 480px) 100vw, 480px\" \/><\/a><\/p>\n<p><strong>\u00a0Dia 26 de Fevereiro de 2016<\/strong><\/p>\n<p><strong>18h00<\/strong> \u2013 Chegada dos participantes ao do pavilh\u00e3o Multiusos da Arruda dos Vinhos.<\/p>\n<p><strong>Coordenadas:<\/strong>\u00a0 38.9906808&#8243;N 9.0769351&#8243;W<\/p>\n<p>&nbsp;<\/p>\n<p><strong>Dia 27 de Fevereiro de 2016<\/strong><\/p>\n<p><strong>10h00 \u2013<\/strong> Visita ao Chafariz, Igreja Matriz Nossa Senhora da Salva\u00e7\u00e3o,<\/p>\n<p>Antigo Pa\u00e7os Concelho, Biblioteca Municipal Irene Lisboa,<\/p>\n<p>Jardim e Pal\u00e1cio do Morgado.<\/p>\n<p><strong>13h00 \u00e0s 00h00<\/strong> &#8211; Comemora\u00e7\u00e3o do 6\u00ba anivers\u00e1rio do CAI<\/p>\n<p><strong>13h30 <\/strong>\u2013 Almo\u00e7o no Pavilh\u00e3o Multiusos da Arruda<\/p>\n<p>Ementa: <strong>Entradas \u2013<\/strong> P\u00e3o, azeitonas, queijo e pat\u00e9.<\/p>\n<p><strong>Sopa \u2013<\/strong> Canja.<\/p>\n<p><strong>Prato \u2013<\/strong> Fritada (Carne de porco) com arroz, e batata frita de pacote<\/p>\n<p><strong>Sobremesa \u2013<\/strong> Arroz Doce.<\/p>\n<p><strong>Bebidas:<\/strong> Vinho, Cerveja, Sumos, \u00c1guas Minerais e Sangria.<\/p>\n<p><strong>15h00<\/strong> \u2013 Abertura dos Stands:<\/p>\n<p>-Da quermesse;<\/p>\n<p>&#8211; Do artesanato;<\/p>\n<p>&#8211; Dos bolos;<\/p>\n<p>&#8211; Dos produtos regionais.<\/p>\n<p>&#8211; In\u00edcio do Baile com o conjunto: \u201cRa\u00fal e eu\u201d<\/p>\n<p>&#8211; Algumas Surpresas..<\/p>\n<p><strong>19h00<\/strong> \u2013 Jantar: Pickicai (Cada um leva o seu comer)<\/p>\n<p><strong>20h30<\/strong> \u2013 Continua\u00e7\u00e3o do baile com: \u201c Ra\u00fal e eu\u201d<\/p>\n<p><strong>22h00<\/strong> \u2013 Partir o bolo de anivers\u00e1rio.<\/p>\n<p>(Mais um ano para festejarmos toda a tarde e noite o anivers\u00e1rio do nosso clube, com muita anima\u00e7\u00e3o pelo meio)<\/p>\n<p>&nbsp;<\/p>\n<p><strong>Dia 28 de Fevereiro de 2016<\/strong><\/p>\n<p><strong>10h00 \u2013<\/strong> Passeio pedestre visita ao monte.<\/p>\n<p><strong>13h00 \u2013<\/strong> Picknicai no Pavilh\u00e3o Multiusos (Cada um leva o seu)<\/p>\n<p>&nbsp;<\/p>\n<p>&nbsp;<\/p>\n<p>Pre\u00e7o por adulto S\u00f3cio- _Gr\u00e1tis<br \/>\nPre\u00e7o por adulto n\u00e3o S\u00f3cio \u2013 10,00\u20ac<br \/>\nPre\u00e7o crian\u00e7as dos 3 aos 12 anos n\u00e3o s\u00f3cio &#8211; 5.00\u20ac<\/p>\n<p>(Programa sujeito a altera\u00e7\u00f5es\u2026)<\/p>\n","protected":false},"excerpt":{"rendered":"<p>\u00a0Dia 26 de Fevereiro de 2016 18h00 \u2013 Chegada dos participantes ao do pavilh\u00e3o Multiusos da Arruda dos Vinhos. Coordenadas:\u00a0 38.9906808&#8243;N 9.0769351&#8243;W &nbsp; Dia 27 de Fevereiro de 2016 10h00 \u2013 Visita ao Chafariz, Igreja Matriz Nossa Senhora da Salva\u00e7\u00e3o, Antigo Pa\u00e7os Concelho, Biblioteca Municipal Irene Lisboa, Jardim e Pal\u00e1cio do Morgado. 13h00 \u00e0s 00h00 &hellip; <a href=\"http:\/\/cai-autocaravanismo.pt\/?page_id=975\" class=\"more-link\">Continuar a ler <span class=\"screen-reader-text\">6\u00ba Anivers\u00e1rio do CAI na Arruda dos Vinhos<\/span><\/a><\/p>\n","protected":false},"author":1,"featured_media":0,"parent":344,"menu_order":66,"comment_status":"open","ping_status":"closed","template":"","meta":{"footnotes":""},"class_list":["post-975","page","type-page","status-publish","hentry"],"_links":{"self":[{"href":"http:\/\/cai-autocaravanismo.pt\/index.php?rest_route=\/wp\/v2\/pages\/975","targetHints":{"allow":["GET"]}}],"collection":[{"href":"http:\/\/cai-autocaravanismo.pt\/index.php?rest_route=\/wp\/v2\/pages"}],"about":[{"href":"http:\/\/cai-autocaravanismo.pt\/index.php?rest_route=\/wp\/v2\/types\/page"}],"author":[{"embeddable":true,"href":"http:\/\/cai-autocaravanismo.pt\/index.php?rest_route=\/wp\/v2\/users\/1"}],"replies":[{"embeddable":true,"href":"http:\/\/cai-autocaravanismo.pt\/index.php?rest_route=%2Fwp%2Fv2%2Fcomments&post=975"}],"version-history":[{"count":3,"href":"http:\/\/cai-autocaravanismo.pt\/index.php?rest_route=\/wp\/v2\/pages\/975\/revisions"}],"predecessor-version":[{"id":979,"href":"http:\/\/cai-autocaravanismo.pt\/index.php?rest_route=\/wp\/v2\/pages\/975\/revisions\/979"}],"up":[{"embeddable":true,"href":"http:\/\/cai-autocaravanismo.pt\/index.php?rest_route=\/wp\/v2\/pages\/344"}],"wp:attachment":[{"href":"http:\/\/cai-autocaravanismo.pt\/index.php?rest_route=%2Fwp%2Fv2%2Fmedia&parent=975"}],"curies":[{"name":"wp","href":"https:\/\/api.w.org\/{rel}","templated":true}]}}