{"id":910,"date":"2015-05-23T10:15:20","date_gmt":"2015-05-23T10:15:20","guid":{"rendered":"http:\/\/cai-autocaravanismo.pt\/?page_id=910"},"modified":"2020-01-23T19:35:37","modified_gmt":"2020-01-23T19:35:37","slug":"inauguracao-da-asa-de-pataias","status":"publish","type":"page","link":"http:\/\/cai-autocaravanismo.pt\/?page_id=910","title":{"rendered":"Inaugura\u00e7\u00e3o da ASA de Pataias"},"content":{"rendered":"<p>Foi inaugurada no dia 16 de Maio de 2015 no intermarch\u00ea de Pataias mais uma \u00e1rea de servi\u00e7o para autocaravanas com o apoio do CAI. Um muito obrigado ao Sr\u00ba Daniel, e Sr\u00aa Neusa por terem apostado nesta obra, e nos terem oferecido mais um servi\u00e7o destinado aos autocaravanistas. O Intermarch\u00ea de Pataias tem Bomba de combustivel, Loja, Lavagem autom\u00e1tica, Lavandaria, Jogos da santa casa. Estiveram presentes os menbros da Junta de Freguesia de Pataias e Cam\u00e2ra Municipal de Alcoba\u00e7a. Obrigado tamb\u00e9m ao S\u00f3cio <a class=\"profileLink\" href=\"https:\/\/www.facebook.com\/alfredomanuel.conceicaofrancisco\" data-hovercard=\"\/ajax\/hovercard\/user.php?id=100003481616743\">Alfredo Manuel Concei\u00e7\u00e3o Francisco<\/a> por ter sido o elo de liga\u00e7\u00e3o e pela sua presen\u00e7a nesta inaugura\u00e7\u00e3o que foi feita muito inesperadamente. E um obrigado tamb\u00e9m ao s\u00f3cio <a class=\"profileLink\" href=\"https:\/\/www.facebook.com\/ramiro.simoes.3\" data-hovercard=\"\/ajax\/hovercard\/user.php?id=100001025794260\">Ramiro Simoes<\/a> e companheiro Bernardino Martinho pela presen\u00e7a.<\/p>\n<p><a href=\"http:\/\/cai-autocaravanismo.pt\/wp-content\/uploads\/2015\/05\/DSC00683.jpg\"><img loading=\"lazy\" decoding=\"async\" class=\"aligncenter size-full wp-image-911\" src=\"http:\/\/cai-autocaravanismo.pt\/wp-content\/uploads\/2015\/05\/DSC00683.jpg\" alt=\"DSC00683\" width=\"2592\" height=\"1944\" srcset=\"http:\/\/cai-autocaravanismo.pt\/wp-content\/uploads\/2015\/05\/DSC00683.jpg 2592w, http:\/\/cai-autocaravanismo.pt\/wp-content\/uploads\/2015\/05\/DSC00683-300x225.jpg 300w, http:\/\/cai-autocaravanismo.pt\/wp-content\/uploads\/2015\/05\/DSC00683-1024x768.jpg 1024w\" sizes=\"auto, (max-width: 2592px) 100vw, 2592px\" \/><\/a> <a href=\"http:\/\/cai-autocaravanismo.pt\/wp-content\/uploads\/2015\/05\/DSC00684.jpg\"><img loading=\"lazy\" decoding=\"async\" class=\"aligncenter size-full wp-image-912\" src=\"http:\/\/cai-autocaravanismo.pt\/wp-content\/uploads\/2015\/05\/DSC00684.jpg\" alt=\"DSC00684\" width=\"2592\" height=\"1944\" srcset=\"http:\/\/cai-autocaravanismo.pt\/wp-content\/uploads\/2015\/05\/DSC00684.jpg 2592w, http:\/\/cai-autocaravanismo.pt\/wp-content\/uploads\/2015\/05\/DSC00684-300x225.jpg 300w, http:\/\/cai-autocaravanismo.pt\/wp-content\/uploads\/2015\/05\/DSC00684-1024x768.jpg 1024w\" sizes=\"auto, (max-width: 2592px) 100vw, 2592px\" \/><\/a> <a href=\"http:\/\/cai-autocaravanismo.pt\/wp-content\/uploads\/2015\/05\/DSC00685.jpg\"><img loading=\"lazy\" decoding=\"async\" class=\"aligncenter size-full wp-image-913\" src=\"http:\/\/cai-autocaravanismo.pt\/wp-content\/uploads\/2015\/05\/DSC00685.jpg\" alt=\"DSC00685\" width=\"2592\" height=\"1944\" srcset=\"http:\/\/cai-autocaravanismo.pt\/wp-content\/uploads\/2015\/05\/DSC00685.jpg 2592w, http:\/\/cai-autocaravanismo.pt\/wp-content\/uploads\/2015\/05\/DSC00685-300x225.jpg 300w, http:\/\/cai-autocaravanismo.pt\/wp-content\/uploads\/2015\/05\/DSC00685-1024x768.jpg 1024w\" sizes=\"auto, (max-width: 2592px) 100vw, 2592px\" \/><\/a> <a href=\"http:\/\/cai-autocaravanismo.pt\/wp-content\/uploads\/2015\/05\/DSC00686.jpg\"><img loading=\"lazy\" decoding=\"async\" class=\"aligncenter size-full wp-image-914\" src=\"http:\/\/cai-autocaravanismo.pt\/wp-content\/uploads\/2015\/05\/DSC00686.jpg\" alt=\"DSC00686\" width=\"2592\" height=\"1944\" srcset=\"http:\/\/cai-autocaravanismo.pt\/wp-content\/uploads\/2015\/05\/DSC00686.jpg 2592w, http:\/\/cai-autocaravanismo.pt\/wp-content\/uploads\/2015\/05\/DSC00686-300x225.jpg 300w, http:\/\/cai-autocaravanismo.pt\/wp-content\/uploads\/2015\/05\/DSC00686-1024x768.jpg 1024w\" sizes=\"auto, (max-width: 2592px) 100vw, 2592px\" \/><\/a> <a href=\"http:\/\/cai-autocaravanismo.pt\/wp-content\/uploads\/2015\/05\/DSC00687.jpg\"><img loading=\"lazy\" decoding=\"async\" class=\"aligncenter size-full wp-image-915\" src=\"http:\/\/cai-autocaravanismo.pt\/wp-content\/uploads\/2015\/05\/DSC00687.jpg\" alt=\"DSC00687\" width=\"2592\" height=\"1944\" srcset=\"http:\/\/cai-autocaravanismo.pt\/wp-content\/uploads\/2015\/05\/DSC00687.jpg 2592w, http:\/\/cai-autocaravanismo.pt\/wp-content\/uploads\/2015\/05\/DSC00687-300x225.jpg 300w, http:\/\/cai-autocaravanismo.pt\/wp-content\/uploads\/2015\/05\/DSC00687-1024x768.jpg 1024w\" sizes=\"auto, (max-width: 2592px) 100vw, 2592px\" \/><\/a> <a href=\"http:\/\/cai-autocaravanismo.pt\/wp-content\/uploads\/2015\/05\/DSC00688.jpg\"><img loading=\"lazy\" decoding=\"async\" class=\"aligncenter size-full wp-image-916\" src=\"http:\/\/cai-autocaravanismo.pt\/wp-content\/uploads\/2015\/05\/DSC00688.jpg\" alt=\"DSC00688\" width=\"2592\" height=\"1944\" srcset=\"http:\/\/cai-autocaravanismo.pt\/wp-content\/uploads\/2015\/05\/DSC00688.jpg 2592w, http:\/\/cai-autocaravanismo.pt\/wp-content\/uploads\/2015\/05\/DSC00688-300x225.jpg 300w, http:\/\/cai-autocaravanismo.pt\/wp-content\/uploads\/2015\/05\/DSC00688-1024x768.jpg 1024w\" sizes=\"auto, (max-width: 2592px) 100vw, 2592px\" \/><\/a> <a href=\"http:\/\/cai-autocaravanismo.pt\/wp-content\/uploads\/2015\/05\/DSC00689.jpg\"><img loading=\"lazy\" decoding=\"async\" class=\"aligncenter size-full wp-image-917\" src=\"http:\/\/cai-autocaravanismo.pt\/wp-content\/uploads\/2015\/05\/DSC00689.jpg\" alt=\"DSC00689\" width=\"2592\" height=\"1944\" srcset=\"http:\/\/cai-autocaravanismo.pt\/wp-content\/uploads\/2015\/05\/DSC00689.jpg 2592w, http:\/\/cai-autocaravanismo.pt\/wp-content\/uploads\/2015\/05\/DSC00689-300x225.jpg 300w, http:\/\/cai-autocaravanismo.pt\/wp-content\/uploads\/2015\/05\/DSC00689-1024x768.jpg 1024w\" sizes=\"auto, (max-width: 2592px) 100vw, 2592px\" \/><\/a> <a href=\"http:\/\/cai-autocaravanismo.pt\/wp-content\/uploads\/2015\/05\/DSC00690.jpg\"><img loading=\"lazy\" decoding=\"async\" class=\"aligncenter size-full wp-image-918\" src=\"http:\/\/cai-autocaravanismo.pt\/wp-content\/uploads\/2015\/05\/DSC00690.jpg\" alt=\"DSC00690\" width=\"2592\" height=\"1944\" srcset=\"http:\/\/cai-autocaravanismo.pt\/wp-content\/uploads\/2015\/05\/DSC00690.jpg 2592w, http:\/\/cai-autocaravanismo.pt\/wp-content\/uploads\/2015\/05\/DSC00690-300x225.jpg 300w, http:\/\/cai-autocaravanismo.pt\/wp-content\/uploads\/2015\/05\/DSC00690-1024x768.jpg 1024w\" sizes=\"auto, (max-width: 2592px) 100vw, 2592px\" \/><\/a> <a href=\"http:\/\/cai-autocaravanismo.pt\/wp-content\/uploads\/2015\/05\/DSC00691.jpg\"><img loading=\"lazy\" decoding=\"async\" class=\"aligncenter size-full wp-image-919\" src=\"http:\/\/cai-autocaravanismo.pt\/wp-content\/uploads\/2015\/05\/DSC00691.jpg\" alt=\"DSC00691\" width=\"2592\" height=\"1944\" srcset=\"http:\/\/cai-autocaravanismo.pt\/wp-content\/uploads\/2015\/05\/DSC00691.jpg 2592w, http:\/\/cai-autocaravanismo.pt\/wp-content\/uploads\/2015\/05\/DSC00691-300x225.jpg 300w, http:\/\/cai-autocaravanismo.pt\/wp-content\/uploads\/2015\/05\/DSC00691-1024x768.jpg 1024w\" sizes=\"auto, (max-width: 2592px) 100vw, 2592px\" \/><\/a> <a href=\"http:\/\/cai-autocaravanismo.pt\/wp-content\/uploads\/2015\/05\/DSC00692.jpg\"><img loading=\"lazy\" decoding=\"async\" class=\"aligncenter size-full wp-image-920\" src=\"http:\/\/cai-autocaravanismo.pt\/wp-content\/uploads\/2015\/05\/DSC00692.jpg\" alt=\"DSC00692\" width=\"2592\" height=\"1944\" srcset=\"http:\/\/cai-autocaravanismo.pt\/wp-content\/uploads\/2015\/05\/DSC00692.jpg 2592w, http:\/\/cai-autocaravanismo.pt\/wp-content\/uploads\/2015\/05\/DSC00692-300x225.jpg 300w, http:\/\/cai-autocaravanismo.pt\/wp-content\/uploads\/2015\/05\/DSC00692-1024x768.jpg 1024w\" sizes=\"auto, (max-width: 2592px) 100vw, 2592px\" \/><\/a> <a href=\"http:\/\/cai-autocaravanismo.pt\/wp-content\/uploads\/2015\/05\/DSC00693.jpg\"><img loading=\"lazy\" decoding=\"async\" class=\"aligncenter size-full wp-image-921\" src=\"http:\/\/cai-autocaravanismo.pt\/wp-content\/uploads\/2015\/05\/DSC00693.jpg\" alt=\"DSC00693\" width=\"2592\" height=\"1944\" srcset=\"http:\/\/cai-autocaravanismo.pt\/wp-content\/uploads\/2015\/05\/DSC00693.jpg 2592w, http:\/\/cai-autocaravanismo.pt\/wp-content\/uploads\/2015\/05\/DSC00693-300x225.jpg 300w, http:\/\/cai-autocaravanismo.pt\/wp-content\/uploads\/2015\/05\/DSC00693-1024x768.jpg 1024w\" sizes=\"auto, (max-width: 2592px) 100vw, 2592px\" \/><\/a> <a href=\"http:\/\/cai-autocaravanismo.pt\/wp-content\/uploads\/2015\/05\/DSC00694.jpg\"><img loading=\"lazy\" decoding=\"async\" class=\"aligncenter size-full wp-image-922\" src=\"http:\/\/cai-autocaravanismo.pt\/wp-content\/uploads\/2015\/05\/DSC00694.jpg\" alt=\"DSC00694\" width=\"2592\" height=\"1944\" srcset=\"http:\/\/cai-autocaravanismo.pt\/wp-content\/uploads\/2015\/05\/DSC00694.jpg 2592w, http:\/\/cai-autocaravanismo.pt\/wp-content\/uploads\/2015\/05\/DSC00694-300x225.jpg 300w, http:\/\/cai-autocaravanismo.pt\/wp-content\/uploads\/2015\/05\/DSC00694-1024x768.jpg 1024w\" sizes=\"auto, (max-width: 2592px) 100vw, 2592px\" \/><\/a> <a href=\"http:\/\/cai-autocaravanismo.pt\/wp-content\/uploads\/2015\/05\/DSC00695.jpg\"><img loading=\"lazy\" decoding=\"async\" class=\"aligncenter size-full wp-image-923\" src=\"http:\/\/cai-autocaravanismo.pt\/wp-content\/uploads\/2015\/05\/DSC00695.jpg\" alt=\"DSC00695\" width=\"2592\" height=\"1944\" srcset=\"http:\/\/cai-autocaravanismo.pt\/wp-content\/uploads\/2015\/05\/DSC00695.jpg 2592w, http:\/\/cai-autocaravanismo.pt\/wp-content\/uploads\/2015\/05\/DSC00695-300x225.jpg 300w, http:\/\/cai-autocaravanismo.pt\/wp-content\/uploads\/2015\/05\/DSC00695-1024x768.jpg 1024w\" sizes=\"auto, (max-width: 2592px) 100vw, 2592px\" \/><\/a> <a href=\"http:\/\/cai-autocaravanismo.pt\/wp-content\/uploads\/2015\/05\/DSC00696.jpg\"><img loading=\"lazy\" decoding=\"async\" class=\"aligncenter size-full wp-image-924\" src=\"http:\/\/cai-autocaravanismo.pt\/wp-content\/uploads\/2015\/05\/DSC00696.jpg\" alt=\"DSC00696\" width=\"2592\" height=\"1944\" srcset=\"http:\/\/cai-autocaravanismo.pt\/wp-content\/uploads\/2015\/05\/DSC00696.jpg 2592w, http:\/\/cai-autocaravanismo.pt\/wp-content\/uploads\/2015\/05\/DSC00696-300x225.jpg 300w, http:\/\/cai-autocaravanismo.pt\/wp-content\/uploads\/2015\/05\/DSC00696-1024x768.jpg 1024w\" sizes=\"auto, (max-width: 2592px) 100vw, 2592px\" \/><\/a> <a href=\"http:\/\/cai-autocaravanismo.pt\/wp-content\/uploads\/2015\/05\/DSC00697.jpg\"><img loading=\"lazy\" decoding=\"async\" class=\"aligncenter size-full wp-image-925\" src=\"http:\/\/cai-autocaravanismo.pt\/wp-content\/uploads\/2015\/05\/DSC00697.jpg\" alt=\"DSC00697\" width=\"2592\" height=\"1944\" srcset=\"http:\/\/cai-autocaravanismo.pt\/wp-content\/uploads\/2015\/05\/DSC00697.jpg 2592w, http:\/\/cai-autocaravanismo.pt\/wp-content\/uploads\/2015\/05\/DSC00697-300x225.jpg 300w, http:\/\/cai-autocaravanismo.pt\/wp-content\/uploads\/2015\/05\/DSC00697-1024x768.jpg 1024w\" sizes=\"auto, (max-width: 2592px) 100vw, 2592px\" \/><\/a> <a href=\"http:\/\/cai-autocaravanismo.pt\/wp-content\/uploads\/2015\/05\/DSC00698.jpg\"><img loading=\"lazy\" decoding=\"async\" class=\"aligncenter size-full wp-image-926\" src=\"http:\/\/cai-autocaravanismo.pt\/wp-content\/uploads\/2015\/05\/DSC00698.jpg\" alt=\"DSC00698\" width=\"2592\" height=\"1944\" srcset=\"http:\/\/cai-autocaravanismo.pt\/wp-content\/uploads\/2015\/05\/DSC00698.jpg 2592w, http:\/\/cai-autocaravanismo.pt\/wp-content\/uploads\/2015\/05\/DSC00698-300x225.jpg 300w, http:\/\/cai-autocaravanismo.pt\/wp-content\/uploads\/2015\/05\/DSC00698-1024x768.jpg 1024w\" sizes=\"auto, (max-width: 2592px) 100vw, 2592px\" \/><\/a> <a href=\"http:\/\/cai-autocaravanismo.pt\/wp-content\/uploads\/2015\/05\/DSC00699.jpg\"><img loading=\"lazy\" decoding=\"async\" class=\"aligncenter size-full wp-image-927\" src=\"http:\/\/cai-autocaravanismo.pt\/wp-content\/uploads\/2015\/05\/DSC00699.jpg\" alt=\"DSC00699\" width=\"2592\" height=\"1944\" srcset=\"http:\/\/cai-autocaravanismo.pt\/wp-content\/uploads\/2015\/05\/DSC00699.jpg 2592w, http:\/\/cai-autocaravanismo.pt\/wp-content\/uploads\/2015\/05\/DSC00699-300x225.jpg 300w, http:\/\/cai-autocaravanismo.pt\/wp-content\/uploads\/2015\/05\/DSC00699-1024x768.jpg 1024w\" sizes=\"auto, (max-width: 2592px) 100vw, 2592px\" \/><\/a> <a href=\"http:\/\/cai-autocaravanismo.pt\/wp-content\/uploads\/2015\/05\/DSC00700.jpg\"><img loading=\"lazy\" decoding=\"async\" class=\"aligncenter size-full wp-image-928\" src=\"http:\/\/cai-autocaravanismo.pt\/wp-content\/uploads\/2015\/05\/DSC00700.jpg\" alt=\"DSC00700\" width=\"2592\" height=\"1944\" srcset=\"http:\/\/cai-autocaravanismo.pt\/wp-content\/uploads\/2015\/05\/DSC00700.jpg 2592w, http:\/\/cai-autocaravanismo.pt\/wp-content\/uploads\/2015\/05\/DSC00700-300x225.jpg 300w, http:\/\/cai-autocaravanismo.pt\/wp-content\/uploads\/2015\/05\/DSC00700-1024x768.jpg 1024w\" sizes=\"auto, (max-width: 2592px) 100vw, 2592px\" \/><\/a> <a href=\"http:\/\/cai-autocaravanismo.pt\/wp-content\/uploads\/2015\/05\/DSC00701.jpg\"><img loading=\"lazy\" decoding=\"async\" class=\"aligncenter size-full wp-image-929\" src=\"http:\/\/cai-autocaravanismo.pt\/wp-content\/uploads\/2015\/05\/DSC00701.jpg\" alt=\"DSC00701\" width=\"2592\" height=\"1944\" srcset=\"http:\/\/cai-autocaravanismo.pt\/wp-content\/uploads\/2015\/05\/DSC00701.jpg 2592w, http:\/\/cai-autocaravanismo.pt\/wp-content\/uploads\/2015\/05\/DSC00701-300x225.jpg 300w, http:\/\/cai-autocaravanismo.pt\/wp-content\/uploads\/2015\/05\/DSC00701-1024x768.jpg 1024w\" sizes=\"auto, (max-width: 2592px) 100vw, 2592px\" \/><\/a> <a href=\"http:\/\/cai-autocaravanismo.pt\/wp-content\/uploads\/2015\/05\/DSC00702.jpg\"><img loading=\"lazy\" decoding=\"async\" class=\"aligncenter size-full wp-image-930\" src=\"http:\/\/cai-autocaravanismo.pt\/wp-content\/uploads\/2015\/05\/DSC00702.jpg\" alt=\"DSC00702\" width=\"2592\" height=\"1944\" srcset=\"http:\/\/cai-autocaravanismo.pt\/wp-content\/uploads\/2015\/05\/DSC00702.jpg 2592w, http:\/\/cai-autocaravanismo.pt\/wp-content\/uploads\/2015\/05\/DSC00702-300x225.jpg 300w, http:\/\/cai-autocaravanismo.pt\/wp-content\/uploads\/2015\/05\/DSC00702-1024x768.jpg 1024w\" sizes=\"auto, (max-width: 2592px) 100vw, 2592px\" \/><\/a> <a href=\"http:\/\/cai-autocaravanismo.pt\/wp-content\/uploads\/2015\/05\/DSC00703.jpg\"><img loading=\"lazy\" decoding=\"async\" class=\"aligncenter size-full wp-image-931\" src=\"http:\/\/cai-autocaravanismo.pt\/wp-content\/uploads\/2015\/05\/DSC00703.jpg\" alt=\"DSC00703\" width=\"2592\" height=\"1944\" srcset=\"http:\/\/cai-autocaravanismo.pt\/wp-content\/uploads\/2015\/05\/DSC00703.jpg 2592w, http:\/\/cai-autocaravanismo.pt\/wp-content\/uploads\/2015\/05\/DSC00703-300x225.jpg 300w, http:\/\/cai-autocaravanismo.pt\/wp-content\/uploads\/2015\/05\/DSC00703-1024x768.jpg 1024w\" sizes=\"auto, (max-width: 2592px) 100vw, 2592px\" \/><\/a> <a href=\"http:\/\/cai-autocaravanismo.pt\/wp-content\/uploads\/2015\/05\/DSC00704.jpg\"><img loading=\"lazy\" decoding=\"async\" class=\"aligncenter size-full wp-image-932\" src=\"http:\/\/cai-autocaravanismo.pt\/wp-content\/uploads\/2015\/05\/DSC00704.jpg\" alt=\"DSC00704\" width=\"2592\" height=\"1944\" srcset=\"http:\/\/cai-autocaravanismo.pt\/wp-content\/uploads\/2015\/05\/DSC00704.jpg 2592w, http:\/\/cai-autocaravanismo.pt\/wp-content\/uploads\/2015\/05\/DSC00704-300x225.jpg 300w, http:\/\/cai-autocaravanismo.pt\/wp-content\/uploads\/2015\/05\/DSC00704-1024x768.jpg 1024w\" sizes=\"auto, (max-width: 2592px) 100vw, 2592px\" \/><\/a> <a href=\"http:\/\/cai-autocaravanismo.pt\/wp-content\/uploads\/2015\/05\/DSC00705.jpg\"><img loading=\"lazy\" decoding=\"async\" class=\"aligncenter size-full wp-image-933\" src=\"http:\/\/cai-autocaravanismo.pt\/wp-content\/uploads\/2015\/05\/DSC00705.jpg\" alt=\"DSC00705\" width=\"2592\" height=\"1944\" srcset=\"http:\/\/cai-autocaravanismo.pt\/wp-content\/uploads\/2015\/05\/DSC00705.jpg 2592w, http:\/\/cai-autocaravanismo.pt\/wp-content\/uploads\/2015\/05\/DSC00705-300x225.jpg 300w, http:\/\/cai-autocaravanismo.pt\/wp-content\/uploads\/2015\/05\/DSC00705-1024x768.jpg 1024w\" sizes=\"auto, (max-width: 2592px) 100vw, 2592px\" \/><\/a>\u00a0<a href=\"http:\/\/cai-autocaravanismo.pt\/wp-content\/uploads\/2015\/05\/DSC00706.jpg\"><img loading=\"lazy\" decoding=\"async\" class=\"aligncenter size-full wp-image-934\" src=\"http:\/\/cai-autocaravanismo.pt\/wp-content\/uploads\/2015\/05\/DSC00706.jpg\" alt=\"DSC00706\" width=\"2592\" height=\"1944\" srcset=\"http:\/\/cai-autocaravanismo.pt\/wp-content\/uploads\/2015\/05\/DSC00706.jpg 2592w, http:\/\/cai-autocaravanismo.pt\/wp-content\/uploads\/2015\/05\/DSC00706-300x225.jpg 300w, http:\/\/cai-autocaravanismo.pt\/wp-content\/uploads\/2015\/05\/DSC00706-1024x768.jpg 1024w\" sizes=\"auto, (max-width: 2592px) 100vw, 2592px\" \/><\/a><\/p>\n<p><a href=\"http:\/\/cai-autocaravanismo.pt\/wp-content\/uploads\/2015\/05\/DSC00707.jpg\"><img loading=\"lazy\" decoding=\"async\" class=\"aligncenter size-full wp-image-935\" src=\"http:\/\/cai-autocaravanismo.pt\/wp-content\/uploads\/2015\/05\/DSC00707.jpg\" alt=\"DSC00707\" width=\"2592\" height=\"1944\" srcset=\"http:\/\/cai-autocaravanismo.pt\/wp-content\/uploads\/2015\/05\/DSC00707.jpg 2592w, http:\/\/cai-autocaravanismo.pt\/wp-content\/uploads\/2015\/05\/DSC00707-300x225.jpg 300w, http:\/\/cai-autocaravanismo.pt\/wp-content\/uploads\/2015\/05\/DSC00707-1024x768.jpg 1024w\" sizes=\"auto, (max-width: 2592px) 100vw, 2592px\" \/><\/a><\/p>\n<p><a href=\"http:\/\/cai-autocaravanismo.pt\/wp-content\/uploads\/2015\/05\/DSC00708.jpg\"><img loading=\"lazy\" decoding=\"async\" class=\"aligncenter size-full wp-image-936\" src=\"http:\/\/cai-autocaravanismo.pt\/wp-content\/uploads\/2015\/05\/DSC00708.jpg\" alt=\"DSC00708\" width=\"2592\" height=\"1944\" srcset=\"http:\/\/cai-autocaravanismo.pt\/wp-content\/uploads\/2015\/05\/DSC00708.jpg 2592w, http:\/\/cai-autocaravanismo.pt\/wp-content\/uploads\/2015\/05\/DSC00708-300x225.jpg 300w, http:\/\/cai-autocaravanismo.pt\/wp-content\/uploads\/2015\/05\/DSC00708-1024x768.jpg 1024w\" sizes=\"auto, (max-width: 2592px) 100vw, 2592px\" \/><\/a><\/p>\n<p><a href=\"http:\/\/cai-autocaravanismo.pt\/wp-content\/uploads\/2015\/05\/DSC00709.jpg\"><img loading=\"lazy\" decoding=\"async\" class=\"aligncenter size-full wp-image-937\" src=\"http:\/\/cai-autocaravanismo.pt\/wp-content\/uploads\/2015\/05\/DSC00709.jpg\" alt=\"DSC00709\" width=\"2592\" height=\"1944\" srcset=\"http:\/\/cai-autocaravanismo.pt\/wp-content\/uploads\/2015\/05\/DSC00709.jpg 2592w, http:\/\/cai-autocaravanismo.pt\/wp-content\/uploads\/2015\/05\/DSC00709-300x225.jpg 300w, http:\/\/cai-autocaravanismo.pt\/wp-content\/uploads\/2015\/05\/DSC00709-1024x768.jpg 1024w\" sizes=\"auto, (max-width: 2592px) 100vw, 2592px\" \/><\/a><\/p>\n<p><a href=\"http:\/\/cai-autocaravanismo.pt\/wp-content\/uploads\/2015\/05\/DSC00711.jpg\"><img loading=\"lazy\" decoding=\"async\" class=\"aligncenter size-full wp-image-939\" src=\"http:\/\/cai-autocaravanismo.pt\/wp-content\/uploads\/2015\/05\/DSC00711.jpg\" alt=\"DSC00711\" width=\"2592\" height=\"1944\" srcset=\"http:\/\/cai-autocaravanismo.pt\/wp-content\/uploads\/2015\/05\/DSC00711.jpg 2592w, http:\/\/cai-autocaravanismo.pt\/wp-content\/uploads\/2015\/05\/DSC00711-300x225.jpg 300w, http:\/\/cai-autocaravanismo.pt\/wp-content\/uploads\/2015\/05\/DSC00711-1024x768.jpg 1024w\" sizes=\"auto, (max-width: 2592px) 100vw, 2592px\" \/><\/a><\/p>\n<p><a href=\"http:\/\/cai-autocaravanismo.pt\/wp-content\/uploads\/2015\/05\/DSC00712.jpg\"><img loading=\"lazy\" decoding=\"async\" class=\"aligncenter size-full wp-image-940\" src=\"http:\/\/cai-autocaravanismo.pt\/wp-content\/uploads\/2015\/05\/DSC00712.jpg\" alt=\"DSC00712\" width=\"2592\" height=\"1944\" srcset=\"http:\/\/cai-autocaravanismo.pt\/wp-content\/uploads\/2015\/05\/DSC00712.jpg 2592w, http:\/\/cai-autocaravanismo.pt\/wp-content\/uploads\/2015\/05\/DSC00712-300x225.jpg 300w, http:\/\/cai-autocaravanismo.pt\/wp-content\/uploads\/2015\/05\/DSC00712-1024x768.jpg 1024w\" sizes=\"auto, (max-width: 2592px) 100vw, 2592px\" \/><\/a><\/p>\n<p><a href=\"http:\/\/cai-autocaravanismo.pt\/wp-content\/uploads\/2015\/05\/DSC00715.jpg\"><img loading=\"lazy\" decoding=\"async\" class=\"aligncenter size-full wp-image-943\" src=\"http:\/\/cai-autocaravanismo.pt\/wp-content\/uploads\/2015\/05\/DSC00715.jpg\" alt=\"DSC00715\" width=\"2592\" height=\"1944\" srcset=\"http:\/\/cai-autocaravanismo.pt\/wp-content\/uploads\/2015\/05\/DSC00715.jpg 2592w, http:\/\/cai-autocaravanismo.pt\/wp-content\/uploads\/2015\/05\/DSC00715-300x225.jpg 300w, http:\/\/cai-autocaravanismo.pt\/wp-content\/uploads\/2015\/05\/DSC00715-1024x768.jpg 1024w\" sizes=\"auto, (max-width: 2592px) 100vw, 2592px\" \/><\/a><\/p>\n<p><a href=\"http:\/\/cai-autocaravanismo.pt\/wp-content\/uploads\/2015\/05\/DSC00716.jpg\"><img loading=\"lazy\" decoding=\"async\" class=\"aligncenter size-full wp-image-944\" src=\"http:\/\/cai-autocaravanismo.pt\/wp-content\/uploads\/2015\/05\/DSC00716.jpg\" alt=\"DSC00716\" width=\"2592\" height=\"1944\" srcset=\"http:\/\/cai-autocaravanismo.pt\/wp-content\/uploads\/2015\/05\/DSC00716.jpg 2592w, http:\/\/cai-autocaravanismo.pt\/wp-content\/uploads\/2015\/05\/DSC00716-300x225.jpg 300w, http:\/\/cai-autocaravanismo.pt\/wp-content\/uploads\/2015\/05\/DSC00716-1024x768.jpg 1024w\" sizes=\"auto, (max-width: 2592px) 100vw, 2592px\" \/><\/a><\/p>\n","protected":false},"excerpt":{"rendered":"<p>Foi inaugurada no dia 16 de Maio de 2015 no intermarch\u00ea de Pataias mais uma \u00e1rea de servi\u00e7o para autocaravanas com o apoio do CAI. Um muito obrigado ao Sr\u00ba Daniel, e Sr\u00aa Neusa por terem apostado nesta obra, e nos terem oferecido mais um servi\u00e7o destinado aos autocaravanistas. O Intermarch\u00ea de Pataias tem Bomba &hellip; <a href=\"http:\/\/cai-autocaravanismo.pt\/?page_id=910\" class=\"more-link\">Continuar a ler <span class=\"screen-reader-text\">Inaugura\u00e7\u00e3o da ASA de Pataias<\/span><\/a><\/p>\n","protected":false},"author":1,"featured_media":0,"parent":344,"menu_order":72,"comment_status":"open","ping_status":"closed","template":"","meta":{"footnotes":""},"class_list":["post-910","page","type-page","status-publish","hentry"],"_links":{"self":[{"href":"http:\/\/cai-autocaravanismo.pt\/index.php?rest_route=\/wp\/v2\/pages\/910","targetHints":{"allow":["GET"]}}],"collection":[{"href":"http:\/\/cai-autocaravanismo.pt\/index.php?rest_route=\/wp\/v2\/pages"}],"about":[{"href":"http:\/\/cai-autocaravanismo.pt\/index.php?rest_route=\/wp\/v2\/types\/page"}],"author":[{"embeddable":true,"href":"http:\/\/cai-autocaravanismo.pt\/index.php?rest_route=\/wp\/v2\/users\/1"}],"replies":[{"embeddable":true,"href":"http:\/\/cai-autocaravanismo.pt\/index.php?rest_route=%2Fwp%2Fv2%2Fcomments&post=910"}],"version-history":[{"count":1,"href":"http:\/\/cai-autocaravanismo.pt\/index.php?rest_route=\/wp\/v2\/pages\/910\/revisions"}],"predecessor-version":[{"id":945,"href":"http:\/\/cai-autocaravanismo.pt\/index.php?rest_route=\/wp\/v2\/pages\/910\/revisions\/945"}],"up":[{"embeddable":true,"href":"http:\/\/cai-autocaravanismo.pt\/index.php?rest_route=\/wp\/v2\/pages\/344"}],"wp:attachment":[{"href":"http:\/\/cai-autocaravanismo.pt\/index.php?rest_route=%2Fwp%2Fv2%2Fmedia&parent=910"}],"curies":[{"name":"wp","href":"https:\/\/api.w.org\/{rel}","templated":true}]}}