{"id":906,"date":"2015-05-23T09:43:46","date_gmt":"2015-05-23T09:43:46","guid":{"rendered":"http:\/\/cai-autocaravanismo.pt\/?page_id=906"},"modified":"2020-01-23T19:35:44","modified_gmt":"2020-01-23T19:35:44","slug":"da-flor-da-rosa-a-alter","status":"publish","type":"page","link":"http:\/\/cai-autocaravanismo.pt\/?page_id=906","title":{"rendered":"Da Flor da Rosa a Alter.."},"content":{"rendered":"<p><a href=\"http:\/\/cai-autocaravanismo.pt\/wp-content\/uploads\/2015\/05\/cartaz.png\"><img loading=\"lazy\" decoding=\"async\" class=\"aligncenter size-full wp-image-907\" src=\"http:\/\/cai-autocaravanismo.pt\/wp-content\/uploads\/2015\/05\/cartaz.png\" alt=\"cartaz\" width=\"480\" height=\"360\" srcset=\"http:\/\/cai-autocaravanismo.pt\/wp-content\/uploads\/2015\/05\/cartaz.png 480w, http:\/\/cai-autocaravanismo.pt\/wp-content\/uploads\/2015\/05\/cartaz-300x225.png 300w\" sizes=\"auto, (max-width: 480px) 100vw, 480px\" \/><\/a><\/p>\n<p><strong>Dia 5 de Junho de 2015<\/strong><\/p>\n<p><strong>18h00<\/strong> \u2013 Chegada dos participantes \u00e0 Flor da Rosa<\/p>\n<p><strong>Coordenadas:<\/strong>\u00a0 N 9\u00b0 18\u2032 24.49\u2033 , W 7\u00b0 38\u2032 24.51\u2033<\/p>\n<p><strong>Dia 6 de Junho de 2015<\/strong><\/p>\n<p><strong>10h00 \u2013<\/strong> Visita ao Mosteiro e espa\u00e7os museol\u00f3gicos da Flor da Rosa<\/p>\n<p><strong>11h30<\/strong> &#8211; Visita \u00e0 Escola de Olaria dos Barros da Flor da Rosa<\/p>\n<p><strong>12h00<\/strong> \u2013 Sa\u00edda em Autocaravana para o Crato<\/p>\n<p><strong>13h00 <\/strong>\u2013 Almo\u00e7o Livre nas autocaravanas<\/p>\n<p><strong>15h00<\/strong> &#8211; Visita \u00e1 Casa Museu Padre Belo e ao espa\u00e7o Sopa dos Pobres<\/p>\n<p><strong>16h00<\/strong> &#8211; Visita ao Centro Hist\u00f3rico do Crato<\/p>\n<p><strong>18h00<\/strong> \u2013 Sa\u00edda em Autocaravana para Alter do ch\u00e3o, para o campo de feira.<\/p>\n<p><strong>20h00<\/strong> \u2013 <strong>Jantar conv\u00edvio no Hotel Convento<\/strong><\/p>\n<p><strong>Couvert<\/strong><strong>: <\/strong>Cogumelos salteados, Pimentos Morrones, Saladinha de Polvo, Salada de Feij\u00e3o Frade com Atum, Azeitonas e P\u00e3o<\/p>\n<p><strong>Sopa <\/strong><\/p>\n<p><strong>Prato \u2013 <\/strong>Lombo de bacalhau com migas de mel e a\u00e7afr\u00e3o,<\/p>\n<p><strong>Sobremesa \u2013<\/strong>Buffet de Sobremesas &#8211; Tecolameco, Sericaia, Mousse de Chocolate, Serradura, Pudim de Ovos, Molotoff.<\/p>\n<p><strong>Bebidas:<\/strong> Sangria, vinho Branco e Tinto Folha do Meio, Laranjada, \u00c1guas e Caf\u00e9 ou Ch\u00e1.<\/p>\n<p>&nbsp;<\/p>\n<p><strong>Dia 7 de Junho de 2015<\/strong><\/p>\n<p><strong>10h00 \u2013<\/strong> Visita pelos tr\u00eas n\u00facleos Museol\u00f3gicos<\/p>\n<ul>\n<li>A Villa Romana da Casa de Medusa e uma Necr\u00f3pole Tardo-Antiga<\/li>\n<li>O Castelo de Alter<\/li>\n<li>No n\u00facleo museol\u00f3gico da Casa do \u00c1lamo<\/li>\n<\/ul>\n<p><strong>13h00 \u2013<\/strong> Picknicai (Caso as condi\u00e7\u00f5es de tempo permitam)<\/p>\n<p>&nbsp;<\/p>\n<p>Pre\u00e7o por adulto S\u00f3cio- 20.00\u20ac<br \/>\nPre\u00e7o por adulto n\u00e3o S\u00f3cio \u2013 24,00\u20ac<br \/>\nPre\u00e7o crian\u00e7as dos 3 aos 12 \u00a0anos &#8211; 8.00\u20ac<\/p>\n<p>(Programa sujeito a altera\u00e7\u00f5es\u2026)<br \/>\n<strong>PS: A todos os inscritos obrigatoriedade de cumprir as regras da pr\u00e1tica do autocaravanismo<\/strong><\/p>\n","protected":false},"excerpt":{"rendered":"<p>Dia 5 de Junho de 2015 18h00 \u2013 Chegada dos participantes \u00e0 Flor da Rosa Coordenadas:\u00a0 N 9\u00b0 18\u2032 24.49\u2033 , W 7\u00b0 38\u2032 24.51\u2033 Dia 6 de Junho de 2015 10h00 \u2013 Visita ao Mosteiro e espa\u00e7os museol\u00f3gicos da Flor da Rosa 11h30 &#8211; Visita \u00e0 Escola de Olaria dos Barros da Flor da &hellip; <a href=\"http:\/\/cai-autocaravanismo.pt\/?page_id=906\" class=\"more-link\">Continuar a ler <span class=\"screen-reader-text\">Da Flor da Rosa a Alter..<\/span><\/a><\/p>\n","protected":false},"author":1,"featured_media":0,"parent":344,"menu_order":71,"comment_status":"closed","ping_status":"closed","template":"","meta":{"footnotes":""},"class_list":["post-906","page","type-page","status-publish","hentry"],"_links":{"self":[{"href":"http:\/\/cai-autocaravanismo.pt\/index.php?rest_route=\/wp\/v2\/pages\/906","targetHints":{"allow":["GET"]}}],"collection":[{"href":"http:\/\/cai-autocaravanismo.pt\/index.php?rest_route=\/wp\/v2\/pages"}],"about":[{"href":"http:\/\/cai-autocaravanismo.pt\/index.php?rest_route=\/wp\/v2\/types\/page"}],"author":[{"embeddable":true,"href":"http:\/\/cai-autocaravanismo.pt\/index.php?rest_route=\/wp\/v2\/users\/1"}],"replies":[{"embeddable":true,"href":"http:\/\/cai-autocaravanismo.pt\/index.php?rest_route=%2Fwp%2Fv2%2Fcomments&post=906"}],"version-history":[{"count":1,"href":"http:\/\/cai-autocaravanismo.pt\/index.php?rest_route=\/wp\/v2\/pages\/906\/revisions"}],"predecessor-version":[{"id":908,"href":"http:\/\/cai-autocaravanismo.pt\/index.php?rest_route=\/wp\/v2\/pages\/906\/revisions\/908"}],"up":[{"embeddable":true,"href":"http:\/\/cai-autocaravanismo.pt\/index.php?rest_route=\/wp\/v2\/pages\/344"}],"wp:attachment":[{"href":"http:\/\/cai-autocaravanismo.pt\/index.php?rest_route=%2Fwp%2Fv2%2Fmedia&parent=906"}],"curies":[{"name":"wp","href":"https:\/\/api.w.org\/{rel}","templated":true}]}}