{"id":874,"date":"2015-01-20T10:02:13","date_gmt":"2015-01-20T10:02:13","guid":{"rendered":"http:\/\/cai-autocaravanismo.pt\/?page_id=874"},"modified":"2020-01-23T19:35:05","modified_gmt":"2020-01-23T19:35:05","slug":"874-2","status":"publish","type":"page","link":"http:\/\/cai-autocaravanismo.pt\/?page_id=874","title":{"rendered":"5\u00ba Anivers\u00e1rio do CAI em Coruche"},"content":{"rendered":"<p><a href=\"http:\/\/cai-autocaravanismo.pt\/wp-content\/uploads\/2012\/11\/cartaz-face1.png\"><img loading=\"lazy\" decoding=\"async\" class=\"aligncenter size-full wp-image-872\" src=\"http:\/\/cai-autocaravanismo.pt\/wp-content\/uploads\/2012\/11\/cartaz-face1.png\" alt=\"cartaz face\" width=\"480\" height=\"360\" srcset=\"http:\/\/cai-autocaravanismo.pt\/wp-content\/uploads\/2012\/11\/cartaz-face1.png 480w, http:\/\/cai-autocaravanismo.pt\/wp-content\/uploads\/2012\/11\/cartaz-face1-300x225.png 300w\" sizes=\"auto, (max-width: 480px) 100vw, 480px\" \/><\/a><\/p>\n<p><strong>Dia 20 de Fevereiro de 2015<\/strong><\/p>\n<p><strong>18h00<\/strong> \u2013 Chegada dos participantes ao parque junto \u00e0s escolas e piscinas de Coruche.<\/p>\n<p><strong>Dia 21 de Fevereiro de 2015<\/strong><\/p>\n<p><strong>8h30<\/strong> \u2013 Visita do Padeiro<\/p>\n<p><strong>9h30<\/strong> \u2013 Visita \u00e0 Ermida da Nossa Senhora do Castelo<\/p>\n<p><strong>11h30\/12h00<\/strong> \u2013 Sa\u00edda de Autocaravana para o Restaurante O Farnel, (quinta do monte da Barca em Coruche)<\/p>\n<p><strong>13h30 \u00e0s 23h30<\/strong> &#8211; Comemora\u00e7\u00e3o do 5\u00ba anivers\u00e1rio do CAI<\/p>\n<p><strong>13h30 <\/strong>\u2013 Almo\u00e7o no Restaurante O Farnel<\/p>\n<p>Ementa: <strong>Ante-pastos \u2013<\/strong> Febra e Cachola de Azeite e Vinagre.<\/p>\n<p><strong>Sopa \u2013<\/strong> Legumes.<\/p>\n<p><strong>Prato \u2013<\/strong> Nacos de Novilha Brava com Carqueja, arroz frito e batata frita<\/p>\n<p><strong>Sobremesa \u2013<\/strong> Mesa de Frutas e Mesa de Doces.<\/p>\n<p><strong>Bebidas:<\/strong> Vinho Tinto ou Branco, Cerveja, Sumos, Cola, \u00c1guas Minerais e Caf\u00e9.<\/p>\n<p><strong>Digestivos:<\/strong> Whisky Novo, Abafado, Moscatel e Am\u00eandoa Amarga.<\/p>\n<p><strong>14h30<\/strong> \u2013 In\u00edcio do Baile com o conjunto: \u201c Carlos e David\u201d<\/p>\n<p>&#8211; Surpresa..<\/p>\n<p><strong>19h00<\/strong> \u2013 <strong>Lanche Ajantarado<\/strong><\/p>\n<p><strong>Sopa \u2013<\/strong> Caldo Verde<\/p>\n<p><strong>Prato \u2013<\/strong> Roj\u00f5es de Porco no Tacho com Migas de Couve e Batata Frita<\/p>\n<p><strong>Bebidas:<\/strong> Vinho Tinto ou Branco, Cerveja, Sumos, Cola, \u00c1guas Minerais e Caf\u00e9.<\/p>\n<p><strong>Digestivos:<\/strong> Whisky Novo, Abafado, Moscatel e Am\u00eandoa Amarga.<br \/>\n<strong>20h30<\/strong> \u2013 Continua\u00e7\u00e3o do baile com: \u201c Carlos e David\u201d<\/p>\n<p><strong>22h00<\/strong> \u2013 Partir o bolo de anivers\u00e1rio.<\/p>\n<p>(Este ano a Direc\u00e7\u00e3o optou por dar grande destaque ao anivers\u00e1rio do CAI e fazer uma tarde e noite de conv\u00edvio e anima\u00e7\u00e3o no restaurante com almo\u00e7o, tarde de baile, jantar e noite de baile.)<\/p>\n<p>&nbsp;<\/p>\n<p><strong>Dia 22 de Fevereiro de 2015<\/strong><\/p>\n<p>9h00 \u2013 Sa\u00edda de Autocaravana para a \u00e1rea de servi\u00e7o de Coruche.<\/p>\n<p>10h00 \u2013 Passeio pedestre \u00e0 beira Rio com passagem pela ponte pedonal de Coruche.<\/p>\n<p>13h00 \u2013 Picknicai (Caso as condi\u00e7\u00f5es de tempo permitam, piquenique na \u00c1rea de Servi\u00e7o de Coruche)<\/p>\n<p>Pre\u00e7o por adulto S\u00f3cio- 22.00\u20ac<br \/>\nPre\u00e7o por adulto n\u00e3o S\u00f3cio \u2013 26,00\u20ac<br \/>\nPre\u00e7o crian\u00e7as dos 5 aos 9 anos &#8211; 11.00\u20ac<br \/>\n(Programa sujeito a altera\u00e7\u00f5es\u2026)<br \/>\n<strong>PS: A todos os inscritos obrigatoriedade de cumprir as regras da pr\u00e1tica do autocaravanismo<\/strong><\/p>\n<p>&nbsp;<\/p>\n","protected":false},"excerpt":{"rendered":"<p>Dia 20 de Fevereiro de 2015 18h00 \u2013 Chegada dos participantes ao parque junto \u00e0s escolas e piscinas de Coruche. Dia 21 de Fevereiro de 2015 8h30 \u2013 Visita do Padeiro 9h30 \u2013 Visita \u00e0 Ermida da Nossa Senhora do Castelo 11h30\/12h00 \u2013 Sa\u00edda de Autocaravana para o Restaurante O Farnel, (quinta do monte da &hellip; <a href=\"http:\/\/cai-autocaravanismo.pt\/?page_id=874\" class=\"more-link\">Continuar a ler <span class=\"screen-reader-text\">5\u00ba Anivers\u00e1rio do CAI em Coruche<\/span><\/a><\/p>\n","protected":false},"author":1,"featured_media":0,"parent":344,"menu_order":74,"comment_status":"open","ping_status":"closed","template":"","meta":{"footnotes":""},"class_list":["post-874","page","type-page","status-publish","hentry"],"_links":{"self":[{"href":"http:\/\/cai-autocaravanismo.pt\/index.php?rest_route=\/wp\/v2\/pages\/874","targetHints":{"allow":["GET"]}}],"collection":[{"href":"http:\/\/cai-autocaravanismo.pt\/index.php?rest_route=\/wp\/v2\/pages"}],"about":[{"href":"http:\/\/cai-autocaravanismo.pt\/index.php?rest_route=\/wp\/v2\/types\/page"}],"author":[{"embeddable":true,"href":"http:\/\/cai-autocaravanismo.pt\/index.php?rest_route=\/wp\/v2\/users\/1"}],"replies":[{"embeddable":true,"href":"http:\/\/cai-autocaravanismo.pt\/index.php?rest_route=%2Fwp%2Fv2%2Fcomments&post=874"}],"version-history":[{"count":2,"href":"http:\/\/cai-autocaravanismo.pt\/index.php?rest_route=\/wp\/v2\/pages\/874\/revisions"}],"predecessor-version":[{"id":876,"href":"http:\/\/cai-autocaravanismo.pt\/index.php?rest_route=\/wp\/v2\/pages\/874\/revisions\/876"}],"up":[{"embeddable":true,"href":"http:\/\/cai-autocaravanismo.pt\/index.php?rest_route=\/wp\/v2\/pages\/344"}],"wp:attachment":[{"href":"http:\/\/cai-autocaravanismo.pt\/index.php?rest_route=%2Fwp%2Fv2%2Fmedia&parent=874"}],"curies":[{"name":"wp","href":"https:\/\/api.w.org\/{rel}","templated":true}]}}