{"id":1456,"date":"2022-08-19T18:17:34","date_gmt":"2022-08-19T18:17:34","guid":{"rendered":"http:\/\/cai-autocaravanismo.pt\/?page_id=1456"},"modified":"2022-10-12T18:34:42","modified_gmt":"2022-10-12T18:34:42","slug":"o-cai-em-vila-de-rei","status":"publish","type":"page","link":"http:\/\/cai-autocaravanismo.pt\/?page_id=1456","title":{"rendered":"O CAI em Vila de Rei"},"content":{"rendered":"\n<figure class=\"wp-block-image size-large\"><a href=\"http:\/\/cai-autocaravanismo.pt\/wp-content\/uploads\/2022\/08\/Cratazviladerei22-1-scaled.jpg\"><img loading=\"lazy\" decoding=\"async\" width=\"1024\" height=\"724\" src=\"http:\/\/cai-autocaravanismo.pt\/wp-content\/uploads\/2022\/08\/Cratazviladerei22-1-1024x724.jpg\" alt=\"\" class=\"wp-image-1454\" srcset=\"http:\/\/cai-autocaravanismo.pt\/wp-content\/uploads\/2022\/08\/Cratazviladerei22-1-1024x724.jpg 1024w, http:\/\/cai-autocaravanismo.pt\/wp-content\/uploads\/2022\/08\/Cratazviladerei22-1-300x212.jpg 300w, http:\/\/cai-autocaravanismo.pt\/wp-content\/uploads\/2022\/08\/Cratazviladerei22-1-768x543.jpg 768w, http:\/\/cai-autocaravanismo.pt\/wp-content\/uploads\/2022\/08\/Cratazviladerei22-1-1536x1086.jpg 1536w, http:\/\/cai-autocaravanismo.pt\/wp-content\/uploads\/2022\/08\/Cratazviladerei22-1-2048x1448.jpg 2048w\" sizes=\"auto, (max-width: 1024px) 100vw, 1024px\" \/><\/a><\/figure>\n\n\n\n<p><\/p>\n\n\n\n<p><strong><u>Dia 23 de Setembro de 2022<\/u><\/strong><\/p>\n\n\n\n<p><strong>18h00<\/strong> \u2013 Chegada dos participantes ao parque da \u00c1rea de servi\u00e7o de Vila de Rei. &nbsp;<\/p>\n\n\n\n<p><strong>Coordenadas:<\/strong>&nbsp;<\/p>\n\n\n\n<p><strong><u>Dia 24 de Setembro de 2022<\/u><\/strong><\/p>\n\n\n\n<p><strong>9H30 <\/strong>\u2013 Sa\u00edda em Autocarro para visita a:<\/p>\n\n\n\n<p>&#8211; Centro Geod\u00e9sico<\/p>\n\n\n\n<p>&#8211; Penedo Furado<\/p>\n\n\n\n<p>(Pode ter que ser uma visita dividida em dois grupos, dependendo do n\u00famero de participantes.)<\/p>\n\n\n\n<p><strong>13h00 <\/strong>\u2013 Almo\u00e7o em modo picknicai no telheiro das tasquinhas.<\/p>\n\n\n\n<p><strong>15h00 <\/strong>\u2013 Sa\u00edda em autocarro para visita a:<\/p>\n\n\n\n<p>&#8211; Aldeia de Xisto<\/p>\n\n\n\n<p>&nbsp;&#8211; Miradouro das Fernandaires<\/p>\n\n\n\n<p><strong>19h00 &#8211; <\/strong>Lanche ajantarado<\/p>\n\n\n\n<p><strong>Bebidas<\/strong><\/p>\n\n\n\n<p>Vinho branco, Porto t\u00f3nico<\/p>\n\n\n\n<p>Sangria de espumante com frutos vermelhos<\/p>\n\n\n\n<p>Cerveja a Copo<\/p>\n\n\n\n<p>Sumo de fruta natural: meloa com hortel\u00e3, abacaxi com lima<\/p>\n\n\n\n<p>Sumos sem g\u00e1s, \u00c1guas aromatizadas caseiras<\/p>\n\n\n\n<p><strong>Comidas<\/strong><\/p>\n\n\n\n<p>Sopa de Caldo Verde<\/p>\n\n\n\n<p>Tabuas de queijos e enchidos Regionais<\/p>\n\n\n\n<p>Mini Croquetes de vitela, Mini past\u00e9is de bacalhau, Mini riss\u00f3is de camar\u00e3o, Mini Riss\u00f3is de carne<\/p>\n\n\n\n<p>Quadrados de bola, Frango Frito, Mini Bifanas<\/p>\n\n\n\n<p>Mel\u00e3o com presunto<\/p>\n\n\n\n<p>Espetadas de tomate baby com queijo fresco<\/p>\n\n\n\n<p><strong>Doces<\/strong><\/p>\n\n\n\n<p>Quadrados de bolo de cenoura<\/p>\n\n\n\n<p>Quadrados de bolo de chocolate<\/p>\n\n\n\n<p>Espetadas de fruta<\/p>\n\n\n\n<p>Mini bolas de salame<\/p>\n\n\n\n<p><strong>20h30 \u2013 Surpresa para todos os participantes no palco das tasquinhas.<\/strong><\/p>\n\n\n\n<p><strong><u>Dia 25 de Setembro de 2022<\/u><\/strong><\/p>\n\n\n\n<p><strong>10h00 \u2013<\/strong> Sa\u00edda a p\u00e9 para visitar:<\/p>\n\n\n\n<p>&#8211; Museu Municipal do Fogo e da Resina<\/p>\n\n\n\n<p>&#8211; Posto de informa\u00e7\u00e3o e loja de produtos end\u00f3genos.<\/p>\n\n\n\n<p><strong>13h00 \u2013<\/strong> Almo\u00e7o em modo picknicai no telheiro das tasquinhas.<\/p>\n\n\n\n<p>Pre\u00e7o por adulto S\u00f3cio- 25.00\u20ac<br>Pre\u00e7o por adulto n\u00e3o S\u00f3cio \u2013 30,00\u20ac<br>Pre\u00e7o crian\u00e7as dos 5 aos 10 &nbsp;<a><\/a>anos &#8211; 12.50\u20ac<\/p>\n\n\n\n<p>&nbsp;(Programa sujeito a altera\u00e7\u00f5es\u2026)<\/p>\n\n\n\n<p><br><strong><u>PS: A todos os inscritos obrigatoriedade de cumprir as regras da pr\u00e1tica do autocaravanismo<\/u><\/strong><\/p>\n","protected":false},"excerpt":{"rendered":"<p>Dia 23 de Setembro de 2022 18h00 \u2013 Chegada dos participantes ao parque da \u00c1rea de servi\u00e7o de Vila de Rei. &nbsp; Coordenadas:&nbsp; Dia 24 de Setembro de 2022 9H30 \u2013 Sa\u00edda em Autocarro para visita a: &#8211; Centro Geod\u00e9sico &#8211; Penedo Furado (Pode ter que ser uma visita dividida em dois grupos, dependendo do &hellip; <a href=\"http:\/\/cai-autocaravanismo.pt\/?page_id=1456\" class=\"more-link\">Continuar a ler <span class=\"screen-reader-text\">O CAI em Vila de Rei<\/span><\/a><\/p>\n","protected":false},"author":1,"featured_media":0,"parent":0,"menu_order":0,"comment_status":"closed","ping_status":"closed","template":"","meta":{"footnotes":""},"class_list":["post-1456","page","type-page","status-publish","hentry"],"_links":{"self":[{"href":"http:\/\/cai-autocaravanismo.pt\/index.php?rest_route=\/wp\/v2\/pages\/1456","targetHints":{"allow":["GET"]}}],"collection":[{"href":"http:\/\/cai-autocaravanismo.pt\/index.php?rest_route=\/wp\/v2\/pages"}],"about":[{"href":"http:\/\/cai-autocaravanismo.pt\/index.php?rest_route=\/wp\/v2\/types\/page"}],"author":[{"embeddable":true,"href":"http:\/\/cai-autocaravanismo.pt\/index.php?rest_route=\/wp\/v2\/users\/1"}],"replies":[{"embeddable":true,"href":"http:\/\/cai-autocaravanismo.pt\/index.php?rest_route=%2Fwp%2Fv2%2Fcomments&post=1456"}],"version-history":[{"count":7,"href":"http:\/\/cai-autocaravanismo.pt\/index.php?rest_route=\/wp\/v2\/pages\/1456\/revisions"}],"predecessor-version":[{"id":1566,"href":"http:\/\/cai-autocaravanismo.pt\/index.php?rest_route=\/wp\/v2\/pages\/1456\/revisions\/1566"}],"wp:attachment":[{"href":"http:\/\/cai-autocaravanismo.pt\/index.php?rest_route=%2Fwp%2Fv2%2Fmedia&parent=1456"}],"curies":[{"name":"wp","href":"https:\/\/api.w.org\/{rel}","templated":true}]}}