{"id":1211,"date":"2022-02-10T10:56:18","date_gmt":"2022-02-10T10:56:18","guid":{"rendered":"http:\/\/cai-autocaravanismo.pt\/?page_id=1211"},"modified":"2022-02-10T10:56:18","modified_gmt":"2022-02-10T10:56:18","slug":"12oaniversario-do-cai-em-coruche","status":"publish","type":"page","link":"http:\/\/cai-autocaravanismo.pt\/?page_id=1211","title":{"rendered":"12\u00baAnivers\u00e1rio do CAI em Coruche"},"content":{"rendered":"\n<figure class=\"wp-block-image\"><img loading=\"lazy\" decoding=\"async\" width=\"1024\" height=\"1024\" src=\"http:\/\/cai-autocaravanismo.pt\/wp-content\/uploads\/2022\/02\/273257689_1050914932155057_3401642379548912810_n-1024x1024.jpg\" alt=\"\" class=\"wp-image-1209\" srcset=\"http:\/\/cai-autocaravanismo.pt\/wp-content\/uploads\/2022\/02\/273257689_1050914932155057_3401642379548912810_n-1024x1024.jpg 1024w, http:\/\/cai-autocaravanismo.pt\/wp-content\/uploads\/2022\/02\/273257689_1050914932155057_3401642379548912810_n-150x150.jpg 150w, http:\/\/cai-autocaravanismo.pt\/wp-content\/uploads\/2022\/02\/273257689_1050914932155057_3401642379548912810_n-300x300.jpg 300w, http:\/\/cai-autocaravanismo.pt\/wp-content\/uploads\/2022\/02\/273257689_1050914932155057_3401642379548912810_n-768x768.jpg 768w, http:\/\/cai-autocaravanismo.pt\/wp-content\/uploads\/2022\/02\/273257689_1050914932155057_3401642379548912810_n-225x225.jpg 225w, http:\/\/cai-autocaravanismo.pt\/wp-content\/uploads\/2022\/02\/273257689_1050914932155057_3401642379548912810_n-75x75.jpg 75w, http:\/\/cai-autocaravanismo.pt\/wp-content\/uploads\/2022\/02\/273257689_1050914932155057_3401642379548912810_n.jpg 2048w\" sizes=\"auto, (max-width: 1024px) 100vw, 1024px\" \/><\/figure>\n\n\n\n<p>Caros s\u00f3cios e amigos do CAI, n\u00e3o quer\u00edamos deixar passar mais um anivers\u00e1rio em branco.<\/p>\n\n\n\n<p>Considerando\na situa\u00e7\u00e3o pand\u00e9mica actual decidimos apostar na seguran\u00e7a e dar ao evento uma\nforma diferente.<\/p>\n\n\n\n<p>Contamos\nmais uma vez com o apoio da C\u00e2mara Municipal de Coruche, que vai reservar o\nparque da \u00c1rea de servi\u00e7o apenas para os participantes do evento.<\/p>\n\n\n\n<p><strong>Inscri\u00e7\u00f5es at\u00e9 dia 27 de Fevereiro para:\neventos@cai-autocaravanismo.pt<\/strong><\/p>\n\n\n\n<p><strong>Sexta dia 4 de Mar\u00e7o de 2022<\/strong><\/p>\n\n\n\n<p><strong>18h00<\/strong> \u2013 Chegada\ndos participantes ao parque da \u00c1rea de servi\u00e7o de Coruche.&nbsp; <\/p>\n\n\n\n<p><strong>Coordenadas:<\/strong>&nbsp; <strong>N 38\u00ba57&#8217;41&#8221; W\n08\u00ba31&#8217;10&#8221;&nbsp;<\/strong><strong><\/strong><\/p>\n\n\n\n<p><strong>S\u00e1bado dia 5 de Mar\u00e7o de 2022 <\/strong><\/p>\n\n\n\n<p><strong>13h00 &#8211;<\/strong>Tendo\nconsci\u00eancia do panorama actual, e alguns receios, decidimos ter um almo\u00e7o\ndiferente.&nbsp; Cada participante ir\u00e1 levar\no prato \u00e1 nossa sede onde o Farnel ir\u00e1 servir:<\/p>\n\n\n\n<p><strong>P\u00e3o, Nacos de porco com Arroz de\nFeij\u00e3o e uma sobremesa individual.<\/strong><\/p>\n\n\n\n<p>E\ncada um leva a comida para a sua autocaravana ou caso o tempo permita, podem\nser montadas mesas pelo parque, mas desaconselhamos os ajuntamentos, ir\u00e1 ficar\nna responsabilidade de cada um.<\/p>\n\n\n\n<p><strong>17h00 <\/strong>\u2013 Catamos\nos parab\u00e9ns e partimos o bolo onde iremos ter alguns doces e champanhe para o\nbrinde.&nbsp; (Esperamos que o tempo permita\nmontarmos a mesa na rua, para se conseguir manter a dist\u00e2ncia)<\/p>\n\n\n\n<p><strong>Domingo dia 6 de Mar\u00e7o de 2022<\/strong><\/p>\n\n\n\n<p><strong>10h00<\/strong> &#8211; Realiza\u00e7\u00e3o\ndas assembleias Gerais do CAI no audit\u00f3rio do Pavilh\u00e3o em Coruche.<\/p>\n\n\n\n<p>Pre\u00e7o por adulto S\u00f3cio- 7.00\u20ac <br>\nPre\u00e7o por adulto\nn\u00e3o S\u00f3cio \u2013 10,00\u20ac <br>\nPre\u00e7o crian\u00e7as dos 5\naos 10&nbsp; anos &#8211; 4.00\u20ac<\/p>\n\n\n\n<p>(Programa sujeito a altera\u00e7\u00f5es\u2026)<\/p>\n\n\n\n<p><br>\n<strong>PS: A todos os inscritos obrigatoriedade\nde cumprir as regras da pr\u00e1tica do autocaravanismo<\/strong><\/p>\n\n\n\n<p><strong>Inscri\u00e7\u00f5es at\u00e9 dia 27 de Fevereiro para: eventos@cai-autocaravanismo.pt<\/strong><\/p>\n\n\n\n<p>\n\nApoio: \n\n<\/p>\n\n\n\n<figure class=\"wp-block-image is-resized\"><img loading=\"lazy\" decoding=\"async\" src=\"http:\/\/cai-autocaravanismo.pt\/wp-content\/uploads\/2022\/02\/transferir.jpg\" alt=\"\" class=\"wp-image-1212\" width=\"111\" height=\"76\"\/><\/figure>\n\n\n\n<p><\/p>\n","protected":false},"excerpt":{"rendered":"<p>Caros s\u00f3cios e amigos do CAI, n\u00e3o quer\u00edamos deixar passar mais um anivers\u00e1rio em branco. Considerando a situa\u00e7\u00e3o pand\u00e9mica actual decidimos apostar na seguran\u00e7a e dar ao evento uma forma diferente. Contamos mais uma vez com o apoio da C\u00e2mara Municipal de Coruche, que vai reservar o parque da \u00c1rea de servi\u00e7o apenas para os &hellip; <a href=\"http:\/\/cai-autocaravanismo.pt\/?page_id=1211\" class=\"more-link\">Continuar a ler <span class=\"screen-reader-text\">12\u00baAnivers\u00e1rio do CAI em Coruche<\/span><\/a><\/p>\n","protected":false},"author":1,"featured_media":0,"parent":344,"menu_order":49,"comment_status":"closed","ping_status":"closed","template":"","meta":{"footnotes":""},"class_list":["post-1211","page","type-page","status-publish","hentry"],"_links":{"self":[{"href":"http:\/\/cai-autocaravanismo.pt\/index.php?rest_route=\/wp\/v2\/pages\/1211","targetHints":{"allow":["GET"]}}],"collection":[{"href":"http:\/\/cai-autocaravanismo.pt\/index.php?rest_route=\/wp\/v2\/pages"}],"about":[{"href":"http:\/\/cai-autocaravanismo.pt\/index.php?rest_route=\/wp\/v2\/types\/page"}],"author":[{"embeddable":true,"href":"http:\/\/cai-autocaravanismo.pt\/index.php?rest_route=\/wp\/v2\/users\/1"}],"replies":[{"embeddable":true,"href":"http:\/\/cai-autocaravanismo.pt\/index.php?rest_route=%2Fwp%2Fv2%2Fcomments&post=1211"}],"version-history":[{"count":1,"href":"http:\/\/cai-autocaravanismo.pt\/index.php?rest_route=\/wp\/v2\/pages\/1211\/revisions"}],"predecessor-version":[{"id":1213,"href":"http:\/\/cai-autocaravanismo.pt\/index.php?rest_route=\/wp\/v2\/pages\/1211\/revisions\/1213"}],"up":[{"embeddable":true,"href":"http:\/\/cai-autocaravanismo.pt\/index.php?rest_route=\/wp\/v2\/pages\/344"}],"wp:attachment":[{"href":"http:\/\/cai-autocaravanismo.pt\/index.php?rest_route=%2Fwp%2Fv2%2Fmedia&parent=1211"}],"curies":[{"name":"wp","href":"https:\/\/api.w.org\/{rel}","templated":true}]}}