{"id":1146,"date":"2020-01-23T20:23:37","date_gmt":"2020-01-23T20:23:37","guid":{"rendered":"http:\/\/cai-autocaravanismo.pt\/?page_id=1146"},"modified":"2021-11-13T15:13:26","modified_gmt":"2021-11-13T15:13:26","slug":"10o-aniversario-em-coruche","status":"publish","type":"page","link":"http:\/\/cai-autocaravanismo.pt\/?page_id=1146","title":{"rendered":"10\u00ba Anivers\u00e1rio em Coruche"},"content":{"rendered":"\n<ul class=\"wp-block-gallery columns-1 is-cropped wp-block-gallery-1 is-layout-flex wp-block-gallery-is-layout-flex\"><li class=\"blocks-gallery-item\"><figure><img loading=\"lazy\" decoding=\"async\" width=\"724\" height=\"1024\" src=\"http:\/\/cai-autocaravanismo.pt\/wp-content\/uploads\/2020\/01\/FotoJet-724x1024.jpg\" alt=\"\" data-id=\"1142\" data-link=\"http:\/\/cai-autocaravanismo.pt\/?attachment_id=1142\" class=\"wp-image-1142\" srcset=\"http:\/\/cai-autocaravanismo.pt\/wp-content\/uploads\/2020\/01\/FotoJet-724x1024.jpg 724w, http:\/\/cai-autocaravanismo.pt\/wp-content\/uploads\/2020\/01\/FotoJet-212x300.jpg 212w, http:\/\/cai-autocaravanismo.pt\/wp-content\/uploads\/2020\/01\/FotoJet-768x1086.jpg 768w, http:\/\/cai-autocaravanismo.pt\/wp-content\/uploads\/2020\/01\/FotoJet.jpg 1587w\" sizes=\"auto, (max-width: 724px) 100vw, 724px\" \/><\/figure><\/li><\/ul>\n\n\n\n<h2 class=\"wp-block-heading\"><\/h2>\n\n\n\n<p><strong>Dia\n21 de Fevereiro de 2020<\/strong><\/p>\n\n\n\n<p><strong>18h00<\/strong> \u2013 Chegada dos participantes ao parque\nda \u00c1rea de servi\u00e7o de Coruche. &nbsp;<\/p>\n\n\n\n<p><strong>Coordenadas:<\/strong>&nbsp;\n<strong>N 38\u00ba57&#8217;41&#8221; W\n08\u00ba31&#8217;10&#8221;&nbsp;<\/strong><strong><\/strong><\/p>\n\n\n\n<p><strong>Dia 22 de\nFevereiro de 2020<\/strong><\/p>\n\n\n\n<p><strong>9H30 <\/strong>\u2013 Visita\nao N\u00facleo Rural com algumas surpresas<\/p>\n\n\n\n<p><strong>12h30<\/strong> \u2013 Sa\u00edda\nde autocarro para o Restaurante <strong>O Farnel<\/strong>,\n(quinta do monte da Barca em Coruche)<\/p>\n\n\n\n<p><strong>13h00 <\/strong>\u2013 Almo\u00e7o\nno Restaurante O Farnel<\/p>\n\n\n\n<p>Ementa: <strong>Ante-pastos \u2013<\/strong> Farinheira e\nlingui\u00e7a frita, Salgados, salada de feij\u00e3o frade e atum, azeitonas\naromatizadas, manteigas e p\u00e3o caseiro<\/p>\n\n\n\n<p><strong>Sopa \u2013<\/strong> Creme de cenoura<\/p>\n\n\n\n<p><strong>Prato de Peixe<\/strong> \u2013 Bacalhau \u00e0 Farnel, batata frita e salada mista<\/p>\n\n\n\n<p>&nbsp;<strong>Prato de Carne<\/strong> \u2013 Roj\u00f5es de porco com anan\u00e1s natural e batata frita<\/p>\n\n\n\n<p>&nbsp;<strong>Sobremesa<\/strong> \u2013 Pudim de ovos, arroz doce e Salada de Frutas<\/p>\n\n\n\n<p>&nbsp;<strong>Bebidas<\/strong> \u2013 Vinhos branco e tinto, Cerveja, Sumos, \u00c1guas, Caf\u00e9 e\nDigestivos.<\/p>\n\n\n\n<p><strong>Bar aberto<\/strong><\/p>\n\n\n\n<p><strong>14h30<\/strong> \u2013\nAnima\u00e7\u00e3o musical com conjunto musical \u201cRitmo da noite II\u201d<\/p>\n\n\n\n<p><strong>Sorteio dos tr\u00eas pr\u00e9mios: 1\u00ba pr\u00e9mio<\/strong>: 1\nRel\u00f3gio smartwatch,<\/p>\n\n\n\n<p>&nbsp;&nbsp;&nbsp;&nbsp;&nbsp;&nbsp;&nbsp;&nbsp;&nbsp;&nbsp;&nbsp;&nbsp;&nbsp;&nbsp;&nbsp;&nbsp;&nbsp;&nbsp;&nbsp;&nbsp;&nbsp;&nbsp;&nbsp;&nbsp;&nbsp;&nbsp;&nbsp;&nbsp;&nbsp;&nbsp;&nbsp;&nbsp;&nbsp;&nbsp;&nbsp;&nbsp;&nbsp;&nbsp;&nbsp;&nbsp;&nbsp;&nbsp;&nbsp;&nbsp;&nbsp;&nbsp; &nbsp;&nbsp;&nbsp;&nbsp; <strong>2\u00ba\nPr\u00e9mio<\/strong>: 1 M\u00e1quina fotogr\u00e1fica tipo GO Pro<\/p>\n\n\n\n<p>&nbsp;&nbsp;&nbsp;&nbsp;&nbsp;&nbsp;&nbsp;&nbsp;&nbsp;&nbsp;&nbsp;&nbsp;&nbsp;&nbsp;&nbsp;&nbsp;&nbsp;&nbsp;&nbsp;&nbsp;&nbsp;&nbsp;&nbsp;&nbsp;&nbsp;&nbsp;&nbsp;&nbsp;&nbsp;&nbsp;&nbsp;&nbsp;&nbsp;&nbsp;&nbsp;&nbsp;&nbsp;&nbsp;&nbsp;&nbsp;&nbsp;&nbsp;&nbsp;&nbsp;&nbsp;&nbsp; &nbsp;&nbsp;&nbsp;&nbsp; <strong>3\u00ba Pr\u00e9mio<\/strong>:\nVoucher de uma refei\u00e7\u00e3o para duas pessoas<\/p>\n\n\n\n<p><strong>19h00 &#8211; <\/strong>Lanche\najantarado<\/p>\n\n\n\n<p><strong>Sopa \u2013<\/strong> Caldo Verde<\/p>\n\n\n\n<p><strong>Prato Quente<\/strong> \u2013 Nacos de vitela com cenoura baby, arroz frito e\nbatata frita<\/p>\n\n\n\n<p>&nbsp;<strong>Sobremesa<\/strong> \u2013 Cheesecake morango e Salada de Frutas.<\/p>\n\n\n\n<p><strong>22h00 \u2013 <\/strong>Sa\u00edda do\nrestaurante, regresso \u00e0 \u00c1rea de Servi\u00e7o<\/p>\n\n\n\n<p><strong>Dia\n23 de Fevereiro de 2020<\/strong><\/p>\n\n\n\n<p><strong>10h00 \u2013<\/strong>\nAssembleia Geral para apresenta\u00e7\u00e3o do Relat\u00f3rio e Contas.<\/p>\n\n\n\n<p><strong>13h00 \u2013<\/strong> Almo\u00e7o\nno N\u00facleo Rural <strong>Comemora\u00e7\u00e3o\ndo 10\u00ba anivers\u00e1rio do CAI<\/strong><\/p>\n\n\n\n<p><strong>Ementa:<\/strong> Porco no espeto<\/p>\n\n\n\n<p><strong>Acompanhamentos:<\/strong> Arroz de feij\u00e3o, Migas de couve, batata frita\npala pala, p\u00e3o caseiro, broa de milho.<\/p>\n\n\n\n<p><strong>Bebidas:<\/strong> vinho tinto e branco, sumo de laranja,\ncerveja e \u00e1gua.<\/p>\n\n\n\n<p><strong>Sobremesa:<\/strong> Bolo de anivers\u00e1rio<\/p>\n\n\n\n<p>Pre\u00e7o por\nadulto S\u00f3cio- 25.00\u20ac <br>\nPre\u00e7o por adulto n\u00e3o S\u00f3cio \u2013 37,00\u20ac <br>\nPre\u00e7o crian\u00e7as dos 5 aos 10 &nbsp;anos &#8211; 12.00\u20ac<\/p>\n\n\n\n<p><strong>(Uma vez que se trata do Anivers\u00e1rio do Clube neste evento n\u00e3o h\u00e1 modalidade sem almo\u00e7o e sem jantar, para s\u00f3cios. <\/strong><\/p>\n\n\n\n<p><strong>Os n\u00e3o s\u00f3cios que n\u00e3o queiram estar no almo\u00e7o domingo pagam 29\u20ac. A diferen\u00e7a de pre\u00e7o est\u00e1 em que o almo\u00e7o de domingo \u00e9 oferta para os s\u00f3cios com cotas pagas de 2019)<\/strong><\/p>\n\n\n\n<p><strong>Todos as\nautocaravanas s\u00f3cias inscritas com cotas pagas de 2019 ter\u00e3o acesso a duas\nsenhas para o sorteio de tr\u00eas magn\u00edficos presentes<\/strong><\/p>\n\n\n\n<p>(Programa sujeito a\naltera\u00e7\u00f5es\u2026)<\/p>\n\n\n\n<p><br>\n<strong>PS: A todos os inscritos obrigatoriedade\nde cumprir as regras da pr\u00e1tica do autocaravanismo<\/strong><\/p>\n\n\n\n<p><\/p>\n\n\n\n<p><\/p>\n","protected":false},"excerpt":{"rendered":"<p>Dia 21 de Fevereiro de 2020 18h00 \u2013 Chegada dos participantes ao parque da \u00c1rea de servi\u00e7o de Coruche. &nbsp; Coordenadas:&nbsp; N 38\u00ba57&#8217;41&#8221; W 08\u00ba31&#8217;10&#8221;&nbsp; Dia 22 de Fevereiro de 2020 9H30 \u2013 Visita ao N\u00facleo Rural com algumas surpresas 12h30 \u2013 Sa\u00edda de autocarro para o Restaurante O Farnel, (quinta do monte da Barca &hellip; <a href=\"http:\/\/cai-autocaravanismo.pt\/?page_id=1146\" class=\"more-link\">Continuar a ler <span class=\"screen-reader-text\">10\u00ba Anivers\u00e1rio em Coruche<\/span><\/a><\/p>\n","protected":false},"author":1,"featured_media":0,"parent":344,"menu_order":51,"comment_status":"closed","ping_status":"closed","template":"","meta":{"footnotes":""},"class_list":["post-1146","page","type-page","status-publish","hentry"],"_links":{"self":[{"href":"http:\/\/cai-autocaravanismo.pt\/index.php?rest_route=\/wp\/v2\/pages\/1146","targetHints":{"allow":["GET"]}}],"collection":[{"href":"http:\/\/cai-autocaravanismo.pt\/index.php?rest_route=\/wp\/v2\/pages"}],"about":[{"href":"http:\/\/cai-autocaravanismo.pt\/index.php?rest_route=\/wp\/v2\/types\/page"}],"author":[{"embeddable":true,"href":"http:\/\/cai-autocaravanismo.pt\/index.php?rest_route=\/wp\/v2\/users\/1"}],"replies":[{"embeddable":true,"href":"http:\/\/cai-autocaravanismo.pt\/index.php?rest_route=%2Fwp%2Fv2%2Fcomments&post=1146"}],"version-history":[{"count":1,"href":"http:\/\/cai-autocaravanismo.pt\/index.php?rest_route=\/wp\/v2\/pages\/1146\/revisions"}],"predecessor-version":[{"id":1147,"href":"http:\/\/cai-autocaravanismo.pt\/index.php?rest_route=\/wp\/v2\/pages\/1146\/revisions\/1147"}],"up":[{"embeddable":true,"href":"http:\/\/cai-autocaravanismo.pt\/index.php?rest_route=\/wp\/v2\/pages\/344"}],"wp:attachment":[{"href":"http:\/\/cai-autocaravanismo.pt\/index.php?rest_route=%2Fwp%2Fv2%2Fmedia&parent=1146"}],"curies":[{"name":"wp","href":"https:\/\/api.w.org\/{rel}","templated":true}]}}