{"id":1118,"date":"2019-09-11T14:48:41","date_gmt":"2019-09-11T14:48:41","guid":{"rendered":"http:\/\/cai-autocaravanismo.pt\/?page_id=1118"},"modified":"2020-01-23T20:16:25","modified_gmt":"2020-01-23T20:16:25","slug":"cartaxo-pontevel","status":"publish","type":"page","link":"http:\/\/cai-autocaravanismo.pt\/?page_id=1118","title":{"rendered":"Cartaxo\/Pont\u00e9vel&#8230;"},"content":{"rendered":"\n<ul class=\"wp-block-gallery columns-1 is-cropped wp-block-gallery-1 is-layout-flex wp-block-gallery-is-layout-flex\"><li class=\"blocks-gallery-item\"><figure><img loading=\"lazy\" decoding=\"async\" width=\"360\" height=\"480\" src=\"http:\/\/cai-autocaravanismo.pt\/wp-content\/uploads\/2019\/09\/Cartaz-1.png\" alt=\"\" data-id=\"1123\" data-link=\"http:\/\/cai-autocaravanismo.pt\/?attachment_id=1123\" class=\"wp-image-1123\" srcset=\"http:\/\/cai-autocaravanismo.pt\/wp-content\/uploads\/2019\/09\/Cartaz-1.png 360w, http:\/\/cai-autocaravanismo.pt\/wp-content\/uploads\/2019\/09\/Cartaz-1-225x300.png 225w\" sizes=\"auto, (max-width: 360px) 100vw, 360px\" \/><\/figure><\/li><\/ul>\n\n\n\n<ul class=\"wp-block-gallery columns-0 is-cropped wp-block-gallery-2 is-layout-flex wp-block-gallery-is-layout-flex\"><\/ul>\n\n\n\n<ul class=\"wp-block-gallery columns-0 is-cropped wp-block-gallery-3 is-layout-flex wp-block-gallery-is-layout-flex\"><\/ul>\n\n\n\n<h2 class=\"wp-block-heading\"><\/h2>\n\n\n\n<p><strong>Dia\n27 de Setembro de 2019<\/strong><\/p>\n\n\n\n<p><strong>18h00<\/strong> \u2013 Chegada dos participantes ao Largo do Rio\nda Fonte, perto da praia Fluvial.<\/p>\n\n\n\n<p>&nbsp;<strong>Coordenadas:<\/strong>&nbsp; N 39\u00ba 08\u00b448\u00b4\u00b4 &#8211; W 8\u00ba 50\u00b427\u00b4\u00b4<\/p>\n\n\n\n<p><strong>Dia 28 de Setembro\nde 2019<\/strong><\/p>\n\n\n\n<p><strong>9h00 &#8211; <\/strong>Sa\u00edda\nde Autocarro para o Cartaxo<\/p>\n\n\n\n<p>Visita ao Museu Rural e do Vinho do\nCartaxo.<\/p>\n\n\n\n<p><strong>13h00 \u2013<\/strong>\nAlmo\u00e7o Livre<\/p>\n\n\n\n<p><strong>15h30<\/strong>\n\u2013 Prova de vinhos<\/p>\n\n\n\n<p><strong>19h00<\/strong>\n\u2013 Jantar na Casa do Povo de Pont\u00e9vel<\/p>\n\n\n\n<p><strong>Jantar: <\/strong>Entradas,\nTorricado<\/p>\n\n\n\n<p>Sopa: Caldo Verde<\/p>\n\n\n\n<p>Prato: Magusto com entrecosto<\/p>\n\n\n\n<p>Bebidas: \u00c1guas, vinhos, sumos e caf\u00e9<\/p>\n\n\n\n<p>Sobremesa <\/p>\n\n\n\n<p>Digestivos pagos \u00e0 parte<\/p>\n\n\n\n<p><strong>Espect\u00e1culo com\nanima\u00e7\u00e3o da Casa<\/strong><\/p>\n\n\n\n<p><strong>N\u00e3o podia faltar\na tradicional queimada.<\/strong><\/p>\n\n\n\n<p><strong>Dia\n29 de Setembro de 2019<\/strong><\/p>\n\n\n\n<p><strong>10h00<\/strong> &#8211; Visita pela vila de Pont\u00e9vel<\/p>\n\n\n\n<p>Seguido de uma nova experi\u00eancia para alguns,\nPisa da Uva (Aten\u00e7ao aos que querem participar nesta experi\u00eancia levarem\nCal\u00e7\u00f5es.)<\/p>\n\n\n\n<p><strong>13h00<\/strong> \u2013 Possibilidade de picnicai<\/p>\n\n\n\n<p>&nbsp;&nbsp;&nbsp;&nbsp;&nbsp;&nbsp;&nbsp;&nbsp;&nbsp;&nbsp;&nbsp;&nbsp;&nbsp;&nbsp;&nbsp; 1<\/p>\n\n\n\n<p>Pre\u00e7o por adulto S\u00f3cio- 16\u20ac<br>\nPre\u00e7o por adulto n\u00e3o S\u00f3cio \u2013 20\u20ac<br>\nPre\u00e7o crian\u00e7as dos 5 aos 12 anos\n\u2013 8\u20ac<\/p>\n\n\n\n<p>(Programa sujeito a\naltera\u00e7\u00f5es\u2026)<br>\n<strong>PS: A todos os inscritos obrigatoriedade\nde cumprir as regras da pr\u00e1tica do autocaravanismo<\/strong><\/p>\n\n\n\n<p><\/p>\n","protected":false},"excerpt":{"rendered":"<p>Dia 27 de Setembro de 2019 18h00 \u2013 Chegada dos participantes ao Largo do Rio da Fonte, perto da praia Fluvial. &nbsp;Coordenadas:&nbsp; N 39\u00ba 08\u00b448\u00b4\u00b4 &#8211; W 8\u00ba 50\u00b427\u00b4\u00b4 Dia 28 de Setembro de 2019 9h00 &#8211; Sa\u00edda de Autocarro para o Cartaxo Visita ao Museu Rural e do Vinho do Cartaxo. 13h00 \u2013 Almo\u00e7o &hellip; <a href=\"http:\/\/cai-autocaravanismo.pt\/?page_id=1118\" class=\"more-link\">Continuar a ler <span class=\"screen-reader-text\">Cartaxo\/Pont\u00e9vel&#8230;<\/span><\/a><\/p>\n","protected":false},"author":1,"featured_media":0,"parent":344,"menu_order":52,"comment_status":"closed","ping_status":"closed","template":"","meta":{"footnotes":""},"class_list":["post-1118","page","type-page","status-publish","hentry"],"_links":{"self":[{"href":"http:\/\/cai-autocaravanismo.pt\/index.php?rest_route=\/wp\/v2\/pages\/1118","targetHints":{"allow":["GET"]}}],"collection":[{"href":"http:\/\/cai-autocaravanismo.pt\/index.php?rest_route=\/wp\/v2\/pages"}],"about":[{"href":"http:\/\/cai-autocaravanismo.pt\/index.php?rest_route=\/wp\/v2\/types\/page"}],"author":[{"embeddable":true,"href":"http:\/\/cai-autocaravanismo.pt\/index.php?rest_route=\/wp\/v2\/users\/1"}],"replies":[{"embeddable":true,"href":"http:\/\/cai-autocaravanismo.pt\/index.php?rest_route=%2Fwp%2Fv2%2Fcomments&post=1118"}],"version-history":[{"count":2,"href":"http:\/\/cai-autocaravanismo.pt\/index.php?rest_route=\/wp\/v2\/pages\/1118\/revisions"}],"predecessor-version":[{"id":1125,"href":"http:\/\/cai-autocaravanismo.pt\/index.php?rest_route=\/wp\/v2\/pages\/1118\/revisions\/1125"}],"up":[{"embeddable":true,"href":"http:\/\/cai-autocaravanismo.pt\/index.php?rest_route=\/wp\/v2\/pages\/344"}],"wp:attachment":[{"href":"http:\/\/cai-autocaravanismo.pt\/index.php?rest_route=%2Fwp%2Fv2%2Fmedia&parent=1118"}],"curies":[{"name":"wp","href":"https:\/\/api.w.org\/{rel}","templated":true}]}}