{"id":1083,"date":"2018-03-23T16:07:09","date_gmt":"2018-03-23T16:07:09","guid":{"rendered":"http:\/\/cai-autocaravanismo.pt\/?page_id=1083"},"modified":"2020-01-23T20:13:36","modified_gmt":"2020-01-23T20:13:36","slug":"de-lorvao-a-penacova","status":"publish","type":"page","link":"http:\/\/cai-autocaravanismo.pt\/?page_id=1083","title":{"rendered":"De Lorv\u00e3o a Penacova&#8230;"},"content":{"rendered":"<p><a href=\"http:\/\/cai-autocaravanismo.pt\/wp-content\/uploads\/2018\/03\/Cartaz-lorv\u00e3o.jpg\"><img loading=\"lazy\" decoding=\"async\" class=\"aligncenter size-full wp-image-1084\" src=\"http:\/\/cai-autocaravanismo.pt\/wp-content\/uploads\/2018\/03\/Cartaz-lorv\u00e3o.jpg\" alt=\"Cartaz lorv\u00e3o\" width=\"360\" height=\"480\" srcset=\"http:\/\/cai-autocaravanismo.pt\/wp-content\/uploads\/2018\/03\/Cartaz-lorv\u00e3o.jpg 360w, http:\/\/cai-autocaravanismo.pt\/wp-content\/uploads\/2018\/03\/Cartaz-lorv\u00e3o-225x300.jpg 225w\" sizes=\"auto, (max-width: 360px) 100vw, 360px\" \/><\/a><\/p>\n<p>&nbsp;<\/p>\n<p><strong>Dia 20 de Abril de 2018<\/strong><\/p>\n<p><strong>18h00<\/strong> \u2013 Chegada dos participantes ao parque de mercados e feiras de Lorv\u00e3o.<\/p>\n<p><strong>Coordenadas:<\/strong><\/p>\n<p><strong>\u00a0<\/strong><\/p>\n<p><strong>Dia 21 de Abril de 2018<\/strong><\/p>\n<p><strong>9h30<\/strong> \u2013 Visita Guiada ao Mosteiro de Lorv\u00e3o<\/p>\n<p><strong>13h00 <\/strong>\u2013 Almo\u00e7o no Mosteiro, servido pela Quinta do Vale Pousado<\/p>\n<p>Ementa: <strong>Entradas<\/strong>: (nas mesas) azeitonas &#8211; pat\u00e9s &#8211; bolinhos de bacalhau &#8211; riss\u00f3is variados &#8211; croquetes<\/p>\n<p><strong>Sopa \u2013 <\/strong>\u00c1 Lavrador<\/p>\n<p><strong>Prato <\/strong>\u2013 Arroz de Pato \u00e0 antiga<\/p>\n<p><strong>Sobremesa<\/strong> \u2013 Pastel de Tent\u00fagal com morangos<\/p>\n<p><strong>Bebidas<\/strong> \u2013 Vinho tinto e branco, \u00e1gua, sumo, cerveja e caf\u00e9<\/p>\n<p><strong>15h30<\/strong> \u2013 Sa\u00edda de autocaravana para Visita aos Moinhos<\/p>\n<p><strong>18h00<\/strong> &#8211; Chegada \u00e0 \u00c1rea de Servi\u00e7o de Penacova.<\/p>\n<p>&#8211; Jantar Livre<\/p>\n<p>&nbsp;<\/p>\n<p><strong>Dia 22 de Abril de 2018<\/strong><\/p>\n<p><strong>10h00 \u2013<\/strong> Visita ao centro de Penacova<\/p>\n<p><strong>13h00 \u2013<\/strong> Picknicai no parque de merendas na zona da AS (Caso as condi\u00e7\u00f5es de tempo permitam)<\/p>\n<p>&nbsp;<\/p>\n<p>&nbsp;<\/p>\n<p>Pre\u00e7o por adulto S\u00f3cio com Almo\u00e7o- 18,50\u20ac<\/p>\n<p>Pre\u00e7o por adulto S\u00f3cio sem\u00a0 Almo\u00e7o- \u00a05,00\u20ac<br \/>\nPre\u00e7o por adulto n\u00e3o S\u00f3cio com Almo\u00e7o \u2013 22,50\u20ac<\/p>\n<p>Pre\u00e7o por adulto n\u00e3o S\u00f3cio sem Almo\u00e7o &#8211; \u00a09.00\u20ac<br \/>\nPre\u00e7o crian\u00e7as dos 5 aos 10 \u00a0anos &#8211; 9.00\u20ac<\/p>\n<p>(Programa sujeito a altera\u00e7\u00f5es\u2026)<br \/>\n<strong>PS: A todos os inscritos obrigatoriedade de cumprir as regras da pr\u00e1tica do autocaravanismo<\/strong><\/p>\n","protected":false},"excerpt":{"rendered":"<p>&nbsp; Dia 20 de Abril de 2018 18h00 \u2013 Chegada dos participantes ao parque de mercados e feiras de Lorv\u00e3o. Coordenadas: \u00a0 Dia 21 de Abril de 2018 9h30 \u2013 Visita Guiada ao Mosteiro de Lorv\u00e3o 13h00 \u2013 Almo\u00e7o no Mosteiro, servido pela Quinta do Vale Pousado Ementa: Entradas: (nas mesas) azeitonas &#8211; pat\u00e9s &#8211; &hellip; <a href=\"http:\/\/cai-autocaravanismo.pt\/?page_id=1083\" class=\"more-link\">Continuar a ler <span class=\"screen-reader-text\">De Lorv\u00e3o a Penacova&#8230;<\/span><\/a><\/p>\n","protected":false},"author":1,"featured_media":0,"parent":344,"menu_order":55,"comment_status":"open","ping_status":"closed","template":"","meta":{"footnotes":""},"class_list":["post-1083","page","type-page","status-publish","hentry"],"_links":{"self":[{"href":"http:\/\/cai-autocaravanismo.pt\/index.php?rest_route=\/wp\/v2\/pages\/1083","targetHints":{"allow":["GET"]}}],"collection":[{"href":"http:\/\/cai-autocaravanismo.pt\/index.php?rest_route=\/wp\/v2\/pages"}],"about":[{"href":"http:\/\/cai-autocaravanismo.pt\/index.php?rest_route=\/wp\/v2\/types\/page"}],"author":[{"embeddable":true,"href":"http:\/\/cai-autocaravanismo.pt\/index.php?rest_route=\/wp\/v2\/users\/1"}],"replies":[{"embeddable":true,"href":"http:\/\/cai-autocaravanismo.pt\/index.php?rest_route=%2Fwp%2Fv2%2Fcomments&post=1083"}],"version-history":[{"count":4,"href":"http:\/\/cai-autocaravanismo.pt\/index.php?rest_route=\/wp\/v2\/pages\/1083\/revisions"}],"predecessor-version":[{"id":1089,"href":"http:\/\/cai-autocaravanismo.pt\/index.php?rest_route=\/wp\/v2\/pages\/1083\/revisions\/1089"}],"up":[{"embeddable":true,"href":"http:\/\/cai-autocaravanismo.pt\/index.php?rest_route=\/wp\/v2\/pages\/344"}],"wp:attachment":[{"href":"http:\/\/cai-autocaravanismo.pt\/index.php?rest_route=%2Fwp%2Fv2%2Fmedia&parent=1083"}],"curies":[{"name":"wp","href":"https:\/\/api.w.org\/{rel}","templated":true}]}}