{"id":1069,"date":"2017-11-29T15:08:49","date_gmt":"2017-11-29T15:08:49","guid":{"rendered":"http:\/\/cai-autocaravanismo.pt\/?page_id=1069"},"modified":"2020-01-23T19:38:14","modified_gmt":"2020-01-23T19:38:14","slug":"1069-2","status":"publish","type":"page","link":"http:\/\/cai-autocaravanismo.pt\/?page_id=1069","title":{"rendered":"Passagem de ano do CAI"},"content":{"rendered":"<p><a href=\"http:\/\/cai-autocaravanismo.pt\/wp-content\/uploads\/2012\/11\/Cartaz.jpg\"><img loading=\"lazy\" decoding=\"async\" class=\"aligncenter size-full wp-image-1067\" src=\"http:\/\/cai-autocaravanismo.pt\/wp-content\/uploads\/2012\/11\/Cartaz.jpg\" alt=\"Cartaz\" width=\"360\" height=\"480\" srcset=\"http:\/\/cai-autocaravanismo.pt\/wp-content\/uploads\/2012\/11\/Cartaz.jpg 360w, http:\/\/cai-autocaravanismo.pt\/wp-content\/uploads\/2012\/11\/Cartaz-225x300.jpg 225w\" sizes=\"auto, (max-width: 360px) 100vw, 360px\" \/><\/a><\/p>\n<p><strong>Sexta\u00a0 29\/12\/2017<\/strong><\/p>\n<p><strong>18h00 \u2013 <\/strong>Chegada dos participantes \u00e0 Casa da Duna, Salir do Porto<\/p>\n<p><strong>Coordenadas: <\/strong>39.500031N\u00a0 -9.151507W<\/p>\n<p><strong>S\u00e1bado 30\/12\/2017<\/strong><\/p>\n<p>O dia de s\u00e1bado ser\u00e1 livre, com sala para fazer picknicai (Cada um leva as suas comidas) ao almo\u00e7o e jantar com m\u00fasica ambiente.<\/p>\n<p>Os participantes que tiverem jogos tradicionais podem levar para se poder efectuar alguns jogos.<\/p>\n<p><strong>Domingo 31\/12\/2017<\/strong><\/p>\n<p>O dia de Domingo ser\u00e1 livre, com sala para fazer picknicai (Cada um leva as suas comidas)\u00a0 ao almo\u00e7o.<\/p>\n<p>Alguns jogos tradicionais (se os participantes levarem alguns).<\/p>\n<p>Caso o tempo o permita poder\u00e1 se fazer umas caminhadas pela zona envolvente.<\/p>\n<p><strong>19h00 &#8211;<\/strong> Jantar de passagem se ano ser\u00e1 feito em modo picknicai (cada um leva as suas comidas e ser\u00e1 um jantar com partilha de doces como em outra ocasi\u00e3o fizemos).<\/p>\n<p><strong>Muito importante: Os participantes que queiram Leit\u00e3o assado com batata frita para o jantar, ter\u00e1 que ser feito a reserva.<\/strong><\/p>\n<p><strong>00h00 &#8211;<\/strong> ser\u00e1 servido champanhe, passas e caldo verde.<\/p>\n<p><strong>Segunda 01\/01\/2018<\/strong><\/p>\n<p>Almo\u00e7o com Picknicai<\/p>\n<p><strong>15h00 \u2013<\/strong> Despedida dos participantes<\/p>\n<p>&nbsp;<\/p>\n<p>Pre\u00e7os: 7\u20ac por pessoa (Sem luz) crian\u00e7as at\u00e9 aos 14 anos Gratuito.<\/p>\n<p>Para os participantes que na noite de domingo (Passagem de ano) quiserem Leit\u00e3o com batatas fritas: 17,50\u20ac por pessoa.<\/p>\n<p>Para quem tiver familiares que precisem de estadia, h\u00e1 quartos a 40\u20ac com pequeno almo\u00e7o inclu\u00eddo.<\/p>\n<p><strong>Pre\u00e7o para igual para todos os participantes.<\/strong><\/p>\n<p>(Programa sujeito a altera\u00e7\u00f5es\u2026)<br \/>\n<strong>PS: A todos os inscritos obrigatoriedade de cumprir as regras da pr\u00e1tica do autocaravanismo, A Direc\u00e7\u00e3o n\u00e3o se responsabiliza por qualquer incidente que decorra durante o evento.<\/strong><\/p>\n","protected":false},"excerpt":{"rendered":"<p>Sexta\u00a0 29\/12\/2017 18h00 \u2013 Chegada dos participantes \u00e0 Casa da Duna, Salir do Porto Coordenadas: 39.500031N\u00a0 -9.151507W S\u00e1bado 30\/12\/2017 O dia de s\u00e1bado ser\u00e1 livre, com sala para fazer picknicai (Cada um leva as suas comidas) ao almo\u00e7o e jantar com m\u00fasica ambiente. Os participantes que tiverem jogos tradicionais podem levar para se poder efectuar &hellip; <a href=\"http:\/\/cai-autocaravanismo.pt\/?page_id=1069\" class=\"more-link\">Continuar a ler <span class=\"screen-reader-text\">Passagem de ano do CAI<\/span><\/a><\/p>\n","protected":false},"author":1,"featured_media":0,"parent":344,"menu_order":57,"comment_status":"open","ping_status":"closed","template":"","meta":{"footnotes":""},"class_list":["post-1069","page","type-page","status-publish","hentry"],"_links":{"self":[{"href":"http:\/\/cai-autocaravanismo.pt\/index.php?rest_route=\/wp\/v2\/pages\/1069","targetHints":{"allow":["GET"]}}],"collection":[{"href":"http:\/\/cai-autocaravanismo.pt\/index.php?rest_route=\/wp\/v2\/pages"}],"about":[{"href":"http:\/\/cai-autocaravanismo.pt\/index.php?rest_route=\/wp\/v2\/types\/page"}],"author":[{"embeddable":true,"href":"http:\/\/cai-autocaravanismo.pt\/index.php?rest_route=\/wp\/v2\/users\/1"}],"replies":[{"embeddable":true,"href":"http:\/\/cai-autocaravanismo.pt\/index.php?rest_route=%2Fwp%2Fv2%2Fcomments&post=1069"}],"version-history":[{"count":2,"href":"http:\/\/cai-autocaravanismo.pt\/index.php?rest_route=\/wp\/v2\/pages\/1069\/revisions"}],"predecessor-version":[{"id":1071,"href":"http:\/\/cai-autocaravanismo.pt\/index.php?rest_route=\/wp\/v2\/pages\/1069\/revisions\/1071"}],"up":[{"embeddable":true,"href":"http:\/\/cai-autocaravanismo.pt\/index.php?rest_route=\/wp\/v2\/pages\/344"}],"wp:attachment":[{"href":"http:\/\/cai-autocaravanismo.pt\/index.php?rest_route=%2Fwp%2Fv2%2Fmedia&parent=1069"}],"curies":[{"name":"wp","href":"https:\/\/api.w.org\/{rel}","templated":true}]}}