{"id":1057,"date":"2017-08-24T08:37:52","date_gmt":"2017-08-24T08:37:52","guid":{"rendered":"http:\/\/cai-autocaravanismo.pt\/?page_id=1057"},"modified":"2020-01-23T19:37:58","modified_gmt":"2020-01-23T19:37:58","slug":"1057-2","status":"publish","type":"page","link":"http:\/\/cai-autocaravanismo.pt\/?page_id=1057","title":{"rendered":"Moita de Ferreiros, Bombarral e Lourinh\u00e3&#8230;"},"content":{"rendered":"<p><a href=\"http:\/\/cai-autocaravanismo.pt\/wp-content\/uploads\/2017\/08\/Cartaz.png\"><img loading=\"lazy\" decoding=\"async\" class=\"aligncenter size-full wp-image-1058\" src=\"http:\/\/cai-autocaravanismo.pt\/wp-content\/uploads\/2017\/08\/Cartaz.png\" alt=\"Cartaz\" width=\"360\" height=\"480\" srcset=\"http:\/\/cai-autocaravanismo.pt\/wp-content\/uploads\/2017\/08\/Cartaz.png 360w, http:\/\/cai-autocaravanismo.pt\/wp-content\/uploads\/2017\/08\/Cartaz-225x300.png 225w\" sizes=\"auto, (max-width: 360px) 100vw, 360px\" \/><\/a><\/p>\n<p><strong>Dia 22 de Setembro de 2017<\/strong><\/p>\n<p><strong>18h00<\/strong> \u2013 Chegada dos participantes \u00e0 Miseric\u00f3rdia de Moita de Ferreiros.<\/p>\n<p><strong>Coordenadas:<\/strong> N 39 14\u2019 54\u00ba W 009 13\u2019 24\u00ba<\/p>\n<p>&nbsp;<\/p>\n<p><strong>Dia 23 de Setembro de 2017<\/strong><\/p>\n<p><strong>8h00 \u2013 <\/strong>Visita do Padeiro<\/p>\n<p><strong>9h00 \u2013<\/strong> Sa\u00edda de autocarro para visita ao <strong>Bacalh\u00f4a Buddha Eden<\/strong><\/p>\n<p><strong>12h30 \u2013<\/strong> Regresso de Autocarro \u00e0s Autocaravanas<\/p>\n<p><strong>13h00<\/strong> &#8211; Almo\u00e7o livre\u00a0(pode ser feito picknicai na Miseric\u00f3dia)<\/p>\n<p><strong>15h00 &#8211; \u00a0<\/strong>Sa\u00edda de autocarro para visita a <strong>Moledo, Visita aos moinhos<\/strong>\u2026<\/p>\n<p><strong>17h30 &#8211; <\/strong>\u00a0Sa\u00edda de autocarro para regresso \u00e0s autocaravanas.<\/p>\n<p><strong>20h00 &#8211;<\/strong>\u00a0 Jantar Na sala da Miseric\u00f3rdia da Moita de Ferreiros ( Servido pelo restaurant Pio)<\/p>\n<p>(<strong>TEM QUE ESCOLHER UM PRATO E INFORMAR NA INSCRI\u00c7\u00c3O)<\/strong><\/p>\n<p><strong>Sopa de legumes<\/strong><\/p>\n<p><strong>Prato \u2013 <\/strong>Bacalhau com natas<strong> OU <\/strong>Entrecosto \u00e0 portugesa.<\/p>\n<p><strong>Bebidas:<\/strong> \u00c1gua, vinho, sumo, cerveja.<\/p>\n<p><span style=\"text-decoration: underline;\"><strong>O caf\u00e9 e digestivos s\u00e3o \u00e1 parte para ajuda da Colectividade<\/strong><\/span><\/p>\n<p>&nbsp;<\/p>\n<p><strong>Anima\u00e7\u00e3o Musical Com o grupo Gan-Onda<\/strong><\/p>\n<p>&nbsp;<\/p>\n<p><strong>Dia 24 de Setembro de 2017<\/strong><\/p>\n<p><strong>10h00 &#8211;<\/strong>\u00a0Visita guiada \u00e0 miseric\u00f3rdia<\/p>\n<p>Visita \u00e0 adega<\/p>\n<p><strong>13h00<\/strong>\u00a0&#8211; Almo\u00e7o livre com Picknicai na sala da Colectividade<\/p>\n<p>&nbsp;<\/p>\n<p>Pre\u00e7o por adulto S\u00f3cio- 23\u20ac<br \/>\nPre\u00e7o por adulto n\u00e3o S\u00f3cio \u2013 27\u20ac<br \/>\nPre\u00e7o crian\u00e7as dos 5 aos 14 anos \u2013 11\u20ac<\/p>\n<p>&nbsp;<\/p>\n<p><strong>\u00a0<\/strong><\/p>\n<p><strong>\u00a0<\/strong><\/p>\n<p><strong>(Programa sujeito a altera\u00e7\u00f5es\u2026)<\/strong><br \/>\n<strong>PS: A todos os inscritos obrigatoriedade de cumprir as regras da pr\u00e1tica do autocaravanismo<\/strong><\/p>\n","protected":false},"excerpt":{"rendered":"<p>Dia 22 de Setembro de 2017 18h00 \u2013 Chegada dos participantes \u00e0 Miseric\u00f3rdia de Moita de Ferreiros. Coordenadas: N 39 14\u2019 54\u00ba W 009 13\u2019 24\u00ba &nbsp; Dia 23 de Setembro de 2017 8h00 \u2013 Visita do Padeiro 9h00 \u2013 Sa\u00edda de autocarro para visita ao Bacalh\u00f4a Buddha Eden 12h30 \u2013 Regresso de Autocarro \u00e0s &hellip; <a href=\"http:\/\/cai-autocaravanismo.pt\/?page_id=1057\" class=\"more-link\">Continuar a ler <span class=\"screen-reader-text\">Moita de Ferreiros, Bombarral e Lourinh\u00e3&#8230;<\/span><\/a><\/p>\n","protected":false},"author":1,"featured_media":0,"parent":344,"menu_order":58,"comment_status":"open","ping_status":"closed","template":"","meta":{"footnotes":""},"class_list":["post-1057","page","type-page","status-publish","hentry"],"_links":{"self":[{"href":"http:\/\/cai-autocaravanismo.pt\/index.php?rest_route=\/wp\/v2\/pages\/1057","targetHints":{"allow":["GET"]}}],"collection":[{"href":"http:\/\/cai-autocaravanismo.pt\/index.php?rest_route=\/wp\/v2\/pages"}],"about":[{"href":"http:\/\/cai-autocaravanismo.pt\/index.php?rest_route=\/wp\/v2\/types\/page"}],"author":[{"embeddable":true,"href":"http:\/\/cai-autocaravanismo.pt\/index.php?rest_route=\/wp\/v2\/users\/1"}],"replies":[{"embeddable":true,"href":"http:\/\/cai-autocaravanismo.pt\/index.php?rest_route=%2Fwp%2Fv2%2Fcomments&post=1057"}],"version-history":[{"count":2,"href":"http:\/\/cai-autocaravanismo.pt\/index.php?rest_route=\/wp\/v2\/pages\/1057\/revisions"}],"predecessor-version":[{"id":1060,"href":"http:\/\/cai-autocaravanismo.pt\/index.php?rest_route=\/wp\/v2\/pages\/1057\/revisions\/1060"}],"up":[{"embeddable":true,"href":"http:\/\/cai-autocaravanismo.pt\/index.php?rest_route=\/wp\/v2\/pages\/344"}],"wp:attachment":[{"href":"http:\/\/cai-autocaravanismo.pt\/index.php?rest_route=%2Fwp%2Fv2%2Fmedia&parent=1057"}],"curies":[{"name":"wp","href":"https:\/\/api.w.org\/{rel}","templated":true}]}}