{"id":1040,"date":"2017-01-28T18:38:43","date_gmt":"2017-01-28T18:38:43","guid":{"rendered":"http:\/\/cai-autocaravanismo.pt\/?page_id=1040"},"modified":"2022-10-11T17:48:44","modified_gmt":"2022-10-11T17:48:44","slug":"7o-aniversario-do-cai-em-coruche","status":"publish","type":"page","link":"http:\/\/cai-autocaravanismo.pt\/?page_id=1040","title":{"rendered":"7\u00ba Anivers\u00e1rio do CAI em Coruche"},"content":{"rendered":"<p><a href=\"http:\/\/cai-autocaravanismo.pt\/wp-content\/uploads\/2012\/11\/cartaz2.jpg\"><img loading=\"lazy\" decoding=\"async\" class=\"aligncenter size-full wp-image-1038\" src=\"http:\/\/cai-autocaravanismo.pt\/wp-content\/uploads\/2012\/11\/cartaz2.jpg\" alt=\"cartaz\" width=\"665\" height=\"502\" srcset=\"http:\/\/cai-autocaravanismo.pt\/wp-content\/uploads\/2012\/11\/cartaz2.jpg 665w, http:\/\/cai-autocaravanismo.pt\/wp-content\/uploads\/2012\/11\/cartaz2-300x226.jpg 300w\" sizes=\"auto, (max-width: 665px) 100vw, 665px\" \/><\/a><\/p>\n<p><strong>Dia 03 de Mar\u00e7o de 2017<\/strong><\/p>\n<p><strong>18h00<\/strong> \u2013 Chegada dos participantes ao parque da \u00c1rea de servi\u00e7o &nbsp;de Coruche.<\/p>\n<p><strong>Coordenadas:<\/strong>&nbsp; <strong>N 38\u00ba57&#8217;41&#8221; W 08\u00ba31&#8217;10&#8221;&nbsp;<\/strong><\/p>\n<p><strong>Dia 4 de Mar\u00e7o de 2017<\/strong><\/p>\n<p><strong>Actividades da manh\u00e3 ainda a designar.<\/strong><\/p>\n<p><strong>11h30\/12h30<\/strong> \u2013 Sa\u00edda de Autocaravana ou autocarro (dependendo da log\u00edstica) para o Restaurante <strong>O Farnel<\/strong>, (quinta do monte da Barca em Coruche)<\/p>\n<p><strong>13h00 \u00e0s 23h00<\/strong> &#8211; Comemora\u00e7\u00e3o do 7\u00ba anivers\u00e1rio do CAI<\/p>\n<p><strong>13h00 <\/strong>\u2013 Almo\u00e7o no Restaurante O Farnel<\/p>\n<p>Ementa: <strong>Ante-pastos \u2013<\/strong> Febra e Cachola de Azeite e Vinagre.<\/p>\n<p><strong>Sopa \u2013<\/strong> Peixe.<\/p>\n<p><strong>Prato de Peixe<\/strong> \u2013 Bacalhau \u00e0 Farnel. Prato de Carne \u2013 Perna de Porco Assada no Forno.<\/p>\n<p><strong>Sobremesa<\/strong> \u2013 Arroz Doce e Salada de Frutas.<\/p>\n<p><strong>Bebidas<\/strong> \u2013 Vinhos da Regi\u00e3o, Cerveja, Sumos, \u00c1guas, Caf\u00e9 e Digestivos.<\/p>\n<p><strong>Bar aberto<\/strong><\/p>\n<p><strong>14h30<\/strong> \u2013 In\u00edcio do Baile com o conjunto: \u201cRitmo da noite II\u201d<\/p>\n<p>&#8211; Algumas Surpresas..<\/p>\n<p><strong>17h00<\/strong> \u2013 Partir o bolo de anivers\u00e1rio. (Este ano os S\u00f3cios v\u00e3o ter direito a uma prenda surpresa)<\/p>\n<p><strong>19h30<\/strong> \u2013 <strong>Lanche Ajantarado<\/strong><\/p>\n<p><strong>Sopa \u2013<\/strong> Legumes<\/p>\n<p><strong>Prato &#8211;<\/strong> Nacos de Vitela com Cogumelos.<\/p>\n<p><strong>Sobremesa<\/strong> \u2013 Pudim de Ovos e Salada de Frutas.<\/p>\n<p><strong>Bebidas:<\/strong> Vinho Tinto ou Branco, Cerveja, Sumos, Cola, \u00c1guas Minerais e Caf\u00e9.<\/p>\n<p><strong>20h30<\/strong> \u2013 Continua\u00e7\u00e3o do baile com: \u201cRitmo da noite II\u201d<\/p>\n<p>(Mais um ano a Direc\u00e7\u00e3o do CAI decidiu que o anivers\u00e1rio se destina ao conv\u00edvio entre participantes, com uma tarde\/noite de anima\u00e7\u00e3o.)<\/p>\n<p>&nbsp;<\/p>\n<p><strong>Dia 05 de Mar\u00e7o de 2017<\/strong><\/p>\n<p><strong>10h00 \u2013<\/strong> Assembleia Geral para apresenta\u00e7\u00e3o do Relat\u00f3rio e Contas.<\/p>\n<p><strong>13h00 \u2013<\/strong> Picknicai (Caso as condi\u00e7\u00f5es de tempo permitam, piquenique na \u00c1rea de Servi\u00e7o de Coruche)<\/p>\n<p>Pre\u00e7o por adulto S\u00f3cio- 24.00\u20ac<br \/>\nPre\u00e7o por adulto n\u00e3o S\u00f3cio \u2013 28,00\u20ac<br \/>\nPre\u00e7o crian\u00e7as dos 5 aos 13 &nbsp;anos &#8211; 11.00\u20ac<\/p>\n<p>(Programa sujeito a altera\u00e7\u00f5es\u2026)<br \/>\n<strong>PS: A todos os inscritos obrigatoriedade de cumprir as regras da pr\u00e1tica do autocaravanismo<\/strong><\/p>\n","protected":false},"excerpt":{"rendered":"<p>Dia 03 de Mar\u00e7o de 2017 18h00 \u2013 Chegada dos participantes ao parque da \u00c1rea de servi\u00e7o &nbsp;de Coruche. Coordenadas:&nbsp; N 38\u00ba57&#8217;41&#8221; W 08\u00ba31&#8217;10&#8221;&nbsp; Dia 4 de Mar\u00e7o de 2017 Actividades da manh\u00e3 ainda a designar. 11h30\/12h30 \u2013 Sa\u00edda de Autocaravana ou autocarro (dependendo da log\u00edstica) para o Restaurante O Farnel, (quinta do monte da &hellip; <a href=\"http:\/\/cai-autocaravanismo.pt\/?page_id=1040\" class=\"more-link\">Continuar a ler <span class=\"screen-reader-text\">7\u00ba Anivers\u00e1rio do CAI em Coruche<\/span><\/a><\/p>\n","protected":false},"author":1,"featured_media":0,"parent":344,"menu_order":61,"comment_status":"closed","ping_status":"closed","template":"","meta":{"footnotes":""},"class_list":["post-1040","page","type-page","status-publish","hentry"],"_links":{"self":[{"href":"http:\/\/cai-autocaravanismo.pt\/index.php?rest_route=\/wp\/v2\/pages\/1040","targetHints":{"allow":["GET"]}}],"collection":[{"href":"http:\/\/cai-autocaravanismo.pt\/index.php?rest_route=\/wp\/v2\/pages"}],"about":[{"href":"http:\/\/cai-autocaravanismo.pt\/index.php?rest_route=\/wp\/v2\/types\/page"}],"author":[{"embeddable":true,"href":"http:\/\/cai-autocaravanismo.pt\/index.php?rest_route=\/wp\/v2\/users\/1"}],"replies":[{"embeddable":true,"href":"http:\/\/cai-autocaravanismo.pt\/index.php?rest_route=%2Fwp%2Fv2%2Fcomments&post=1040"}],"version-history":[{"count":3,"href":"http:\/\/cai-autocaravanismo.pt\/index.php?rest_route=\/wp\/v2\/pages\/1040\/revisions"}],"predecessor-version":[{"id":1560,"href":"http:\/\/cai-autocaravanismo.pt\/index.php?rest_route=\/wp\/v2\/pages\/1040\/revisions\/1560"}],"up":[{"embeddable":true,"href":"http:\/\/cai-autocaravanismo.pt\/index.php?rest_route=\/wp\/v2\/pages\/344"}],"wp:attachment":[{"href":"http:\/\/cai-autocaravanismo.pt\/index.php?rest_route=%2Fwp%2Fv2%2Fmedia&parent=1040"}],"curies":[{"name":"wp","href":"https:\/\/api.w.org\/{rel}","templated":true}]}}